{"id":121,"date":"2015-07-18T09:28:32","date_gmt":"2015-07-18T09:28:32","guid":{"rendered":"http:\/\/oesteingenieria.com\/?page_id=121"},"modified":"2021-06-23T21:13:05","modified_gmt":"2021-06-23T21:13:05","slug":"servicios","status":"publish","type":"page","link":"https:\/\/oesteingenieria.com\/pt\/servicios\/","title":{"rendered":"Servi\u00e7os"},"content":{"rendered":"<p>[vc_row parallax_style=\u00bbnone\u00bb parallax_scroll_effect=\u00bbfixed\u00bb css=\u00bb.vc_custom_1437736819449{background-color: #f8f8f8 !important;}\u00bb][vc_column][vc_row_inner layout=\u00bbboxed\u00bb parallax_style=\u00bbnone\u00bb parallax_scroll_effect=\u00bbfixed\u00bb el_class=\u00bbmargin-top-100 margin-bottom-100&#8243;][vc_column_inner]\t\t\t<div\n\t\t\t\tclass=\"darna-heading style1 margin-bottom-25\" >\n\t\t\t\t\t\t\t\t\t<h2>O QUE FACEMOS<\/h2>\n\t\t\t\t\t\t\t\t\t\t\t\t\t<p>Engenharia de projetos rurais e florestais<\/p>\n\t\t\t\t\t\t\t<\/div>\n\t\t\t\t\t\t<div data-plugin-options='{&quot;navigation&quot;:true,&quot;pagination&quot;:false,&quot;singleItem&quot;:false,&quot;stopOnHover&quot;:false,&quot;autoHeight&quot;:false,&quot;autoPlay&quot;:true,&quot;items&quot;:4,&quot;itemsDesktop&quot;:[4],&quot;itemsDesktopSmall&quot;:[4],&quot;itemsTablet&quot;:[2],&quot;itemsTabletSmall&quot;:[2],&quot;itemsMobile&quot;:[1],&quot;itemsScaleUp&quot;:yes}'\n\t\t\t     class=\"darna-slider-container owl-carousel  \" >\n\t\t\t\t\t\t\t<div\n\t\t\t\tclass=\"darna-icon-box style2 \" >\n\t\t\t\t<a class=\"ibox-icon\" title=\"\"\n\t\t\t\t   target=\"_self\" href=\"#\">\n\t\t\t\t\t\t\t\t\t\t\t<i class=\"flaticon-control9\"><\/i>\n\t\t\t\t\t\t\t\t\t<\/a>\n\t\t\t\t\t\t\t\t\t<h3><a title=\"\" target=\"_self\"\n\t\t\t\t\t       href=\"#\">CONSULTORIA<\/a><\/h3>\n\t\t\t\t\t\t\t\t\t<p>Realizamos todo o tipo de consultoria para projetos relacionados com obras civis, meio ambiente, energias renov\u00e1veis, paisagismo, etc.<\/p>\n\t\t\t\t\t\t\t<\/div>\n\t\t\t\t\t\t<div\n\t\t\t\tclass=\"darna-icon-box style2 \" >\n\t\t\t\t<a class=\"ibox-icon\" title=\"\"\n\t\t\t\t   target=\"_self\" href=\"#\">\n\t\t\t\t\t\t\t\t\t\t\t<i class=\"flaticon-excavator\"><\/i>\n\t\t\t\t\t\t\t\t\t<\/a>\n\t\t\t\t\t\t\t\t\t<h3><a title=\"\" target=\"_self\"\n\t\t\t\t\t       href=\"#\">Obra Civis<\/a><\/h3>\n\t\t\t\t\t\t\t\t\t<p>Realizamos obras civis de natureza muito diversa.<\/p>\n\t\t\t\t\t\t\t<\/div>\n\t\t\t\t\t\t<div\n\t\t\t\tclass=\"darna-icon-box style2 \" >\n\t\t\t\t<a class=\"ibox-icon\" title=\"DESCORTI\u00c7AMENTOS\"\n\t\t\t\t   target=\"_self\" href=\"https:\/\/oesteingenieria.com\/pt\/descorticamentos\/\">\n\t\t\t\t\t\t\t\t\t\t\t<i class=\"flaticon-axe3\"><\/i>\n\t\t\t\t\t\t\t\t\t<\/a>\n\t\t\t\t\t\t\t\t\t<h3><a title=\"DESCORTI\u00c7AMENTOS\" target=\"_self\"\n\t\t\t\t\t       href=\"https:\/\/oesteingenieria.com\/pt\/descorticamentos\/\">Descorti\u00e7amentos<\/a><\/h3>\n\t\t\t\t\t\t\t\t\t<p>Tiramos anualmente muitas fazendas da corti\u00e7a, todos com o nosso pr\u00f3prio pessoal e meios<\/p>\n\t\t\t\t\t\t\t<\/div>\n\t\t\t\t\t\t<div\n\t\t\t\tclass=\"darna-icon-box style2 \" >\n\t\t\t\t<a class=\"ibox-icon\" title=\"\"\n\t\t\t\t   target=\"_self\" href=\"#\">\n\t\t\t\t\t\t\t\t\t\t\t<img src=\"https:\/\/oesteingenieria.com\/pt\/wp-content\/uploads\/2020\/04\/solar-panel.png\"\/>\n\t\t\t\t\t\t\t\t\t<\/a>\n\t\t\t\t\t\t\t\t\t<h3><a title=\"\" target=\"_self\"\n\t\t\t\t\t       href=\"#\">Energia Solar<\/a><\/h3>\n\t\t\t\t\t\t\t\t\t<p>Realizamos projetos de desenho, constru\u00e7\u00e3o e gest\u00e3o de obras de centrais fotovoltaicas.<\/p>\n\t\t\t\t\t\t\t<\/div>\n\t\t\t\t\t\t<div\n\t\t\t\tclass=\"darna-icon-box style2 \" >\n\t\t\t\t<a class=\"ibox-icon\" title=\"\"\n\t\t\t\t   target=\"_self\" href=\"#\">\n\t\t\t\t\t\t\t\t\t\t\t<i class=\"flaticon-leaf32\"><\/i>\n\t\t\t\t\t\t\t\t\t<\/a>\n\t\t\t\t\t\t\t\t\t<h3><a title=\"\" target=\"_self\"\n\t\t\t\t\t       href=\"#\">Meio ambiente<\/a><\/h3>\n\t\t\t\t\t\t\t\t\t<p>Somos refer\u00eancia em obras de adapta\u00e7\u00e3o ambiental.<\/p>\n\t\t\t\t\t\t\t<\/div>\n\t\t\t\t\t\t<div\n\t\t\t\tclass=\"darna-icon-box style2 \" >\n\t\t\t\t<a class=\"ibox-icon\" title=\"\"\n\t\t\t\t   target=\"_self\" href=\"#\">\n\t\t\t\t\t\t\t\t\t\t\t<i class=\"fa fa-barcode\"><\/i>\n\t\t\t\t\t\t\t\t\t<\/a>\n\t\t\t\t\t\t\t\t\t<h3><a title=\"\" target=\"_self\"\n\t\t\t\t\t       href=\"#\">RECINTOS<\/a><\/h3>\n\t\t\t\t\t\t\t\t\t<p>Fabricamos todos os tipos de recintos e coutadas de ca\u00e7a para a gest\u00e3o da vida selvagem e de propriedades pecu\u00e1rias<\/p>\n\t\t\t\t\t\t\t<\/div>\n\t\t\t\t\t\t<\/div>\n\t\t\t[\/vc_column_inner][\/vc_row_inner][\/vc_column][\/vc_row][vc_row parallax=\u00bbcontent-moving\u00bb overlay_set=\u00bbshow_overlay_color\u00bb overlay_color=\u00bb#000000&#8243; overlay_opacity=\u00bb75&#8243; parallax_style=\u00bbvertical-parallax\u00bb parallax_scroll_effect=\u00bbfixed\u00bb css=\u00bb.vc_custom_1444121608521{background-image: url(http:\/\/oesteingenieria.com\/wp-content\/uploads\/2015\/07\/bg-process.jpg?id=267) !important;}\u00bb][vc_column][vc_row_inner layout=\u00bbboxed\u00bb parallax_style=\u00bbnone\u00bb parallax_scroll_effect=\u00bbfixed\u00bb el_class=\u00bbmargin-bottom-100 margin-top-100&#8243;][vc_column_inner el_class=\u00bbcol-md-3 col-sm-12 col-xs-12&#8243; width=\u00bb1\/4&#8243;]\t\t\t<div\n\t\t\t\tclass=\"darna-process style1  \" >\n\t\t\t\t\t\t\t\t\t\t\t\t\t<h3>01\t\t\t\t\t\t\t<i class=\"fa fa-long-arrow-right\"><\/i>\n\t\t\t\t\t\t\t\t\t\t\t<\/h3>\n\t\t\t\t\t\t\t\t\t\t\t\t\t<h2>\n\t\t\t\t\t\t<a target=\"_self\"\n\t\t\t\t\t\t   href=\"#\">AN\u00c1LISE<\/a>\n\t\t\t\t\t<\/h2>\n\t\t\t\t\t\t\t\t\t<p>Estudamos suas necessidades em profundidade para ter certeza de contemplar todos os cen\u00e1rios poss\u00edveis<\/p>\n\t\t\t\t\t\t\t<\/div>\n\t\t\t[\/vc_column_inner][vc_column_inner el_class=\u00bbcol-md-3 col-sm-12 col-xs-12&#8243; width=\u00bb1\/4&#8243;]\t\t\t<div\n\t\t\t\tclass=\"darna-process style1  \" >\n\t\t\t\t\t\t\t\t\t\t\t\t\t<h3>02\t\t\t\t\t\t\t<i class=\"fa fa-long-arrow-right\"><\/i>\n\t\t\t\t\t\t\t\t\t\t\t<\/h3>\n\t\t\t\t\t\t\t\t\t\t\t\t\t<h2>\n\t\t\t\t\t\t<a target=\"_self\"\n\t\t\t\t\t\t   href=\"#\">PROJETO<\/a>\n\t\t\t\t\t<\/h2>\n\t\t\t\t\t\t\t\t\t<p>Desenhamos a melhor solu\u00e7\u00e3o adaptada \u00e0s suas necessidades<\/p>\n\t\t\t\t\t\t\t<\/div>\n\t\t\t[\/vc_column_inner][vc_column_inner el_class=\u00bbcol-md-3 col-sm-12 col-xs-12&#8243; width=\u00bb1\/4&#8243;]\t\t\t<div\n\t\t\t\tclass=\"darna-process style1  \" >\n\t\t\t\t\t\t\t\t\t\t\t\t\t<h3>03\t\t\t\t\t\t\t<i class=\"fa fa-long-arrow-right\"><\/i>\n\t\t\t\t\t\t\t\t\t\t\t<\/h3>\n\t\t\t\t\t\t\t\t\t\t\t\t\t<h2>\n\t\t\t\t\t\t<a target=\"_self\"\n\t\t\t\t\t\t   href=\"#\">EXECU\u00c7\u00c3O<\/a>\n\t\t\t\t\t<\/h2>\n\t\t\t\t\t\t\t\t\t<p>Realizamos a execu\u00e7\u00e3o das obras, instala\u00e7\u00f5es e orienta\u00e7\u00f5es t\u00e9cnicas dentro dos prazos e cumprindo os marcos definidos, contando com a melhor equipa t\u00e9cnica poss\u00edvel.<\/p>\n\t\t\t\t\t\t\t<\/div>\n\t\t\t[\/vc_column_inner][vc_column_inner el_class=\u00bbcol-md-3 col-sm-12 col-xs-12&#8243; width=\u00bb1\/4&#8243;]\t\t\t<div\n\t\t\t\tclass=\"darna-process style1  \" >\n\t\t\t\t\t\t\t\t\t\t\t\t\t<h3>04\t\t\t\t\t<\/h3>\n\t\t\t\t\t\t\t\t\t\t\t\t\t<h2>\n\t\t\t\t\t\t<a target=\"_self\"\n\t\t\t\t\t\t   href=\"#\">ENTREGA<\/a>\n\t\t\t\t\t<\/h2>\n\t\t\t\t\t\t\t\t\t<p>Nossos projetos s\u00e3o entregues com garantias. A satisfa\u00e7\u00e3o de nossos clientes \u00e9 uma m\u00e1xima na Oeste Ingenier\u00eda<\/p>\n\t\t\t\t\t\t\t<\/div>\n\t\t\t[\/vc_column_inner][\/vc_row_inner][\/vc_column][\/vc_row][vc_row parallax_style=\u00bbnone\u00bb parallax_scroll_effect=\u00bbfixed\u00bb css=\u00bb.vc_custom_1438058497225{background-image: url(http:\/\/oesteingenieria.com\/wp-content\/uploads\/2015\/07\/bg.jpg?id=624) !important;background-position: 0 0 !important;background-repeat: repeat !important;}\u00bb][vc_column width=\u00bb1\/3&#8243;]\t\t\t<div class=\"darna-counter \">\n\t\t\t\t\t\t\t\t\t<span class=\"display-percentage\" style=\"color: \"\n\t\t\t\t\t\t  data-percentage=\"12\">12<\/span>\n\t\t\t\t\t\t\t\t\t\t\t<p class=\"counter-title\" style=\"color: \">PROJETOS ENTREGUES<\/p>\n\t\t\t\t\t\t\t\t<\/div>\n\t\t\t[\/vc_column][vc_column width=\u00bb1\/3&#8243;]\t\t\t<div class=\"darna-counter \">\n\t\t\t\t\t\t\t\t\t<span class=\"display-percentage\" style=\"color: \"\n\t\t\t\t\t\t  data-percentage=\"9\">9<\/span>\n\t\t\t\t\t\t\t\t\t\t\t<p class=\"counter-title\" style=\"color: \">TRABALHADORES<\/p>\n\t\t\t\t\t\t\t\t<\/div>\n\t\t\t[\/vc_column][vc_column width=\u00bb1\/3&#8243;]\t\t\t<div class=\"darna-counter \">\n\t\t\t\t\t\t\t\t\t<span class=\"display-percentage\" style=\"color: \"\n\t\t\t\t\t\t  data-percentage=\"24\">24<\/span>\n\t\t\t\t\t\t\t\t\t\t\t<p class=\"counter-title\" style=\"color: \">CLIENTES SATISFEITOS<\/p>\n\t\t\t\t\t\t\t\t<\/div>\n\t\t\t[\/vc_column][\/vc_row]<\/p>\n","protected":false},"excerpt":{"rendered":"<p>[vc_row parallax_style=\u00bbnone\u00bb parallax_scroll_effect=\u00bbfixed\u00bb css=\u00bb.vc_custom_1437736819449{background-color: #f8f8f8 !important;}\u00bb][vc_column][vc_row_inner layout=\u00bbboxed\u00bb parallax_style=\u00bbnone\u00bb parallax_scroll_effect=\u00bbfixed\u00bb el_class=\u00bbmargin-top-100 margin-bottom-100&#8243;][vc_column_inner][\/vc_column_inner][\/vc_row_inner][\/vc_column][\/vc_row][vc_row parallax=\u00bbcontent-moving\u00bb overlay_set=\u00bbshow_overlay_color\u00bb overlay_color=\u00bb#000000&#8243; overlay_opacity=\u00bb75&#8243; parallax_style=\u00bbvertical-parallax\u00bb parallax_scroll_effect=\u00bbfixed\u00bb css=\u00bb.vc_custom_1444121608521{background-image: url(http:\/\/oesteingenieria.com\/wp-content\/uploads\/2015\/07\/bg-process.jpg?id=267) !important;}\u00bb][vc_column][vc_row_inner layout=\u00bbboxed\u00bb parallax_style=\u00bbnone\u00bb parallax_scroll_effect=\u00bbfixed\u00bb el_class=\u00bbmargin-bottom-100 margin-top-100&#8243;][vc_column_inner el_class=\u00bbcol-md-3 col-sm-12 col-xs-12&#8243; width=\u00bb1\/4&#8243;][\/vc_column_inner][vc_column_inner el_class=\u00bbcol-md-3 col-sm-12 col-xs-12&#8243; width=\u00bb1\/4&#8243;][\/vc_column_inner][vc_column_inner el_class=\u00bbcol-md-3 col-sm-12 col-xs-12&#8243; width=\u00bb1\/4&#8243;][\/vc_column_inner][vc_column_inner el_class=\u00bbcol-md-3 col-sm-12 col-xs-12&#8243; width=\u00bb1\/4&#8243;][\/vc_column_inner][\/vc_row_inner][\/vc_column][\/vc_row][vc_row parallax_style=\u00bbnone\u00bb parallax_scroll_effect=\u00bbfixed\u00bb css=\u00bb.vc_custom_1438058497225{background-image: url(http:\/\/oesteingenieria.com\/wp-content\/uploads\/2015\/07\/bg.jpg?id=624) !important;background-position: 0 0 !important;background-repeat: repeat !important;}\u00bb][vc_column width=\u00bb1\/3&#8243;][\/vc_column][vc_column width=\u00bb1\/3&#8243;][\/vc_column][vc_column width=\u00bb1\/3&#8243;][\/vc_column][\/vc_row]<\/p>\n","protected":false},"author":1,"featured_media":0,"parent":0,"menu_order":0,"comment_status":"closed","ping_status":"closed","template":"","meta":[],"yoast_head":"<!-- This site is optimized with the Yoast SEO plugin v17.3 - https:\/\/yoast.com\/wordpress\/plugins\/seo\/ -->\n<title>Oeste Ingenier\u00eda - Engenharia de projetos rurais e florestais<\/title>\n<meta name=\"description\" content=\"Oeste Ingenier\u00eda. Engenharia e consultoria de projetos civis, rurais e florestais. Recintos e descorti\u00e7amentos.\" \/>\n<meta name=\"robots\" content=\"index, follow, max-snippet:-1, max-image-preview:large, max-video-preview:-1\" \/>\n<link rel=\"canonical\" href=\"https:\/\/oesteingenieria.com\/pt\/servicios\/\" \/>\n<meta property=\"og:locale\" content=\"es_ES\" \/>\n<meta property=\"og:type\" content=\"article\" \/>\n<meta property=\"og:title\" content=\"Oeste Ingenier\u00eda - Engenharia de projetos rurais e florestais\" \/>\n<meta property=\"og:description\" content=\"Oeste Ingenier\u00eda. Engenharia e consultoria de projetos civis, rurais e florestais. Recintos e descorti\u00e7amentos.\" \/>\n<meta property=\"og:url\" content=\"https:\/\/oesteingenieria.com\/pt\/servicios\/\" \/>\n<meta property=\"og:site_name\" content=\"Oeste Ingenier\u00eda\" \/>\n<meta property=\"article:modified_time\" content=\"2021-06-23T21:13:05+00:00\" \/>\n<meta property=\"og:image\" content=\"https:\/\/oesteingenieria.com\/pt\/wp-content\/uploads\/2021\/06\/descorche-oeste.jpg\" \/>\n\t<meta property=\"og:image:width\" content=\"1000\" \/>\n\t<meta property=\"og:image:height\" content=\"750\" \/>\n<meta name=\"twitter:card\" content=\"summary_large_image\" \/>\n<meta name=\"twitter:site\" content=\"@OesteIngenieria\" \/>\n<meta name=\"twitter:label1\" content=\"Tiempo de lectura\" \/>\n\t<meta name=\"twitter:data1\" content=\"2 minutos\" \/>\n<script type=\"application\/ld+json\" class=\"yoast-schema-graph\">{\"@context\":\"https:\/\/schema.org\",\"@graph\":[{\"@type\":\"Organization\",\"@id\":\"https:\/\/oesteingenieria.com\/pt\/#organization\",\"name\":\"Oeste Ingenier\\u00eda\",\"url\":\"https:\/\/oesteingenieria.com\/pt\/\",\"sameAs\":[\"https:\/\/twitter.com\/OesteIngenieria\"],\"logo\":{\"@type\":\"ImageObject\",\"@id\":\"https:\/\/oesteingenieria.com\/pt\/#logo\",\"inLanguage\":\"es\",\"url\":\"https:\/\/oesteingenieria.com\/pt\/wp-content\/uploads\/2020\/04\/logo_xhdpi.png\",\"contentUrl\":\"https:\/\/oesteingenieria.com\/pt\/wp-content\/uploads\/2020\/04\/logo_xhdpi.png\",\"width\":520,\"height\":340,\"caption\":\"Oeste Ingenier\\u00eda\"},\"image\":{\"@id\":\"https:\/\/oesteingenieria.com\/pt\/#logo\"}},{\"@type\":\"WebSite\",\"@id\":\"https:\/\/oesteingenieria.com\/pt\/#website\",\"url\":\"https:\/\/oesteingenieria.com\/pt\/\",\"name\":\"Oeste Engenharia - Projetos rurais e florestais\",\"description\":\"Engenharia florestal, civil e rural. Projetos com energia.\",\"publisher\":{\"@id\":\"https:\/\/oesteingenieria.com\/pt\/#organization\"},\"potentialAction\":[{\"@type\":\"SearchAction\",\"target\":{\"@type\":\"EntryPoint\",\"urlTemplate\":\"https:\/\/oesteingenieria.com\/pt\/?s={search_term_string}\"},\"query-input\":\"required name=search_term_string\"}],\"inLanguage\":\"es\"},{\"@type\":\"WebPage\",\"@id\":\"https:\/\/oesteingenieria.com\/pt\/servicios\/#webpage\",\"url\":\"https:\/\/oesteingenieria.com\/pt\/servicios\/\",\"name\":\"Oeste Ingenier\\u00eda - Engenharia de projetos rurais e florestais\",\"isPartOf\":{\"@id\":\"https:\/\/oesteingenieria.com\/pt\/#website\"},\"datePublished\":\"2015-07-18T09:28:32+00:00\",\"dateModified\":\"2021-06-23T21:13:05+00:00\",\"description\":\"Oeste Ingenier\\u00eda. Engenharia e consultoria de projetos civis, rurais e florestais. Recintos e descorti\\u00e7amentos.\",\"breadcrumb\":{\"@id\":\"https:\/\/oesteingenieria.com\/pt\/servicios\/#breadcrumb\"},\"inLanguage\":\"es\",\"potentialAction\":[{\"@type\":\"ReadAction\",\"target\":[\"https:\/\/oesteingenieria.com\/pt\/servicios\/\"]}]},{\"@type\":\"BreadcrumbList\",\"@id\":\"https:\/\/oesteingenieria.com\/pt\/servicios\/#breadcrumb\",\"itemListElement\":[{\"@type\":\"ListItem\",\"position\":1,\"name\":\"Portada\",\"item\":\"https:\/\/oesteingenieria.com\/pt\/\"},{\"@type\":\"ListItem\",\"position\":2,\"name\":\"Servi\\u00e7os\"}]}]}<\/script>\n<!-- \/ Yoast SEO plugin. -->","yoast_head_json":{"title":"Oeste Ingenier\u00eda - Engenharia de projetos rurais e florestais","description":"Oeste Ingenier\u00eda. Engenharia e consultoria de projetos civis, rurais e florestais. Recintos e descorti\u00e7amentos.","robots":{"index":"index","follow":"follow","max-snippet":"max-snippet:-1","max-image-preview":"max-image-preview:large","max-video-preview":"max-video-preview:-1"},"canonical":"https:\/\/oesteingenieria.com\/pt\/servicios\/","og_locale":"es_ES","og_type":"article","og_title":"Oeste Ingenier\u00eda - Engenharia de projetos rurais e florestais","og_description":"Oeste Ingenier\u00eda. Engenharia e consultoria de projetos civis, rurais e florestais. Recintos e descorti\u00e7amentos.","og_url":"https:\/\/oesteingenieria.com\/pt\/servicios\/","og_site_name":"Oeste Ingenier\u00eda","article_modified_time":"2021-06-23T21:13:05+00:00","og_image":[{"width":1000,"height":750,"url":"https:\/\/oesteingenieria.com\/pt\/wp-content\/uploads\/2021\/06\/descorche-oeste.jpg","type":"image\/jpeg"}],"twitter_card":"summary_large_image","twitter_site":"@OesteIngenieria","twitter_misc":{"Tiempo de lectura":"2 minutos"},"schema":{"@context":"https:\/\/schema.org","@graph":[{"@type":"Organization","@id":"https:\/\/oesteingenieria.com\/pt\/#organization","name":"Oeste Ingenier\u00eda","url":"https:\/\/oesteingenieria.com\/pt\/","sameAs":["https:\/\/twitter.com\/OesteIngenieria"],"logo":{"@type":"ImageObject","@id":"https:\/\/oesteingenieria.com\/pt\/#logo","inLanguage":"es","url":"https:\/\/oesteingenieria.com\/pt\/wp-content\/uploads\/2020\/04\/logo_xhdpi.png","contentUrl":"https:\/\/oesteingenieria.com\/pt\/wp-content\/uploads\/2020\/04\/logo_xhdpi.png","width":520,"height":340,"caption":"Oeste Ingenier\u00eda"},"image":{"@id":"https:\/\/oesteingenieria.com\/pt\/#logo"}},{"@type":"WebSite","@id":"https:\/\/oesteingenieria.com\/pt\/#website","url":"https:\/\/oesteingenieria.com\/pt\/","name":"Oeste Engenharia - Projetos rurais e florestais","description":"Engenharia florestal, civil e rural. Projetos com energia.","publisher":{"@id":"https:\/\/oesteingenieria.com\/pt\/#organization"},"potentialAction":[{"@type":"SearchAction","target":{"@type":"EntryPoint","urlTemplate":"https:\/\/oesteingenieria.com\/pt\/?s={search_term_string}"},"query-input":"required name=search_term_string"}],"inLanguage":"es"},{"@type":"WebPage","@id":"https:\/\/oesteingenieria.com\/pt\/servicios\/#webpage","url":"https:\/\/oesteingenieria.com\/pt\/servicios\/","name":"Oeste Ingenier\u00eda - Engenharia de projetos rurais e florestais","isPartOf":{"@id":"https:\/\/oesteingenieria.com\/pt\/#website"},"datePublished":"2015-07-18T09:28:32+00:00","dateModified":"2021-06-23T21:13:05+00:00","description":"Oeste Ingenier\u00eda. Engenharia e consultoria de projetos civis, rurais e florestais. Recintos e descorti\u00e7amentos.","breadcrumb":{"@id":"https:\/\/oesteingenieria.com\/pt\/servicios\/#breadcrumb"},"inLanguage":"es","potentialAction":[{"@type":"ReadAction","target":["https:\/\/oesteingenieria.com\/pt\/servicios\/"]}]},{"@type":"BreadcrumbList","@id":"https:\/\/oesteingenieria.com\/pt\/servicios\/#breadcrumb","itemListElement":[{"@type":"ListItem","position":1,"name":"Portada","item":"https:\/\/oesteingenieria.com\/pt\/"},{"@type":"ListItem","position":2,"name":"Servi\u00e7os"}]}]}},"_links":{"self":[{"href":"https:\/\/oesteingenieria.com\/pt\/wp-json\/wp\/v2\/pages\/121"}],"collection":[{"href":"https:\/\/oesteingenieria.com\/pt\/wp-json\/wp\/v2\/pages"}],"about":[{"href":"https:\/\/oesteingenieria.com\/pt\/wp-json\/wp\/v2\/types\/page"}],"author":[{"embeddable":true,"href":"https:\/\/oesteingenieria.com\/pt\/wp-json\/wp\/v2\/users\/1"}],"replies":[{"embeddable":true,"href":"https:\/\/oesteingenieria.com\/pt\/wp-json\/wp\/v2\/comments?post=121"}],"version-history":[{"count":18,"href":"https:\/\/oesteingenieria.com\/pt\/wp-json\/wp\/v2\/pages\/121\/revisions"}],"predecessor-version":[{"id":1227,"href":"https:\/\/oesteingenieria.com\/pt\/wp-json\/wp\/v2\/pages\/121\/revisions\/1227"}],"wp:attachment":[{"href":"https:\/\/oesteingenieria.com\/pt\/wp-json\/wp\/v2\/media?parent=121"}],"curies":[{"name":"wp","href":"https:\/\/api.w.org\/{rel}","templated":true}]}}