{"id":115,"date":"2015-07-18T09:24:26","date_gmt":"2015-07-18T09:24:26","guid":{"rendered":"http:\/\/oesteingenieria.com\/?page_id=115"},"modified":"2021-06-24T06:35:35","modified_gmt":"2021-06-24T06:35:35","slug":"o-negocio","status":"publish","type":"page","link":"https:\/\/oesteingenieria.com\/pt\/o-negocio\/","title":{"rendered":"O neg\u00f3cio"},"content":{"rendered":"<p>[vc_row layout=\u00bbboxed\u00bb parallax_style=\u00bbnone\u00bb parallax_scroll_effect=\u00bbfixed\u00bb el_class=\u00bbmargin-bottom-100&#8243;][vc_column width=\u00bb1\/2&#8243; el_class=\u00bbcol-md-6 col-sm-12&#8243;][vc_row_inner parallax_style=\u00bbnone\u00bb parallax_scroll_effect=\u00bbfixed\u00bb el_class=\u00bbdarna-single-image-style\u00bb][vc_column_inner width=\u00bb1\/2&#8243;][vc_single_image image=\u00bb974&#8243; img_size=\u00bbfull\u00bb alignment=\u00bbcenter\u00bb el_class=\u00bbdarna-single-image-style xs-margin-bottom-15&#8243;][\/vc_column_inner][vc_column_inner width=\u00bb1\/2&#8243;][vc_single_image image=\u00bb976&#8243; img_size=\u00bbfull\u00bb alignment=\u00bbcenter\u00bb css=\u00bb.vc_custom_1587322016858{margin-bottom: 18px !important;}\u00bb el_class=\u00bbdarna-single-image-style\u00bb][vc_single_image image=\u00bb1170&#8243; img_size=\u00bbfull\u00bb alignment=\u00bbcenter\u00bb el_class=\u00bbdarna-single-image-style xs-margin-bottom-15&#8243;][\/vc_column_inner][\/vc_row_inner][\/vc_column][vc_column width=\u00bb1\/2&#8243; el_class=\u00bbcol-md-6 col-sm-12&#8243;]\t\t\t<div\n\t\t\t\tclass=\"darna-icon-box style3 \" >\n\t\t\t\t<a class=\"ibox-icon\" title=\"\"\n\t\t\t\t   target=\"_self\" href=\"#\">\n\t\t\t\t\t\t\t\t\t\t\t<i class=\"flaticon-toolbox3\"><\/i>\n\t\t\t\t\t\t\t\t\t<\/a>\n\t\t\t\t\t\t\t\t\t<h3><a title=\"\" target=\"_self\"\n\t\t\t\t\t       href=\"#\">Oeste Ingenier\u00eda<\/a><\/h3>\n\t\t\t\t\t\t\t\t\t<p>Somos uma empresa de Extremadura com sede em C\u00e1ceres, de onde prestamos um servi\u00e7o global a todo o territ\u00f3rio.<br \/>\nRealizamos uma grande variedade de servi\u00e7os, colocando a engenharia ao servi\u00e7o do ambiente e das energias renov\u00e1veis.<br \/>\nRealizamos todos os tipos de projetos relacionados com:<\/p>\n\t\t\t\t\t\t\t<\/div>\n\t\t\t[vc_row_inner parallax_style=\u00bbnone\u00bb parallax_scroll_effect=\u00bbfixed\u00bb el_class=\u00bbdarna-list-style\u00bb css=\u00bb.vc_custom_1437814928621{margin-top: 9px !important;margin-bottom: 38px !important;}\u00bb][vc_column_inner width=\u00bb1\/2&#8243;][vc_column_text]<\/p>\n<ul>\n<li>Consultoria e Engenharia para obras civis<\/li>\n<li>Consultoria e Engenharia para obras rurais<\/li>\n<li>Recintos<\/li>\n<li>Consultoria do Meio ambiente<\/li>\n<li>Descoti\u00e7amentos<\/li>\n<li>Pegada de carbono<\/li>\n<\/ul>\n<p>[\/vc_column_text][\/vc_column_inner][vc_column_inner width=\u00bb1\/2&#8243;][vc_column_text]<\/p>\n<ul>\n<li>Energia renovais<\/li>\n<li>Tecnologias da informa\u00e7\u00e3o e comunica\u00e7\u00e3o<\/li>\n<li>Paisagismo e paredes verdes.<\/li>\n<\/ul>\n<p>[\/vc_column_text][\/vc_column_inner][\/vc_row_inner][\/vc_column][\/vc_row][vc_row parallax_style=\u00bbnone\u00bb parallax_scroll_effect=\u00bbfixed\u00bb css=\u00bb.vc_custom_1624463901515{margin-bottom: 60px !important;background-image: url(https:\/\/oesteingenieria.com\/pt\/wp-content\/uploads\/2015\/10\/bg-counter.jpg?id=785) !important;background-position: center !important;background-repeat: no-repeat !important;background-size: cover !important;}\u00bb][vc_column][vc_row_inner layout=\u00bbboxed\u00bb parallax_style=\u00bbnone\u00bb parallax_scroll_effect=\u00bbfixed\u00bb][vc_column_inner el_class=\u00bbcol-md-3 col-sm-6 col-xs-12&#8243; width=\u00bb1\/3&#8243;]\t\t\t<div class=\"darna-counter \">\n\t\t\t\t\t\t\t\t\t<span class=\"display-percentage\" style=\"color: #ffffff\"\n\t\t\t\t\t\t  data-percentage=\"56\">56<\/span>\n\t\t\t\t\t\t\t\t\t\t\t<p class=\"counter-title\" style=\"color: \">PROJETOS COMPLETOS<\/p>\n\t\t\t\t\t\t\t\t<\/div>\n\t\t\t[\/vc_column_inner][vc_column_inner width=\u00bb1\/3&#8243;]\t\t\t<div class=\"darna-counter \">\n\t\t\t\t\t\t\t\t\t<span class=\"display-percentage\" style=\"color: #ffffff\"\n\t\t\t\t\t\t  data-percentage=\"26\">26<\/span>\n\t\t\t\t\t\t\t\t\t\t\t<p class=\"counter-title\" style=\"color: \">TRABALHADORES CONTRATADOS<\/p>\n\t\t\t\t\t\t\t\t<\/div>\n\t\t\t[\/vc_column_inner][vc_column_inner width=\u00bb1\/3&#8243;]\t\t\t<div class=\"darna-counter \">\n\t\t\t\t\t\t\t\t\t<span class=\"display-percentage\" style=\"color: #ffffff\"\n\t\t\t\t\t\t  data-percentage=\"58\">58<\/span>\n\t\t\t\t\t\t\t\t\t\t\t<p class=\"counter-title\" style=\"color: \">CLIENTES FELIZES<\/p>\n\t\t\t\t\t\t\t\t<\/div>\n\t\t\t[\/vc_column_inner][\/vc_row_inner][\/vc_column][\/vc_row][vc_row layout=\u00bbboxed\u00bb parallax_style=\u00bbnone\u00bb parallax_scroll_effect=\u00bbfixed\u00bb el_class=\u00bbmargin-bottom-100&#8243;][vc_column]\t\t\t<div\n\t\t\t\tclass=\"darna-heading style1 margin-bottom-40\" >\n\t\t\t\t\t\t\t\t\t<h2>NOSSA EQUIPA<\/h2>\n\t\t\t\t\t\t\t\t\t\t\t\t\t<p>TREINADO POR PROFISSIONAIS ALTAMENTE QUALIFICADOS<\/p>\n\t\t\t\t\t\t\t<\/div>\n\t\t\t\t\t\t\t<div\n\t\t\t\t\tclass=\"darna-ourteam style1 \" >\n\t\t\t\t\t\t\t\t\t\t\t<div class=\"darna-ourteam-slider\">\n\t\t\t\t\t\t\t<div\n\t\t\t\t\t\t\t\tdata-plugin-options='{\"items\" : 4,\"pagination\":false,\"navigation\":true, \"autoPlay\": true }'\n\t\t\t\t\t\t\t\tclass=\"owl-carousel\">\n\t\t\t\t\t\t\t\t\t\t\t\t\t\t\t\t\t<div class=\"ourteam-item\">\n\t\t\t\t\t\t\t\t\t\t<div class=\"ourteam-avatar\">\n\t\t\t\t\t\t\t\t\t\t\t<img src=\"https:\/\/oesteingenieria.com\/pt\/wp-content\/uploads\/2015\/07\/oficina-tecnica-oeste-270x266.jpg\"\n\t\t\t\t\t\t\t\t\t\t\t\t alt=\"OFICINA T\u00c9CNICA\"\/>\n\t\t\t\t\t\t\t\t\t\t\t<ul class=\"ourteam-social\">\n\t\t\t\t\t\t\t\t\t\t\t\t\t\t\t\t\t\t\t\t\t\t\t<\/ul>\n\t\t\t\t\t\t\t\t\t\t<\/div>\n\t\t\t\t\t\t\t\t\t\t<div class=\"ourteam-info\">\n\t\t\t\t\t\t\t\t\t\t\t\t\t\t\t\t\t\t\t\t\t\t\t<p>OFICINA T\u00c9CNICA<\/p>\n\t\t\t\t\t\t\t\t\t\t\t\t\t\t\t\t\t\t\t\t\t\t<span>Nossa equipe de escrit\u00f3rio gerencia a documenta\u00e7\u00e3o e coordena todos os trabalhos para que caibam como um rel\u00f3gio<\/span>\n\t\t\t\t\t\t\t\t\t\t<\/div>\n\t\t\t\t\t\t\t\t\t<\/div>\n\t\t\t\t\t\t\t\t\t\t\t\t\t\t\t\t\t<div class=\"ourteam-item\">\n\t\t\t\t\t\t\t\t\t\t<div class=\"ourteam-avatar\">\n\t\t\t\t\t\t\t\t\t\t\t<img src=\"https:\/\/oesteingenieria.com\/pt\/wp-content\/uploads\/2015\/07\/personal-campo-oeste-270x266.jpg\"\n\t\t\t\t\t\t\t\t\t\t\t\t alt=\"TRABALHADORES DE CAMPO\"\/>\n\t\t\t\t\t\t\t\t\t\t\t<ul class=\"ourteam-social\">\n\t\t\t\t\t\t\t\t\t\t\t\t\t\t\t\t\t\t\t\t\t\t\t<\/ul>\n\t\t\t\t\t\t\t\t\t\t<\/div>\n\t\t\t\t\t\t\t\t\t\t<div class=\"ourteam-info\">\n\t\t\t\t\t\t\t\t\t\t\t\t\t\t\t\t\t\t\t\t\t\t\t<p>TRABALHADORES DE CAMPO<\/p>\n\t\t\t\t\t\t\t\t\t\t\t\t\t\t\t\t\t\t\t\t\t\t<span>Nossos trabalhadores de campo s\u00e3o altamente qualificados e experientes<\/span>\n\t\t\t\t\t\t\t\t\t\t<\/div>\n\t\t\t\t\t\t\t\t\t<\/div>\n\t\t\t\t\t\t\t\t\t\t\t\t\t\t\t\t\t<div class=\"ourteam-item\">\n\t\t\t\t\t\t\t\t\t\t<div class=\"ourteam-avatar\">\n\t\t\t\t\t\t\t\t\t\t\t<img src=\"https:\/\/oesteingenieria.com\/pt\/wp-content\/uploads\/2015\/07\/ing_forestal-270x266.jpg\"\n\t\t\t\t\t\t\t\t\t\t\t\t alt=\"DIRETORES DE LOCAL\"\/>\n\t\t\t\t\t\t\t\t\t\t\t<ul class=\"ourteam-social\">\n\t\t\t\t\t\t\t\t\t\t\t\t\t\t\t\t\t\t\t\t\t\t\t<\/ul>\n\t\t\t\t\t\t\t\t\t\t<\/div>\n\t\t\t\t\t\t\t\t\t\t<div class=\"ourteam-info\">\n\t\t\t\t\t\t\t\t\t\t\t\t\t\t\t\t\t\t\t\t\t\t\t<p>DIRETORES DE LOCAL<\/p>\n\t\t\t\t\t\t\t\t\t\t\t\t\t\t\t\t\t\t\t\t\t\t<span>Temos o melhor dire\u00e7\u00e3o para nossos trabalhos<\/span>\n\t\t\t\t\t\t\t\t\t\t<\/div>\n\t\t\t\t\t\t\t\t\t<\/div>\n\t\t\t\t\t\t\t\t\t\t\t\t\t\t\t\t\t<div class=\"ourteam-item\">\n\t\t\t\t\t\t\t\t\t\t<div class=\"ourteam-avatar\">\n\t\t\t\t\t\t\t\t\t\t\t<img src=\"https:\/\/oesteingenieria.com\/pt\/wp-content\/uploads\/2015\/07\/desarrollos-industriales-oeste-270x266.jpg\"\n\t\t\t\t\t\t\t\t\t\t\t\t alt=\"ENGENHARIA INDUSTRIAL\"\/>\n\t\t\t\t\t\t\t\t\t\t\t<ul class=\"ourteam-social\">\n\t\t\t\t\t\t\t\t\t\t\t\t\t\t\t\t\t\t\t\t\t\t\t<\/ul>\n\t\t\t\t\t\t\t\t\t\t<\/div>\n\t\t\t\t\t\t\t\t\t\t<div class=\"ourteam-info\">\n\t\t\t\t\t\t\t\t\t\t\t\t\t\t\t\t\t\t\t\t\t\t\t<p>ENGENHARIA INDUSTRIAL<\/p>\n\t\t\t\t\t\t\t\t\t\t\t\t\t\t\t\t\t\t\t\t\t\t<span>Eles realizam estudos e projetos com os mais altos n\u00edveis de qualidade<\/span>\n\t\t\t\t\t\t\t\t\t\t<\/div>\n\t\t\t\t\t\t\t\t\t<\/div>\n\t\t\t\t\t\t\t\t\t\t\t\t\t\t\t<\/div>\n\t\t\t\t\t\t<\/div>\n\t\t\t\t\t\t\t\t\t<\/div>\n\t\t\t[\/vc_column][\/vc_row]<\/p>\n","protected":false},"excerpt":{"rendered":"<p>[vc_row layout=\u00bbboxed\u00bb parallax_style=\u00bbnone\u00bb parallax_scroll_effect=\u00bbfixed\u00bb el_class=\u00bbmargin-bottom-100&#8243;][vc_column width=\u00bb1\/2&#8243; el_class=\u00bbcol-md-6 col-sm-12&#8243;][vc_row_inner parallax_style=\u00bbnone\u00bb parallax_scroll_effect=\u00bbfixed\u00bb el_class=\u00bbdarna-single-image-style\u00bb][vc_column_inner width=\u00bb1\/2&#8243;][vc_single_image image=\u00bb974&#8243; img_size=\u00bbfull\u00bb alignment=\u00bbcenter\u00bb el_class=\u00bbdarna-single-image-style xs-margin-bottom-15&#8243;][\/vc_column_inner][vc_column_inner width=\u00bb1\/2&#8243;][vc_single_image image=\u00bb976&#8243; img_size=\u00bbfull\u00bb alignment=\u00bbcenter\u00bb css=\u00bb.vc_custom_1587322016858{margin-bottom: 18px !important;}\u00bb el_class=\u00bbdarna-single-image-style\u00bb][vc_single_image image=\u00bb1170&#8243; img_size=\u00bbfull\u00bb alignment=\u00bbcenter\u00bb el_class=\u00bbdarna-single-image-style xs-margin-bottom-15&#8243;][\/vc_column_inner][\/vc_row_inner][\/vc_column][vc_column width=\u00bb1\/2&#8243; el_class=\u00bbcol-md-6 col-sm-12&#8243;][vc_row_inner parallax_style=\u00bbnone\u00bb parallax_scroll_effect=\u00bbfixed\u00bb el_class=\u00bbdarna-list-style\u00bb css=\u00bb.vc_custom_1437814928621{margin-top: 9px !important;margin-bottom: 38px !important;}\u00bb][vc_column_inner width=\u00bb1\/2&#8243;][vc_column_text] Consultoria e Engenharia para obras civis Consultoria e Engenharia para obras rurais Recintos [&hellip;]<\/p>\n","protected":false},"author":1,"featured_media":0,"parent":0,"menu_order":0,"comment_status":"closed","ping_status":"closed","template":"","meta":[],"yoast_head":"<!-- This site is optimized with the Yoast SEO plugin v17.3 - https:\/\/yoast.com\/wordpress\/plugins\/seo\/ -->\n<title>O neg\u00f3cio - Oeste Ingenier\u00eda<\/title>\n<meta name=\"robots\" content=\"index, follow, max-snippet:-1, max-image-preview:large, max-video-preview:-1\" \/>\n<link rel=\"canonical\" href=\"https:\/\/oesteingenieria.com\/pt\/o-negocio\/\" \/>\n<meta property=\"og:locale\" content=\"es_ES\" \/>\n<meta property=\"og:type\" content=\"article\" \/>\n<meta property=\"og:title\" content=\"O neg\u00f3cio - Oeste Ingenier\u00eda\" \/>\n<meta property=\"og:description\" content=\"[vc_row layout=\u00bbboxed\u00bb parallax_style=\u00bbnone\u00bb parallax_scroll_effect=\u00bbfixed\u00bb el_class=\u00bbmargin-bottom-100&#8243;][vc_column width=\u00bb1\/2&#8243; el_class=\u00bbcol-md-6 col-sm-12&#8243;][vc_row_inner parallax_style=\u00bbnone\u00bb parallax_scroll_effect=\u00bbfixed\u00bb el_class=\u00bbdarna-single-image-style\u00bb][vc_column_inner width=\u00bb1\/2&#8243;][vc_single_image image=\u00bb974&#8243; img_size=\u00bbfull\u00bb alignment=\u00bbcenter\u00bb el_class=\u00bbdarna-single-image-style xs-margin-bottom-15&#8243;][\/vc_column_inner][vc_column_inner width=\u00bb1\/2&#8243;][vc_single_image image=\u00bb976&#8243; img_size=\u00bbfull\u00bb alignment=\u00bbcenter\u00bb css=\u00bb.vc_custom_1587322016858{margin-bottom: 18px !important;}\u00bb el_class=\u00bbdarna-single-image-style\u00bb][vc_single_image image=\u00bb1170&#8243; img_size=\u00bbfull\u00bb alignment=\u00bbcenter\u00bb el_class=\u00bbdarna-single-image-style xs-margin-bottom-15&#8243;][\/vc_column_inner][\/vc_row_inner][\/vc_column][vc_column width=\u00bb1\/2&#8243; el_class=\u00bbcol-md-6 col-sm-12&#8243;][vc_row_inner parallax_style=\u00bbnone\u00bb parallax_scroll_effect=\u00bbfixed\u00bb el_class=\u00bbdarna-list-style\u00bb css=\u00bb.vc_custom_1437814928621{margin-top: 9px !important;margin-bottom: 38px !important;}\u00bb][vc_column_inner width=\u00bb1\/2&#8243;][vc_column_text] Consultoria e Engenharia para obras civis Consultoria e Engenharia para obras rurais Recintos [&hellip;]\" \/>\n<meta property=\"og:url\" content=\"https:\/\/oesteingenieria.com\/pt\/o-negocio\/\" \/>\n<meta property=\"og:site_name\" content=\"Oeste Ingenier\u00eda\" \/>\n<meta property=\"article:modified_time\" content=\"2021-06-24T06:35:35+00:00\" \/>\n<meta property=\"og:image\" content=\"https:\/\/oesteingenieria.com\/pt\/wp-content\/uploads\/2021\/06\/descorche-oeste.jpg\" \/>\n\t<meta property=\"og:image:width\" content=\"1000\" \/>\n\t<meta property=\"og:image:height\" content=\"750\" \/>\n<meta name=\"twitter:card\" content=\"summary_large_image\" \/>\n<meta name=\"twitter:site\" content=\"@OesteIngenieria\" \/>\n<meta name=\"twitter:label1\" content=\"Tiempo de lectura\" \/>\n\t<meta name=\"twitter:data1\" content=\"1 minuto\" \/>\n<script type=\"application\/ld+json\" class=\"yoast-schema-graph\">{\"@context\":\"https:\/\/schema.org\",\"@graph\":[{\"@type\":\"Organization\",\"@id\":\"https:\/\/oesteingenieria.com\/pt\/#organization\",\"name\":\"Oeste Ingenier\\u00eda\",\"url\":\"https:\/\/oesteingenieria.com\/pt\/\",\"sameAs\":[\"https:\/\/twitter.com\/OesteIngenieria\"],\"logo\":{\"@type\":\"ImageObject\",\"@id\":\"https:\/\/oesteingenieria.com\/pt\/#logo\",\"inLanguage\":\"es\",\"url\":\"https:\/\/oesteingenieria.com\/pt\/wp-content\/uploads\/2020\/04\/logo_xhdpi.png\",\"contentUrl\":\"https:\/\/oesteingenieria.com\/pt\/wp-content\/uploads\/2020\/04\/logo_xhdpi.png\",\"width\":520,\"height\":340,\"caption\":\"Oeste Ingenier\\u00eda\"},\"image\":{\"@id\":\"https:\/\/oesteingenieria.com\/pt\/#logo\"}},{\"@type\":\"WebSite\",\"@id\":\"https:\/\/oesteingenieria.com\/pt\/#website\",\"url\":\"https:\/\/oesteingenieria.com\/pt\/\",\"name\":\"Oeste Engenharia - Projetos rurais e florestais\",\"description\":\"Engenharia florestal, civil e rural. Projetos com energia.\",\"publisher\":{\"@id\":\"https:\/\/oesteingenieria.com\/pt\/#organization\"},\"potentialAction\":[{\"@type\":\"SearchAction\",\"target\":{\"@type\":\"EntryPoint\",\"urlTemplate\":\"https:\/\/oesteingenieria.com\/pt\/?s={search_term_string}\"},\"query-input\":\"required name=search_term_string\"}],\"inLanguage\":\"es\"},{\"@type\":\"WebPage\",\"@id\":\"https:\/\/oesteingenieria.com\/pt\/o-negocio\/#webpage\",\"url\":\"https:\/\/oesteingenieria.com\/pt\/o-negocio\/\",\"name\":\"O neg\\u00f3cio - Oeste Ingenier\\u00eda\",\"isPartOf\":{\"@id\":\"https:\/\/oesteingenieria.com\/pt\/#website\"},\"datePublished\":\"2015-07-18T09:24:26+00:00\",\"dateModified\":\"2021-06-24T06:35:35+00:00\",\"breadcrumb\":{\"@id\":\"https:\/\/oesteingenieria.com\/pt\/o-negocio\/#breadcrumb\"},\"inLanguage\":\"es\",\"potentialAction\":[{\"@type\":\"ReadAction\",\"target\":[\"https:\/\/oesteingenieria.com\/pt\/o-negocio\/\"]}]},{\"@type\":\"BreadcrumbList\",\"@id\":\"https:\/\/oesteingenieria.com\/pt\/o-negocio\/#breadcrumb\",\"itemListElement\":[{\"@type\":\"ListItem\",\"position\":1,\"name\":\"Portada\",\"item\":\"https:\/\/oesteingenieria.com\/pt\/\"},{\"@type\":\"ListItem\",\"position\":2,\"name\":\"O neg\\u00f3cio\"}]}]}<\/script>\n<!-- \/ Yoast SEO plugin. -->","yoast_head_json":{"title":"O neg\u00f3cio - Oeste Ingenier\u00eda","robots":{"index":"index","follow":"follow","max-snippet":"max-snippet:-1","max-image-preview":"max-image-preview:large","max-video-preview":"max-video-preview:-1"},"canonical":"https:\/\/oesteingenieria.com\/pt\/o-negocio\/","og_locale":"es_ES","og_type":"article","og_title":"O neg\u00f3cio - Oeste Ingenier\u00eda","og_description":"[vc_row layout=\u00bbboxed\u00bb parallax_style=\u00bbnone\u00bb parallax_scroll_effect=\u00bbfixed\u00bb el_class=\u00bbmargin-bottom-100&#8243;][vc_column width=\u00bb1\/2&#8243; el_class=\u00bbcol-md-6 col-sm-12&#8243;][vc_row_inner parallax_style=\u00bbnone\u00bb parallax_scroll_effect=\u00bbfixed\u00bb el_class=\u00bbdarna-single-image-style\u00bb][vc_column_inner width=\u00bb1\/2&#8243;][vc_single_image image=\u00bb974&#8243; img_size=\u00bbfull\u00bb alignment=\u00bbcenter\u00bb el_class=\u00bbdarna-single-image-style xs-margin-bottom-15&#8243;][\/vc_column_inner][vc_column_inner width=\u00bb1\/2&#8243;][vc_single_image image=\u00bb976&#8243; img_size=\u00bbfull\u00bb alignment=\u00bbcenter\u00bb css=\u00bb.vc_custom_1587322016858{margin-bottom: 18px !important;}\u00bb el_class=\u00bbdarna-single-image-style\u00bb][vc_single_image image=\u00bb1170&#8243; img_size=\u00bbfull\u00bb alignment=\u00bbcenter\u00bb el_class=\u00bbdarna-single-image-style xs-margin-bottom-15&#8243;][\/vc_column_inner][\/vc_row_inner][\/vc_column][vc_column width=\u00bb1\/2&#8243; el_class=\u00bbcol-md-6 col-sm-12&#8243;][vc_row_inner parallax_style=\u00bbnone\u00bb parallax_scroll_effect=\u00bbfixed\u00bb el_class=\u00bbdarna-list-style\u00bb css=\u00bb.vc_custom_1437814928621{margin-top: 9px !important;margin-bottom: 38px !important;}\u00bb][vc_column_inner width=\u00bb1\/2&#8243;][vc_column_text] Consultoria e Engenharia para obras civis Consultoria e Engenharia para obras rurais Recintos [&hellip;]","og_url":"https:\/\/oesteingenieria.com\/pt\/o-negocio\/","og_site_name":"Oeste Ingenier\u00eda","article_modified_time":"2021-06-24T06:35:35+00:00","og_image":[{"width":1000,"height":750,"url":"https:\/\/oesteingenieria.com\/pt\/wp-content\/uploads\/2021\/06\/descorche-oeste.jpg","type":"image\/jpeg"}],"twitter_card":"summary_large_image","twitter_site":"@OesteIngenieria","twitter_misc":{"Tiempo de lectura":"1 minuto"},"schema":{"@context":"https:\/\/schema.org","@graph":[{"@type":"Organization","@id":"https:\/\/oesteingenieria.com\/pt\/#organization","name":"Oeste Ingenier\u00eda","url":"https:\/\/oesteingenieria.com\/pt\/","sameAs":["https:\/\/twitter.com\/OesteIngenieria"],"logo":{"@type":"ImageObject","@id":"https:\/\/oesteingenieria.com\/pt\/#logo","inLanguage":"es","url":"https:\/\/oesteingenieria.com\/pt\/wp-content\/uploads\/2020\/04\/logo_xhdpi.png","contentUrl":"https:\/\/oesteingenieria.com\/pt\/wp-content\/uploads\/2020\/04\/logo_xhdpi.png","width":520,"height":340,"caption":"Oeste Ingenier\u00eda"},"image":{"@id":"https:\/\/oesteingenieria.com\/pt\/#logo"}},{"@type":"WebSite","@id":"https:\/\/oesteingenieria.com\/pt\/#website","url":"https:\/\/oesteingenieria.com\/pt\/","name":"Oeste Engenharia - Projetos rurais e florestais","description":"Engenharia florestal, civil e rural. Projetos com energia.","publisher":{"@id":"https:\/\/oesteingenieria.com\/pt\/#organization"},"potentialAction":[{"@type":"SearchAction","target":{"@type":"EntryPoint","urlTemplate":"https:\/\/oesteingenieria.com\/pt\/?s={search_term_string}"},"query-input":"required name=search_term_string"}],"inLanguage":"es"},{"@type":"WebPage","@id":"https:\/\/oesteingenieria.com\/pt\/o-negocio\/#webpage","url":"https:\/\/oesteingenieria.com\/pt\/o-negocio\/","name":"O neg\u00f3cio - Oeste Ingenier\u00eda","isPartOf":{"@id":"https:\/\/oesteingenieria.com\/pt\/#website"},"datePublished":"2015-07-18T09:24:26+00:00","dateModified":"2021-06-24T06:35:35+00:00","breadcrumb":{"@id":"https:\/\/oesteingenieria.com\/pt\/o-negocio\/#breadcrumb"},"inLanguage":"es","potentialAction":[{"@type":"ReadAction","target":["https:\/\/oesteingenieria.com\/pt\/o-negocio\/"]}]},{"@type":"BreadcrumbList","@id":"https:\/\/oesteingenieria.com\/pt\/o-negocio\/#breadcrumb","itemListElement":[{"@type":"ListItem","position":1,"name":"Portada","item":"https:\/\/oesteingenieria.com\/pt\/"},{"@type":"ListItem","position":2,"name":"O neg\u00f3cio"}]}]}},"_links":{"self":[{"href":"https:\/\/oesteingenieria.com\/pt\/wp-json\/wp\/v2\/pages\/115"}],"collection":[{"href":"https:\/\/oesteingenieria.com\/pt\/wp-json\/wp\/v2\/pages"}],"about":[{"href":"https:\/\/oesteingenieria.com\/pt\/wp-json\/wp\/v2\/types\/page"}],"author":[{"embeddable":true,"href":"https:\/\/oesteingenieria.com\/pt\/wp-json\/wp\/v2\/users\/1"}],"replies":[{"embeddable":true,"href":"https:\/\/oesteingenieria.com\/pt\/wp-json\/wp\/v2\/comments?post=115"}],"version-history":[{"count":24,"href":"https:\/\/oesteingenieria.com\/pt\/wp-json\/wp\/v2\/pages\/115\/revisions"}],"predecessor-version":[{"id":1256,"href":"https:\/\/oesteingenieria.com\/pt\/wp-json\/wp\/v2\/pages\/115\/revisions\/1256"}],"wp:attachment":[{"href":"https:\/\/oesteingenieria.com\/pt\/wp-json\/wp\/v2\/media?parent=115"}],"curies":[{"name":"wp","href":"https:\/\/api.w.org\/{rel}","templated":true}]}}