{"id":1116,"date":"2021-03-01T11:40:48","date_gmt":"2021-03-01T11:40:48","guid":{"rendered":"http:\/\/oesteingenieria.com\/?page_id=1116"},"modified":"2021-06-24T08:20:24","modified_gmt":"2021-06-24T08:20:24","slug":"politica-visao-estrategia-rd","status":"publish","type":"page","link":"https:\/\/oesteingenieria.com\/pt\/politica-visao-estrategia-rd\/","title":{"rendered":"Pol\u00edtica, Vis\u00e3o e Estrat\u00e9gia de R&#038;D"},"content":{"rendered":"<p>[vc_row layout=\u00bbboxed\u00bb][vc_column][vc_row_inner][vc_column_inner]\t\t\t<div\n\t\t\t\tclass=\"darna-heading style1 \" >\n\t\t\t\t\t\t\t\t\t<h2>Pol\u00edtica<\/h2>\n\t\t\t\t\t\t\t\t\t\t\t<\/div>\n\t\t\t[\/vc_column_inner][\/vc_row_inner][vc_column_text]A Direc\u00e7\u00e3o da OESTE INGENIERIA S.L no seu trabalho considera, como princ\u00edpios b\u00e1sicos da sua gest\u00e3o e objectivo fundamental para ser competitiva no mercado, de vital import\u00e2ncia para o enquadramento das ac\u00e7\u00f5es de I + D + i na empresa. Para isso, conta com os recursos humanos e materiais que garantem a inova\u00e7\u00e3o tecnol\u00f3gica e o desenvolvimento de produtos e processos de trabalho que atendam \u00e0s necessidades das partes interessadas.<\/p>\n<p>Por este motivo, todos os funcion\u00e1rios e colaboradores da OESTE INGENIERIA S.L devem aderir e cumprir os seguintes requisitos:<\/p>\n<ul>\n<li>Cumprir as regulamenta\u00e7\u00f5es internacionais, nacionais, regionais ou locais e, sempre que poss\u00edvel, ir al\u00e9m dos requisitos que a organiza\u00e7\u00e3o subscreve.<\/li>\n<li>Compromisso de cumprir todos os requisitos aplic\u00e1veis, tanto internos como legais, bem como com os nossos colaboradores e clientes.<\/li>\n<li>Conscientizar e sensibilizar todos os funcion\u00e1rios e colaboradores quanto \u00e0 necessidade de alcan\u00e7ar:\n<ul>\n<li>Elevado n\u00edvel de Qualidade, atrav\u00e9s da familiariza\u00e7\u00e3o com a documenta\u00e7\u00e3o do Sistema de Gest\u00e3o de I + D + i.<\/li>\n<li>Melhoria Cont\u00ednua do Sistema de Gest\u00e3o de P + D + i.<\/li>\n<\/ul>\n<\/li>\n<li>Aumentar e consolidar a pesquisa, o desenvolvimento tecnol\u00f3gico e a inova\u00e7\u00e3o na empresa.<\/li>\n<li>Buscar a melhoria cont\u00ednua da efici\u00eancia de nossos processos produtivos e de gest\u00e3o que nos permita ser competitivos no mercado.<\/li>\n<li>Manter e aumentar o esfor\u00e7o atribu\u00eddo \u00e0 I + D + i como eixo central da actividade da empresa.<\/li>\n<li>Analisar e avaliar projetos e oportunidades de inova\u00e7\u00e3o e realizar uma gest\u00e3o de projetos adequada em ambiente de Melhoria Cont\u00ednua.<\/li>\n<li>Envolva nossa equipe na obten\u00e7\u00e3o desta Melhoria Cont\u00ednua.<\/li>\n<li>Promover uma Pol\u00edtica de prote\u00e7\u00e3o e valoriza\u00e7\u00e3o dos resultados obtidos em seus processos de gest\u00e3o de P &amp; D &amp; i.<\/li>\n<\/ul>\n<p>&nbsp;<\/p>\n<p>A pol\u00edtica integrada da OESTE INGENIERIA S.L, \u00e9 uma declara\u00e7\u00e3o das suas inten\u00e7\u00f5es e princ\u00edpios, que constituem um quadro global para o estabelecimento de objetivos e metas. A Direc\u00e7\u00e3o da OESTE INGENIERIA SL compromete-se ainda a organizar, desenvolver e acompanhar os programas e \/ ou ac\u00e7\u00f5es que sejam necess\u00e1rios na empresa para o bom funcionamento do sistema (de acordo com a norma UNE 166002), que devem ser assumidos por todos os colaboradores e colaboradores da mesma, a fim de atingir os objetivos. Esta pol\u00edtica \u00e9 conhecida e deve estar \u00e0 disposi\u00e7\u00e3o dos trabalhadores, bem como das partes interessadas. Esta Pol\u00edtica ser\u00e1 revisada anualmente, comunicada a todos os funcion\u00e1rios e disponibilizada ao p\u00fablico.[\/vc_column_text]\t\t\t<div\n\t\t\t\tclass=\"darna-heading style1 \" >\n\t\t\t\t\t\t\t\t\t<h2>Vis\u00e3o e estrat\u00e9gia<\/h2>\n\t\t\t\t\t\t\t\t\t\t\t<\/div>\n\t\t\t[vc_column_text]A Direc\u00e7\u00e3o da OESTE INGENIERIA S.L em conjunto com todos os colaboradores, desenvolve a estrat\u00e9gia da empresa que se especifica tendo em considera\u00e7\u00e3o a nossa vis\u00e3o como horizonte e a nossa miss\u00e3o como raz\u00e3o de ser:<\/p>\n<ul>\n<li>VISION \u00e9 ser uma refer\u00eancia no nosso setor, utilizando a investiga\u00e7\u00e3o, o desenvolvimento e a inova\u00e7\u00e3o como ferramenta para a melhoria cont\u00ednua dos nossos servi\u00e7os.<\/li>\n<li>MISS\u00c3O Prestar um servi\u00e7o de excel\u00eancia, diferente e \u00fanico, \u00e0 medida dos nossos clientes, concretizando as suas ideias de forma eficaz e contribuindo activamente para a gera\u00e7\u00e3o de valor para os nossos stakeholders. E, simultaneamente, consolidar, crescer e diversificar, integrando novos servi\u00e7os e produtos.<\/li>\n<li>ESTRAT\u00c9GIA Realizar projetos de P + D + i para o desenvolvimento de t\u00e9cnicas e produtos relacionados \u00e0 inova\u00e7\u00e3o. Aumento da produtividade a partir da mecaniza\u00e7\u00e3o das atividades e da aplica\u00e7\u00e3o das novas tecnologias de informa\u00e7\u00e3o.<\/li>\n<\/ul>\n<p>&nbsp;<\/p>\n<p>A referida estrat\u00e9gia foi definida tendo em considera\u00e7\u00e3o o resultado das an\u00e1lises externas e internas efectuadas e tendo em considera\u00e7\u00e3o as necessidades e expectativas dos nossos stakeholders. \u00c9 desenvolvida numa pol\u00edtica de curto prazo que se desdobra, atrav\u00e9s da Gest\u00e3o, a todos os departamentos para o cumprimento de objetivos gerais e coerentes com os mesmos.<\/p>\n<p>Aliseda, 03\/07\/2020<\/p>\n<p><img loading=\"lazy\" class=\"alignnone wp-image-1120 aligncenter\" src=\"http:\/\/oesteingenieria.com\/wp-content\/uploads\/2021\/03\/firma_gonzalo.png\" alt=\"\" width=\"178\" height=\"94\" srcset=\"https:\/\/oesteingenieria.com\/pt\/wp-content\/uploads\/2021\/03\/firma_gonzalo.png 363w, https:\/\/oesteingenieria.com\/pt\/wp-content\/uploads\/2021\/03\/firma_gonzalo-300x159.png 300w\" sizes=\"(max-width: 178px) 100vw, 178px\" \/><\/p>\n<p style=\"text-align: center;\">Assinado pelo CEO<br \/>\nAliseda, 03\/07\/2020<\/p>\n<p>[\/vc_column_text][\/vc_column][\/vc_row][vc_row parallax_style=\u00bbnone\u00bb parallax_scroll_effect=\u00bbfixed\u00bb css=\u00bb.vc_custom_1593679002314{margin-bottom: 60px !important;background-image: url(http:\/\/oesteingenieria.com\/wp-content\/uploads\/2020\/04\/testimonios.jpg?id=1034) !important;background-position: center !important;background-repeat: no-repeat !important;background-size: cover !important;}\u00bb][vc_column offset=\u00bbvc_hidden-lg vc_hidden-md vc_hidden-sm vc_hidden-xs\u00bb][vc_row_inner layout=\u00bbboxed\u00bb parallax_style=\u00bbnone\u00bb parallax_scroll_effect=\u00bbfixed\u00bb][vc_column_inner el_class=\u00bbcol-md-3 col-sm-6 col-xs-12&#8243; width=\u00bb1\/3&#8243;]\t\t\t<div class=\"darna-counter \">\n\t\t\t\t\t\t\t\t\t<span class=\"display-percentage\" style=\"color: \"\n\t\t\t\t\t\t  data-percentage=\"56\">56<\/span>\n\t\t\t\t\t\t\t\t\t\t\t<p class=\"counter-title\" style=\"color: \">PROYECTOS COMPLETADOS<\/p>\n\t\t\t\t\t\t\t\t<\/div>\n\t\t\t[\/vc_column_inner][vc_column_inner width=\u00bb1\/3&#8243;]\t\t\t<div class=\"darna-counter \">\n\t\t\t\t\t\t\t\t\t<span class=\"display-percentage\" style=\"color: \"\n\t\t\t\t\t\t  data-percentage=\"26\">26<\/span>\n\t\t\t\t\t\t\t\t\t\t\t<p class=\"counter-title\" style=\"color: \">TRABAJADORES CONTRATADOS<\/p>\n\t\t\t\t\t\t\t\t<\/div>\n\t\t\t[\/vc_column_inner][vc_column_inner width=\u00bb1\/3&#8243;]\t\t\t<div class=\"darna-counter \">\n\t\t\t\t\t\t\t\t\t<span class=\"display-percentage\" style=\"color: \"\n\t\t\t\t\t\t  data-percentage=\"58\">58<\/span>\n\t\t\t\t\t\t\t\t\t\t\t<p class=\"counter-title\" style=\"color: \">CLIENTES CONTENTOS<\/p>\n\t\t\t\t\t\t\t\t<\/div>\n\t\t\t[\/vc_column_inner][\/vc_row_inner][\/vc_column][\/vc_row][vc_row layout=\u00bbboxed\u00bb parallax_style=\u00bbnone\u00bb parallax_scroll_effect=\u00bbfixed\u00bb el_class=\u00bbmargin-bottom-100&#8243;][vc_column offset=\u00bbvc_hidden-lg vc_hidden-md vc_hidden-sm vc_hidden-xs\u00bb]\t\t\t<div\n\t\t\t\tclass=\"darna-heading style1 margin-bottom-40\" >\n\t\t\t\t\t\t\t\t\t<h2>NUESTRO EQUIPO<\/h2>\n\t\t\t\t\t\t\t\t\t\t\t\t\t<p>FORMADO POR PROFESIONALES ALTAMENTE CUALIFICADOS<\/p>\n\t\t\t\t\t\t\t<\/div>\n\t\t\t\t\t\t\t<div\n\t\t\t\t\tclass=\"darna-ourteam style1 \" >\n\t\t\t\t\t\t\t\t\t\t\t<div class=\"darna-ourteam-slider\">\n\t\t\t\t\t\t\t<div\n\t\t\t\t\t\t\t\tdata-plugin-options='{\"items\" : 4,\"pagination\":false,\"navigation\":true, \"autoPlay\": true }'\n\t\t\t\t\t\t\t\tclass=\"owl-carousel\">\n\t\t\t\t\t\t\t\t\t\t\t\t\t\t\t\t\t<div class=\"ourteam-item\">\n\t\t\t\t\t\t\t\t\t\t<div class=\"ourteam-avatar\">\n\t\t\t\t\t\t\t\t\t\t\t<img src=\"https:\/\/oesteingenieria.com\/pt\/wp-content\/uploads\/2015\/07\/oficina-tecnica-oeste-270x266.jpg\"\n\t\t\t\t\t\t\t\t\t\t\t\t alt=\"OFICINA T\u00c9CNICA\"\/>\n\t\t\t\t\t\t\t\t\t\t\t<ul class=\"ourteam-social\">\n\t\t\t\t\t\t\t\t\t\t\t\t\t\t\t\t\t\t\t\t\t\t\t<\/ul>\n\t\t\t\t\t\t\t\t\t\t<\/div>\n\t\t\t\t\t\t\t\t\t\t<div class=\"ourteam-info\">\n\t\t\t\t\t\t\t\t\t\t\t\t\t\t\t\t\t\t\t\t\t\t\t<p>OFICINA T\u00c9CNICA<\/p>\n\t\t\t\t\t\t\t\t\t\t\t\t\t\t\t\t\t\t\t\t\t\t<span>Nossa equipe de escrit\u00f3rio gerencia a documenta\u00e7\u00e3o e coordena todos os trabalhos para que caibam como um rel\u00f3gio<\/span>\n\t\t\t\t\t\t\t\t\t\t<\/div>\n\t\t\t\t\t\t\t\t\t<\/div>\n\t\t\t\t\t\t\t\t\t\t\t\t\t\t\t\t\t<div class=\"ourteam-item\">\n\t\t\t\t\t\t\t\t\t\t<div class=\"ourteam-avatar\">\n\t\t\t\t\t\t\t\t\t\t\t<img src=\"https:\/\/oesteingenieria.com\/pt\/wp-content\/uploads\/2015\/07\/personal-campo-oeste-270x266.jpg\"\n\t\t\t\t\t\t\t\t\t\t\t\t alt=\"TRABALHADORES DE CAMPO\"\/>\n\t\t\t\t\t\t\t\t\t\t\t<ul class=\"ourteam-social\">\n\t\t\t\t\t\t\t\t\t\t\t\t\t\t\t\t\t\t\t\t\t\t\t<\/ul>\n\t\t\t\t\t\t\t\t\t\t<\/div>\n\t\t\t\t\t\t\t\t\t\t<div class=\"ourteam-info\">\n\t\t\t\t\t\t\t\t\t\t\t\t\t\t\t\t\t\t\t\t\t\t\t<p>TRABALHADORES DE CAMPO<\/p>\n\t\t\t\t\t\t\t\t\t\t\t\t\t\t\t\t\t\t\t\t\t\t<span>Nossos trabalhadores de campo s\u00e3o altamente qualificados e experientes<\/span>\n\t\t\t\t\t\t\t\t\t\t<\/div>\n\t\t\t\t\t\t\t\t\t<\/div>\n\t\t\t\t\t\t\t\t\t\t\t\t\t\t\t\t\t<div class=\"ourteam-item\">\n\t\t\t\t\t\t\t\t\t\t<div class=\"ourteam-avatar\">\n\t\t\t\t\t\t\t\t\t\t\t<img src=\"https:\/\/oesteingenieria.com\/pt\/wp-content\/uploads\/2015\/07\/ing_forestal-270x266.jpg\"\n\t\t\t\t\t\t\t\t\t\t\t\t alt=\"DIRETORES DE LOCAL\"\/>\n\t\t\t\t\t\t\t\t\t\t\t<ul class=\"ourteam-social\">\n\t\t\t\t\t\t\t\t\t\t\t\t\t\t\t\t\t\t\t\t\t\t\t<\/ul>\n\t\t\t\t\t\t\t\t\t\t<\/div>\n\t\t\t\t\t\t\t\t\t\t<div class=\"ourteam-info\">\n\t\t\t\t\t\t\t\t\t\t\t\t\t\t\t\t\t\t\t\t\t\t\t<p>DIRETORES DE LOCAL<\/p>\n\t\t\t\t\t\t\t\t\t\t\t\t\t\t\t\t\t\t\t\t\t\t<span>Temos o melhor dire\u00e7\u00e3o para nossos trabalhos<\/span>\n\t\t\t\t\t\t\t\t\t\t<\/div>\n\t\t\t\t\t\t\t\t\t<\/div>\n\t\t\t\t\t\t\t\t\t\t\t\t\t\t\t\t\t<div class=\"ourteam-item\">\n\t\t\t\t\t\t\t\t\t\t<div class=\"ourteam-avatar\">\n\t\t\t\t\t\t\t\t\t\t\t<img src=\"https:\/\/oesteingenieria.com\/pt\/wp-content\/uploads\/2015\/07\/desarrollos-industriales-oeste-270x266.jpg\"\n\t\t\t\t\t\t\t\t\t\t\t\t alt=\"ENGENHARIA INDUSTRIAL\"\/>\n\t\t\t\t\t\t\t\t\t\t\t<ul class=\"ourteam-social\">\n\t\t\t\t\t\t\t\t\t\t\t\t\t\t\t\t\t\t\t\t\t\t\t<\/ul>\n\t\t\t\t\t\t\t\t\t\t<\/div>\n\t\t\t\t\t\t\t\t\t\t<div class=\"ourteam-info\">\n\t\t\t\t\t\t\t\t\t\t\t\t\t\t\t\t\t\t\t\t\t\t\t<p>ENGENHARIA INDUSTRIAL<\/p>\n\t\t\t\t\t\t\t\t\t\t\t\t\t\t\t\t\t\t\t\t\t\t<span>Eles realizam estudos e projetos com os mais altos n\u00edveis de qualidade<\/span>\n\t\t\t\t\t\t\t\t\t\t<\/div>\n\t\t\t\t\t\t\t\t\t<\/div>\n\t\t\t\t\t\t\t\t\t\t\t\t\t\t\t<\/div>\n\t\t\t\t\t\t<\/div>\n\t\t\t\t\t\t\t\t\t<\/div>\n\t\t\t[\/vc_column][\/vc_row]<\/p>\n","protected":false},"excerpt":{"rendered":"<p>[vc_row layout=\u00bbboxed\u00bb][vc_column][vc_row_inner][vc_column_inner][\/vc_column_inner][\/vc_row_inner][vc_column_text]A Direc\u00e7\u00e3o da OESTE INGENIERIA S.L no seu trabalho considera, como princ\u00edpios b\u00e1sicos da sua gest\u00e3o e objectivo fundamental para ser competitiva no mercado, de vital import\u00e2ncia para o enquadramento das ac\u00e7\u00f5es de I + D + i na empresa. Para isso, conta com os recursos humanos e materiais que garantem a inova\u00e7\u00e3o tecnol\u00f3gica [&hellip;]<\/p>\n","protected":false},"author":1,"featured_media":0,"parent":0,"menu_order":0,"comment_status":"closed","ping_status":"closed","template":"","meta":[],"yoast_head":"<!-- This site is optimized with the Yoast SEO plugin v17.3 - https:\/\/yoast.com\/wordpress\/plugins\/seo\/ -->\n<title>Pol\u00edtica, Vis\u00e3o e Estrat\u00e9gia de R&amp;D - Oeste Ingenier\u00eda<\/title>\n<meta name=\"robots\" content=\"index, follow, max-snippet:-1, max-image-preview:large, max-video-preview:-1\" \/>\n<link rel=\"canonical\" href=\"https:\/\/oesteingenieria.com\/pt\/politica-visao-estrategia-rd\/\" \/>\n<meta property=\"og:locale\" content=\"es_ES\" \/>\n<meta property=\"og:type\" content=\"article\" \/>\n<meta property=\"og:title\" content=\"Pol\u00edtica, Vis\u00e3o e Estrat\u00e9gia de R&amp;D - Oeste Ingenier\u00eda\" \/>\n<meta property=\"og:description\" content=\"[vc_row layout=\u00bbboxed\u00bb][vc_column][vc_row_inner][vc_column_inner][\/vc_column_inner][\/vc_row_inner][vc_column_text]A Direc\u00e7\u00e3o da OESTE INGENIERIA S.L no seu trabalho considera, como princ\u00edpios b\u00e1sicos da sua gest\u00e3o e objectivo fundamental para ser competitiva no mercado, de vital import\u00e2ncia para o enquadramento das ac\u00e7\u00f5es de I + D + i na empresa. Para isso, conta com os recursos humanos e materiais que garantem a inova\u00e7\u00e3o tecnol\u00f3gica [&hellip;]\" \/>\n<meta property=\"og:url\" content=\"https:\/\/oesteingenieria.com\/pt\/politica-visao-estrategia-rd\/\" \/>\n<meta property=\"og:site_name\" content=\"Oeste Ingenier\u00eda\" \/>\n<meta property=\"article:modified_time\" content=\"2021-06-24T08:20:24+00:00\" \/>\n<meta property=\"og:image\" content=\"http:\/\/oesteingenieria.com\/wp-content\/uploads\/2021\/03\/firma_gonzalo.png\" \/>\n<meta name=\"twitter:card\" content=\"summary_large_image\" \/>\n<meta name=\"twitter:site\" content=\"@OesteIngenieria\" \/>\n<meta name=\"twitter:label1\" content=\"Tiempo de lectura\" \/>\n\t<meta name=\"twitter:data1\" content=\"3 minutos\" \/>\n<script type=\"application\/ld+json\" class=\"yoast-schema-graph\">{\"@context\":\"https:\/\/schema.org\",\"@graph\":[{\"@type\":\"Organization\",\"@id\":\"https:\/\/oesteingenieria.com\/pt\/#organization\",\"name\":\"Oeste Ingenier\\u00eda\",\"url\":\"https:\/\/oesteingenieria.com\/pt\/\",\"sameAs\":[\"https:\/\/twitter.com\/OesteIngenieria\"],\"logo\":{\"@type\":\"ImageObject\",\"@id\":\"https:\/\/oesteingenieria.com\/pt\/#logo\",\"inLanguage\":\"es\",\"url\":\"https:\/\/oesteingenieria.com\/pt\/wp-content\/uploads\/2020\/04\/logo_xhdpi.png\",\"contentUrl\":\"https:\/\/oesteingenieria.com\/pt\/wp-content\/uploads\/2020\/04\/logo_xhdpi.png\",\"width\":520,\"height\":340,\"caption\":\"Oeste Ingenier\\u00eda\"},\"image\":{\"@id\":\"https:\/\/oesteingenieria.com\/pt\/#logo\"}},{\"@type\":\"WebSite\",\"@id\":\"https:\/\/oesteingenieria.com\/pt\/#website\",\"url\":\"https:\/\/oesteingenieria.com\/pt\/\",\"name\":\"Oeste Engenharia - Projetos rurais e florestais\",\"description\":\"Engenharia florestal, civil e rural. Projetos com energia.\",\"publisher\":{\"@id\":\"https:\/\/oesteingenieria.com\/pt\/#organization\"},\"potentialAction\":[{\"@type\":\"SearchAction\",\"target\":{\"@type\":\"EntryPoint\",\"urlTemplate\":\"https:\/\/oesteingenieria.com\/pt\/?s={search_term_string}\"},\"query-input\":\"required name=search_term_string\"}],\"inLanguage\":\"es\"},{\"@type\":\"ImageObject\",\"@id\":\"https:\/\/oesteingenieria.com\/pt\/politica-visao-estrategia-rd\/#primaryimage\",\"inLanguage\":\"es\",\"url\":\"http:\/\/oesteingenieria.com\/wp-content\/uploads\/2021\/03\/firma_gonzalo.png\",\"contentUrl\":\"http:\/\/oesteingenieria.com\/wp-content\/uploads\/2021\/03\/firma_gonzalo.png\"},{\"@type\":\"WebPage\",\"@id\":\"https:\/\/oesteingenieria.com\/pt\/politica-visao-estrategia-rd\/#webpage\",\"url\":\"https:\/\/oesteingenieria.com\/pt\/politica-visao-estrategia-rd\/\",\"name\":\"Pol\\u00edtica, Vis\\u00e3o e Estrat\\u00e9gia de R&D - Oeste Ingenier\\u00eda\",\"isPartOf\":{\"@id\":\"https:\/\/oesteingenieria.com\/pt\/#website\"},\"primaryImageOfPage\":{\"@id\":\"https:\/\/oesteingenieria.com\/pt\/politica-visao-estrategia-rd\/#primaryimage\"},\"datePublished\":\"2021-03-01T11:40:48+00:00\",\"dateModified\":\"2021-06-24T08:20:24+00:00\",\"breadcrumb\":{\"@id\":\"https:\/\/oesteingenieria.com\/pt\/politica-visao-estrategia-rd\/#breadcrumb\"},\"inLanguage\":\"es\",\"potentialAction\":[{\"@type\":\"ReadAction\",\"target\":[\"https:\/\/oesteingenieria.com\/pt\/politica-visao-estrategia-rd\/\"]}]},{\"@type\":\"BreadcrumbList\",\"@id\":\"https:\/\/oesteingenieria.com\/pt\/politica-visao-estrategia-rd\/#breadcrumb\",\"itemListElement\":[{\"@type\":\"ListItem\",\"position\":1,\"name\":\"Portada\",\"item\":\"https:\/\/oesteingenieria.com\/pt\/\"},{\"@type\":\"ListItem\",\"position\":2,\"name\":\"Pol\\u00edtica, Vis\\u00e3o e Estrat\\u00e9gia de R&#038;D\"}]}]}<\/script>\n<!-- \/ Yoast SEO plugin. -->","yoast_head_json":{"title":"Pol\u00edtica, Vis\u00e3o e Estrat\u00e9gia de R&D - Oeste Ingenier\u00eda","robots":{"index":"index","follow":"follow","max-snippet":"max-snippet:-1","max-image-preview":"max-image-preview:large","max-video-preview":"max-video-preview:-1"},"canonical":"https:\/\/oesteingenieria.com\/pt\/politica-visao-estrategia-rd\/","og_locale":"es_ES","og_type":"article","og_title":"Pol\u00edtica, Vis\u00e3o e Estrat\u00e9gia de R&D - Oeste Ingenier\u00eda","og_description":"[vc_row layout=\u00bbboxed\u00bb][vc_column][vc_row_inner][vc_column_inner][\/vc_column_inner][\/vc_row_inner][vc_column_text]A Direc\u00e7\u00e3o da OESTE INGENIERIA S.L no seu trabalho considera, como princ\u00edpios b\u00e1sicos da sua gest\u00e3o e objectivo fundamental para ser competitiva no mercado, de vital import\u00e2ncia para o enquadramento das ac\u00e7\u00f5es de I + D + i na empresa. Para isso, conta com os recursos humanos e materiais que garantem a inova\u00e7\u00e3o tecnol\u00f3gica [&hellip;]","og_url":"https:\/\/oesteingenieria.com\/pt\/politica-visao-estrategia-rd\/","og_site_name":"Oeste Ingenier\u00eda","article_modified_time":"2021-06-24T08:20:24+00:00","og_image":[{"url":"http:\/\/oesteingenieria.com\/wp-content\/uploads\/2021\/03\/firma_gonzalo.png"}],"twitter_card":"summary_large_image","twitter_site":"@OesteIngenieria","twitter_misc":{"Tiempo de lectura":"3 minutos"},"schema":{"@context":"https:\/\/schema.org","@graph":[{"@type":"Organization","@id":"https:\/\/oesteingenieria.com\/pt\/#organization","name":"Oeste Ingenier\u00eda","url":"https:\/\/oesteingenieria.com\/pt\/","sameAs":["https:\/\/twitter.com\/OesteIngenieria"],"logo":{"@type":"ImageObject","@id":"https:\/\/oesteingenieria.com\/pt\/#logo","inLanguage":"es","url":"https:\/\/oesteingenieria.com\/pt\/wp-content\/uploads\/2020\/04\/logo_xhdpi.png","contentUrl":"https:\/\/oesteingenieria.com\/pt\/wp-content\/uploads\/2020\/04\/logo_xhdpi.png","width":520,"height":340,"caption":"Oeste Ingenier\u00eda"},"image":{"@id":"https:\/\/oesteingenieria.com\/pt\/#logo"}},{"@type":"WebSite","@id":"https:\/\/oesteingenieria.com\/pt\/#website","url":"https:\/\/oesteingenieria.com\/pt\/","name":"Oeste Engenharia - Projetos rurais e florestais","description":"Engenharia florestal, civil e rural. Projetos com energia.","publisher":{"@id":"https:\/\/oesteingenieria.com\/pt\/#organization"},"potentialAction":[{"@type":"SearchAction","target":{"@type":"EntryPoint","urlTemplate":"https:\/\/oesteingenieria.com\/pt\/?s={search_term_string}"},"query-input":"required name=search_term_string"}],"inLanguage":"es"},{"@type":"ImageObject","@id":"https:\/\/oesteingenieria.com\/pt\/politica-visao-estrategia-rd\/#primaryimage","inLanguage":"es","url":"http:\/\/oesteingenieria.com\/wp-content\/uploads\/2021\/03\/firma_gonzalo.png","contentUrl":"http:\/\/oesteingenieria.com\/wp-content\/uploads\/2021\/03\/firma_gonzalo.png"},{"@type":"WebPage","@id":"https:\/\/oesteingenieria.com\/pt\/politica-visao-estrategia-rd\/#webpage","url":"https:\/\/oesteingenieria.com\/pt\/politica-visao-estrategia-rd\/","name":"Pol\u00edtica, Vis\u00e3o e Estrat\u00e9gia de R&D - Oeste Ingenier\u00eda","isPartOf":{"@id":"https:\/\/oesteingenieria.com\/pt\/#website"},"primaryImageOfPage":{"@id":"https:\/\/oesteingenieria.com\/pt\/politica-visao-estrategia-rd\/#primaryimage"},"datePublished":"2021-03-01T11:40:48+00:00","dateModified":"2021-06-24T08:20:24+00:00","breadcrumb":{"@id":"https:\/\/oesteingenieria.com\/pt\/politica-visao-estrategia-rd\/#breadcrumb"},"inLanguage":"es","potentialAction":[{"@type":"ReadAction","target":["https:\/\/oesteingenieria.com\/pt\/politica-visao-estrategia-rd\/"]}]},{"@type":"BreadcrumbList","@id":"https:\/\/oesteingenieria.com\/pt\/politica-visao-estrategia-rd\/#breadcrumb","itemListElement":[{"@type":"ListItem","position":1,"name":"Portada","item":"https:\/\/oesteingenieria.com\/pt\/"},{"@type":"ListItem","position":2,"name":"Pol\u00edtica, Vis\u00e3o e Estrat\u00e9gia de R&#038;D"}]}]}},"_links":{"self":[{"href":"https:\/\/oesteingenieria.com\/pt\/wp-json\/wp\/v2\/pages\/1116"}],"collection":[{"href":"https:\/\/oesteingenieria.com\/pt\/wp-json\/wp\/v2\/pages"}],"about":[{"href":"https:\/\/oesteingenieria.com\/pt\/wp-json\/wp\/v2\/types\/page"}],"author":[{"embeddable":true,"href":"https:\/\/oesteingenieria.com\/pt\/wp-json\/wp\/v2\/users\/1"}],"replies":[{"embeddable":true,"href":"https:\/\/oesteingenieria.com\/pt\/wp-json\/wp\/v2\/comments?post=1116"}],"version-history":[{"count":11,"href":"https:\/\/oesteingenieria.com\/pt\/wp-json\/wp\/v2\/pages\/1116\/revisions"}],"predecessor-version":[{"id":1267,"href":"https:\/\/oesteingenieria.com\/pt\/wp-json\/wp\/v2\/pages\/1116\/revisions\/1267"}],"wp:attachment":[{"href":"https:\/\/oesteingenieria.com\/pt\/wp-json\/wp\/v2\/media?parent=1116"}],"curies":[{"name":"wp","href":"https:\/\/api.w.org\/{rel}","templated":true}]}}