{"id":1306,"date":"2021-10-01T12:14:05","date_gmt":"2021-10-01T12:14:05","guid":{"rendered":"https:\/\/oesteingenieria.com\/es\/?page_id=1306"},"modified":"2021-10-01T17:30:51","modified_gmt":"2021-10-01T17:30:51","slug":"politica-de-cookies","status":"publish","type":"page","link":"https:\/\/oesteingenieria.com\/es\/politica-de-cookies\/","title":{"rendered":"Pol\u00edtica de Cookies"},"content":{"rendered":"<p>[vc_row layout=\u00bbboxed\u00bb][vc_column][vc_row_inner][vc_column_inner]\t\t\t<div\n\t\t\t\tclass=\"darna-heading style1 \" >\n\t\t\t\t\t\t\t\t\t<h2>Pol\u00edtica de Cookies<\/h2>\n\t\t\t\t\t\t\t\t\t\t\t<\/div>\n\t\t\t[\/vc_column_inner][\/vc_row_inner][vc_column_text]<\/p>\n<h3>COOKIES<\/h3>\n<p>Las cookies son peque\u00f1as cantidades de informaci\u00f3n que se almacenan en el navegador utilizado por cada usuario para que el servidor recuerde cierta informaci\u00f3n que posteriormente pueda utilizar.<\/p>\n<h3>TIPOS DE COOKIES QUE UTILIZAMOS<\/h3>\n<p>Esta p\u00e1gina web utiliza cookies de terceros que son aquellas que se env\u00edan a tu ordenador o terminal desde un dominio o una p\u00e1gina web que no es gestionada por nosotros, sino por otra entidad que trata los datos obtenidos a trav\u00e9s de las cookies.<\/p>\n<p>En este caso las Cookies son utilizadas con fines estad\u00edsticos relacionados con las visitas que recibe y las p\u00e1ginas que se consultan, quedando aceptado su uso al navegar por ella.<\/p>\n<table>\n<tbody>\n<tr>\n<th>COOKIE<br \/>\n(Y PROVEEDOR)<\/th>\n<th>DURACI\u00d3N<\/th>\n<th>DESCRIPCI\u00d3N<\/th>\n<\/tr>\n<tr>\n<td>__cfduid (notin.es)<\/td>\n<td>Sesi\u00f3n<\/td>\n<td>Publicidad<\/td>\n<\/tr>\n<tr>\n<td>personalization_id (twitter.com)<\/td>\n<td>Sesi\u00f3n<\/td>\n<td>Twitter<\/td>\n<\/tr>\n<tr>\n<td>Facebook<\/td>\n<td>Publicidad, estad\u00edsticas y mediciones<\/td>\n<td>Coloca Cookies en el ordenador o dispositivo y recibe la informaci\u00f3n almacenada en ellas cuando utilizas o visitas servicios prestados por otras empresas que utilizan los servicios de Facebook.<\/td>\n<\/tr>\n<tr>\n<td>_ga (Google)<\/td>\n<td>2 a\u00f1os<\/td>\n<td>Se usa para distinguir a los usuarios.<\/td>\n<\/tr>\n<tr>\n<td>_gid (Google)<\/td>\n<td>24 horas<\/td>\n<td>Se usa para distinguir a los usuarios.<\/td>\n<\/tr>\n<tr>\n<td>_gat (Google)<\/td>\n<td>1\u00a0minuto<\/td>\n<td>Se usa para limitar el porcentaje de solicitudes. Si has implementado Google Analytics mediante Google\u00a0Tag\u00a0Manager, esta cookie se llamar\u00e1 _dc_gtm_&lt;property-id&gt;.<\/td>\n<\/tr>\n<tr>\n<td>_gali (Google)<\/td>\n<td>30s<\/td>\n<td>Atribuci\u00f3n de enlace mejorada.<\/td>\n<\/tr>\n<tr>\n<td>_unam (SHARETHIS)<\/td>\n<td>Persistente<\/td>\n<td>Su finalidad es cuantificar el n\u00famero de Usuarios que comparten un determinado contenido y cu\u00e1ntas p\u00e1ginas web son visitadas a ra\u00edz de esa acci\u00f3n.<\/td>\n<\/tr>\n<tr>\n<td>WordPress<\/td>\n<td>2 a\u00f1os<\/td>\n<td>Utilizado para el correcto funcionamiento del gestor de contenido WordPress.<\/td>\n<\/tr>\n<\/tbody>\n<\/table>\n<p>Si desea m\u00e1s informaci\u00f3n m\u00e1s sobre los tipos de cookies de seguimiento y an\u00e1lisis de datos de Google\u00a0haga clic aqu\u00ed.<\/p>\n<p>Para informarse sobre c\u00f3mo eliminar las cookies de su explorador:<\/p>\n<ul>\n<li><a class=\"rank-math-link\" href=\"https:\/\/support.mozilla.org\/es\/kb\/habilitar-y-deshabilitar-cookies-sitios-web-rastrear-preferencias\" target=\"_blank\" rel=\"noopener\">Firefox<\/a><\/li>\n<li><a class=\"rank-math-link\" href=\"https:\/\/support.google.com\/chrome\/answer\/95647?hl=es\" target=\"_blank\" rel=\"noopener\">Chrome<\/a><\/li>\n<li><a class=\"rank-math-link\" href=\"https:\/\/support.microsoft.com\/es-es\/topic\/eliminar-y-administrar-cookies-168dab11-0753-043d-7c16-ede5947fc64d\" target=\"_blank\" rel=\"noopener\">Internet Explorer<\/a><\/li>\n<li><a class=\"rank-math-link\" href=\"https:\/\/support.apple.com\/kb\/PH19214?viewlocale=es_ES&amp;locale=es_ES\" target=\"_blank\" rel=\"noopener\">Safari<\/a><\/li>\n<\/ul>\n<p>Estas pol\u00edticas estar\u00e1n vigentes hasta que sean modificadas por otras debidamente publicadas.<\/p>\n<p>Oeste Ingenier\u00eda S.L. 2021.[\/vc_column_text][\/vc_column][\/vc_row][vc_row parallax_style=\u00bbnone\u00bb parallax_scroll_effect=\u00bbfixed\u00bb css=\u00bb.vc_custom_1593679002314{margin-bottom: 60px !important;background-image: url(http:\/\/oesteingenieria.com\/wp-content\/uploads\/2020\/04\/testimonios.jpg?id=1034) !important;background-position: center !important;background-repeat: no-repeat !important;background-size: cover !important;}\u00bb][vc_column offset=\u00bbvc_hidden-lg vc_hidden-md vc_hidden-sm vc_hidden-xs\u00bb][vc_row_inner layout=\u00bbboxed\u00bb parallax_style=\u00bbnone\u00bb parallax_scroll_effect=\u00bbfixed\u00bb][vc_column_inner el_class=\u00bbcol-md-3 col-sm-6 col-xs-12&#8243; width=\u00bb1\/3&#8243;]\t\t\t<div class=\"darna-counter \">\n\t\t\t\t\t\t\t\t\t<span class=\"display-percentage\" style=\"color: \"\n\t\t\t\t\t\t  data-percentage=\"56\">56<\/span>\n\t\t\t\t\t\t\t\t\t\t\t<p class=\"counter-title\" style=\"color: \">PROYECTOS COMPLETADOS<\/p>\n\t\t\t\t\t\t\t\t<\/div>\n\t\t\t[\/vc_column_inner][vc_column_inner width=\u00bb1\/3&#8243;]\t\t\t<div class=\"darna-counter \">\n\t\t\t\t\t\t\t\t\t<span class=\"display-percentage\" style=\"color: \"\n\t\t\t\t\t\t  data-percentage=\"26\">26<\/span>\n\t\t\t\t\t\t\t\t\t\t\t<p class=\"counter-title\" style=\"color: \">TRABAJADORES CONTRATADOS<\/p>\n\t\t\t\t\t\t\t\t<\/div>\n\t\t\t[\/vc_column_inner][vc_column_inner width=\u00bb1\/3&#8243;]\t\t\t<div class=\"darna-counter \">\n\t\t\t\t\t\t\t\t\t<span class=\"display-percentage\" style=\"color: \"\n\t\t\t\t\t\t  data-percentage=\"58\">58<\/span>\n\t\t\t\t\t\t\t\t\t\t\t<p class=\"counter-title\" style=\"color: \">CLIENTES CONTENTOS<\/p>\n\t\t\t\t\t\t\t\t<\/div>\n\t\t\t[\/vc_column_inner][\/vc_row_inner][\/vc_column][\/vc_row][vc_row layout=\u00bbboxed\u00bb parallax_style=\u00bbnone\u00bb parallax_scroll_effect=\u00bbfixed\u00bb el_class=\u00bbmargin-bottom-100&#8243;][vc_column offset=\u00bbvc_hidden-lg vc_hidden-md vc_hidden-sm vc_hidden-xs\u00bb]\t\t\t<div\n\t\t\t\tclass=\"darna-heading style1 margin-bottom-40\" >\n\t\t\t\t\t\t\t\t\t<h2>NUESTRO EQUIPO<\/h2>\n\t\t\t\t\t\t\t\t\t\t\t\t\t<p>FORMADO POR PROFESIONALES ALTAMENTE CUALIFICADOS<\/p>\n\t\t\t\t\t\t\t<\/div>\n\t\t\t\t\t\t\t<div\n\t\t\t\t\tclass=\"darna-ourteam style1 \" >\n\t\t\t\t\t\t\t\t\t\t\t<div class=\"darna-ourteam-slider\">\n\t\t\t\t\t\t\t<div\n\t\t\t\t\t\t\t\tdata-plugin-options='{\"items\" : 4,\"pagination\":false,\"navigation\":true, \"autoPlay\": true }'\n\t\t\t\t\t\t\t\tclass=\"owl-carousel\">\n\t\t\t\t\t\t\t\t\t\t\t\t\t\t\t\t\t<div class=\"ourteam-item\">\n\t\t\t\t\t\t\t\t\t\t<div class=\"ourteam-avatar\">\n\t\t\t\t\t\t\t\t\t\t\t<img src=\"https:\/\/oesteingenieria.com\/es\/wp-content\/uploads\/2015\/07\/admin_oficina-270x266.jpg\"\n\t\t\t\t\t\t\t\t\t\t\t\t alt=\"OFICINA T\u00c9CNICA\"\/>\n\t\t\t\t\t\t\t\t\t\t\t<ul class=\"ourteam-social\">\n\t\t\t\t\t\t\t\t\t\t\t\t\t\t\t\t\t\t\t\t\t\t\t<\/ul>\n\t\t\t\t\t\t\t\t\t\t<\/div>\n\t\t\t\t\t\t\t\t\t\t<div class=\"ourteam-info\">\n\t\t\t\t\t\t\t\t\t\t\t\t\t\t\t\t\t\t\t\t\t\t\t<p>OFICINA T\u00c9CNICA<\/p>\n\t\t\t\t\t\t\t\t\t\t\t\t\t\t\t\t\t\t\t\t\t\t<span>Nuestro personal de oficina gestiona la documentaci\u00f3n y coordina todos los trabajos para que ajusten como un reloj<\/span>\n\t\t\t\t\t\t\t\t\t\t<\/div>\n\t\t\t\t\t\t\t\t\t<\/div>\n\t\t\t\t\t\t\t\t\t\t\t\t\t\t\t\t\t<div class=\"ourteam-item\">\n\t\t\t\t\t\t\t\t\t\t<div class=\"ourteam-avatar\">\n\t\t\t\t\t\t\t\t\t\t\t<img src=\"https:\/\/oesteingenieria.com\/es\/wp-content\/uploads\/2015\/07\/ourteam-2-270x266.jpg\"\n\t\t\t\t\t\t\t\t\t\t\t\t alt=\"OPERADORES\"\/>\n\t\t\t\t\t\t\t\t\t\t\t<ul class=\"ourteam-social\">\n\t\t\t\t\t\t\t\t\t\t\t\t\t\t\t\t\t\t\t\t\t\t\t<\/ul>\n\t\t\t\t\t\t\t\t\t\t<\/div>\n\t\t\t\t\t\t\t\t\t\t<div class=\"ourteam-info\">\n\t\t\t\t\t\t\t\t\t\t\t\t\t\t\t\t\t\t\t\t\t\t\t<p>OPERADORES<\/p>\n\t\t\t\t\t\t\t\t\t\t\t\t\t\t\t\t\t\t\t\t\t\t<span>Nuestros trabajadores de campo cuentan con la gran cualificaci\u00f3n y experiencia<\/span>\n\t\t\t\t\t\t\t\t\t\t<\/div>\n\t\t\t\t\t\t\t\t\t<\/div>\n\t\t\t\t\t\t\t\t\t\t\t\t\t\t\t\t\t<div class=\"ourteam-item\">\n\t\t\t\t\t\t\t\t\t\t<div class=\"ourteam-avatar\">\n\t\t\t\t\t\t\t\t\t\t\t<img src=\"https:\/\/oesteingenieria.com\/es\/wp-content\/uploads\/2015\/07\/ing_forestal-270x266.jpg\"\n\t\t\t\t\t\t\t\t\t\t\t\t alt=\"DIRECTORES DE OBRA\"\/>\n\t\t\t\t\t\t\t\t\t\t\t<ul class=\"ourteam-social\">\n\t\t\t\t\t\t\t\t\t\t\t\t\t\t\t\t\t\t\t\t\t\t\t<\/ul>\n\t\t\t\t\t\t\t\t\t\t<\/div>\n\t\t\t\t\t\t\t\t\t\t<div class=\"ourteam-info\">\n\t\t\t\t\t\t\t\t\t\t\t\t\t\t\t\t\t\t\t\t\t\t\t<p>DIRECTORES DE OBRA<\/p>\n\t\t\t\t\t\t\t\t\t\t\t\t\t\t\t\t\t\t\t\t\t\t<span>Contamos con la mejor direcci\u00f3n para nuestras obras<\/span>\n\t\t\t\t\t\t\t\t\t\t<\/div>\n\t\t\t\t\t\t\t\t\t<\/div>\n\t\t\t\t\t\t\t\t\t\t\t\t\t\t\t\t\t<div class=\"ourteam-item\">\n\t\t\t\t\t\t\t\t\t\t<div class=\"ourteam-avatar\">\n\t\t\t\t\t\t\t\t\t\t\t<img src=\"https:\/\/oesteingenieria.com\/es\/wp-content\/uploads\/2015\/07\/ing_industrial-270x266.jpg\"\n\t\t\t\t\t\t\t\t\t\t\t\t alt=\"INGENIER\u00cdA INDUSTRIAL\"\/>\n\t\t\t\t\t\t\t\t\t\t\t<ul class=\"ourteam-social\">\n\t\t\t\t\t\t\t\t\t\t\t\t\t\t\t\t\t\t\t\t\t\t\t<\/ul>\n\t\t\t\t\t\t\t\t\t\t<\/div>\n\t\t\t\t\t\t\t\t\t\t<div class=\"ourteam-info\">\n\t\t\t\t\t\t\t\t\t\t\t\t\t\t\t\t\t\t\t\t\t\t\t<p>INGENIER\u00cdA INDUSTRIAL<\/p>\n\t\t\t\t\t\t\t\t\t\t\t\t\t\t\t\t\t\t\t\t\t\t<span>Realizan estudios y dise\u00f1os con los m\u00e1s altos niveles de calidad<\/span>\n\t\t\t\t\t\t\t\t\t\t<\/div>\n\t\t\t\t\t\t\t\t\t<\/div>\n\t\t\t\t\t\t\t\t\t\t\t\t\t\t\t<\/div>\n\t\t\t\t\t\t<\/div>\n\t\t\t\t\t\t\t\t\t<\/div>\n\t\t\t[\/vc_column][\/vc_row]<\/p>\n","protected":false},"excerpt":{"rendered":"<p>[vc_row layout=\u00bbboxed\u00bb][vc_column][vc_row_inner][vc_column_inner][\/vc_column_inner][\/vc_row_inner][vc_column_text] COOKIES Las cookies son peque\u00f1as cantidades de informaci\u00f3n que se almacenan en el navegador utilizado por cada usuario para que el servidor recuerde cierta informaci\u00f3n que posteriormente pueda utilizar. TIPOS DE COOKIES QUE UTILIZAMOS Esta p\u00e1gina web utiliza cookies de terceros que son aquellas que se env\u00edan a tu ordenador o terminal desde [&hellip;]<\/p>\n","protected":false},"author":1,"featured_media":0,"parent":0,"menu_order":0,"comment_status":"closed","ping_status":"closed","template":"","meta":[],"yoast_head":"<!-- This site is optimized with the Yoast SEO plugin v17.3 - https:\/\/yoast.com\/wordpress\/plugins\/seo\/ -->\n<title>Pol\u00edtica de Cookies - Oeste Ingenier\u00eda<\/title>\n<meta name=\"robots\" content=\"index, follow, max-snippet:-1, max-image-preview:large, max-video-preview:-1\" \/>\n<link rel=\"canonical\" href=\"https:\/\/oesteingenieria.com\/es\/politica-de-cookies\/\" \/>\n<meta property=\"og:locale\" content=\"es_ES\" \/>\n<meta property=\"og:type\" content=\"article\" \/>\n<meta property=\"og:title\" content=\"Pol\u00edtica de Cookies - Oeste Ingenier\u00eda\" \/>\n<meta property=\"og:description\" content=\"[vc_row layout=\u00bbboxed\u00bb][vc_column][vc_row_inner][vc_column_inner][\/vc_column_inner][\/vc_row_inner][vc_column_text] COOKIES Las cookies son peque\u00f1as cantidades de informaci\u00f3n que se almacenan en el navegador utilizado por cada usuario para que el servidor recuerde cierta informaci\u00f3n que posteriormente pueda utilizar. TIPOS DE COOKIES QUE UTILIZAMOS Esta p\u00e1gina web utiliza cookies de terceros que son aquellas que se env\u00edan a tu ordenador o terminal desde [&hellip;]\" \/>\n<meta property=\"og:url\" content=\"https:\/\/oesteingenieria.com\/es\/politica-de-cookies\/\" \/>\n<meta property=\"og:site_name\" content=\"Oeste Ingenier\u00eda\" \/>\n<meta property=\"article:modified_time\" content=\"2021-10-01T17:30:51+00:00\" \/>\n<meta name=\"twitter:card\" content=\"summary_large_image\" \/>\n<meta name=\"twitter:site\" content=\"@OesteIngenieria\" \/>\n<meta name=\"twitter:label1\" content=\"Tiempo de lectura\" \/>\n\t<meta name=\"twitter:data1\" content=\"2 minutos\" \/>\n<script type=\"application\/ld+json\" class=\"yoast-schema-graph\">{\"@context\":\"https:\/\/schema.org\",\"@graph\":[{\"@type\":\"Organization\",\"@id\":\"https:\/\/oesteingenieria.com\/es\/#organization\",\"name\":\"Oeste Ingenier\\u00eda\",\"url\":\"https:\/\/oesteingenieria.com\/es\/\",\"sameAs\":[\"https:\/\/twitter.com\/OesteIngenieria\"],\"logo\":{\"@type\":\"ImageObject\",\"@id\":\"https:\/\/oesteingenieria.com\/es\/#logo\",\"inLanguage\":\"es\",\"url\":\"https:\/\/oesteingenieria.com\/es\/wp-content\/uploads\/2020\/04\/logo_xhdpi.png\",\"contentUrl\":\"https:\/\/oesteingenieria.com\/es\/wp-content\/uploads\/2020\/04\/logo_xhdpi.png\",\"width\":520,\"height\":340,\"caption\":\"Oeste Ingenier\\u00eda\"},\"image\":{\"@id\":\"https:\/\/oesteingenieria.com\/es\/#logo\"}},{\"@type\":\"WebSite\",\"@id\":\"https:\/\/oesteingenieria.com\/es\/#website\",\"url\":\"https:\/\/oesteingenieria.com\/es\/\",\"name\":\"Oeste Ingenier\\u00eda - Proyectos forestales, rurales y medioambientales\",\"description\":\"Ingenier\\u00eda forestal, civil y medioambiental. Proyectos con energ\\u00eda.\",\"publisher\":{\"@id\":\"https:\/\/oesteingenieria.com\/es\/#organization\"},\"potentialAction\":[{\"@type\":\"SearchAction\",\"target\":{\"@type\":\"EntryPoint\",\"urlTemplate\":\"https:\/\/oesteingenieria.com\/es\/?s={search_term_string}\"},\"query-input\":\"required name=search_term_string\"}],\"inLanguage\":\"es\"},{\"@type\":\"WebPage\",\"@id\":\"https:\/\/oesteingenieria.com\/es\/politica-de-cookies\/#webpage\",\"url\":\"https:\/\/oesteingenieria.com\/es\/politica-de-cookies\/\",\"name\":\"Pol\\u00edtica de Cookies - Oeste Ingenier\\u00eda\",\"isPartOf\":{\"@id\":\"https:\/\/oesteingenieria.com\/es\/#website\"},\"datePublished\":\"2021-10-01T12:14:05+00:00\",\"dateModified\":\"2021-10-01T17:30:51+00:00\",\"breadcrumb\":{\"@id\":\"https:\/\/oesteingenieria.com\/es\/politica-de-cookies\/#breadcrumb\"},\"inLanguage\":\"es\",\"potentialAction\":[{\"@type\":\"ReadAction\",\"target\":[\"https:\/\/oesteingenieria.com\/es\/politica-de-cookies\/\"]}]},{\"@type\":\"BreadcrumbList\",\"@id\":\"https:\/\/oesteingenieria.com\/es\/politica-de-cookies\/#breadcrumb\",\"itemListElement\":[{\"@type\":\"ListItem\",\"position\":1,\"name\":\"Pol\\u00edtica de Cookies\"}]}]}<\/script>\n<!-- \/ Yoast SEO plugin. -->","yoast_head_json":{"title":"Pol\u00edtica de Cookies - Oeste Ingenier\u00eda","robots":{"index":"index","follow":"follow","max-snippet":"max-snippet:-1","max-image-preview":"max-image-preview:large","max-video-preview":"max-video-preview:-1"},"canonical":"https:\/\/oesteingenieria.com\/es\/politica-de-cookies\/","og_locale":"es_ES","og_type":"article","og_title":"Pol\u00edtica de Cookies - Oeste Ingenier\u00eda","og_description":"[vc_row layout=\u00bbboxed\u00bb][vc_column][vc_row_inner][vc_column_inner][\/vc_column_inner][\/vc_row_inner][vc_column_text] COOKIES Las cookies son peque\u00f1as cantidades de informaci\u00f3n que se almacenan en el navegador utilizado por cada usuario para que el servidor recuerde cierta informaci\u00f3n que posteriormente pueda utilizar. TIPOS DE COOKIES QUE UTILIZAMOS Esta p\u00e1gina web utiliza cookies de terceros que son aquellas que se env\u00edan a tu ordenador o terminal desde [&hellip;]","og_url":"https:\/\/oesteingenieria.com\/es\/politica-de-cookies\/","og_site_name":"Oeste Ingenier\u00eda","article_modified_time":"2021-10-01T17:30:51+00:00","twitter_card":"summary_large_image","twitter_site":"@OesteIngenieria","twitter_misc":{"Tiempo de lectura":"2 minutos"},"schema":{"@context":"https:\/\/schema.org","@graph":[{"@type":"Organization","@id":"https:\/\/oesteingenieria.com\/es\/#organization","name":"Oeste Ingenier\u00eda","url":"https:\/\/oesteingenieria.com\/es\/","sameAs":["https:\/\/twitter.com\/OesteIngenieria"],"logo":{"@type":"ImageObject","@id":"https:\/\/oesteingenieria.com\/es\/#logo","inLanguage":"es","url":"https:\/\/oesteingenieria.com\/es\/wp-content\/uploads\/2020\/04\/logo_xhdpi.png","contentUrl":"https:\/\/oesteingenieria.com\/es\/wp-content\/uploads\/2020\/04\/logo_xhdpi.png","width":520,"height":340,"caption":"Oeste Ingenier\u00eda"},"image":{"@id":"https:\/\/oesteingenieria.com\/es\/#logo"}},{"@type":"WebSite","@id":"https:\/\/oesteingenieria.com\/es\/#website","url":"https:\/\/oesteingenieria.com\/es\/","name":"Oeste Ingenier\u00eda - Proyectos forestales, rurales y medioambientales","description":"Ingenier\u00eda forestal, civil y medioambiental. Proyectos con energ\u00eda.","publisher":{"@id":"https:\/\/oesteingenieria.com\/es\/#organization"},"potentialAction":[{"@type":"SearchAction","target":{"@type":"EntryPoint","urlTemplate":"https:\/\/oesteingenieria.com\/es\/?s={search_term_string}"},"query-input":"required name=search_term_string"}],"inLanguage":"es"},{"@type":"WebPage","@id":"https:\/\/oesteingenieria.com\/es\/politica-de-cookies\/#webpage","url":"https:\/\/oesteingenieria.com\/es\/politica-de-cookies\/","name":"Pol\u00edtica de Cookies - Oeste Ingenier\u00eda","isPartOf":{"@id":"https:\/\/oesteingenieria.com\/es\/#website"},"datePublished":"2021-10-01T12:14:05+00:00","dateModified":"2021-10-01T17:30:51+00:00","breadcrumb":{"@id":"https:\/\/oesteingenieria.com\/es\/politica-de-cookies\/#breadcrumb"},"inLanguage":"es","potentialAction":[{"@type":"ReadAction","target":["https:\/\/oesteingenieria.com\/es\/politica-de-cookies\/"]}]},{"@type":"BreadcrumbList","@id":"https:\/\/oesteingenieria.com\/es\/politica-de-cookies\/#breadcrumb","itemListElement":[{"@type":"ListItem","position":1,"name":"Pol\u00edtica de Cookies"}]}]}},"_links":{"self":[{"href":"https:\/\/oesteingenieria.com\/es\/wp-json\/wp\/v2\/pages\/1306"}],"collection":[{"href":"https:\/\/oesteingenieria.com\/es\/wp-json\/wp\/v2\/pages"}],"about":[{"href":"https:\/\/oesteingenieria.com\/es\/wp-json\/wp\/v2\/types\/page"}],"author":[{"embeddable":true,"href":"https:\/\/oesteingenieria.com\/es\/wp-json\/wp\/v2\/users\/1"}],"replies":[{"embeddable":true,"href":"https:\/\/oesteingenieria.com\/es\/wp-json\/wp\/v2\/comments?post=1306"}],"version-history":[{"count":5,"href":"https:\/\/oesteingenieria.com\/es\/wp-json\/wp\/v2\/pages\/1306\/revisions"}],"predecessor-version":[{"id":1313,"href":"https:\/\/oesteingenieria.com\/es\/wp-json\/wp\/v2\/pages\/1306\/revisions\/1313"}],"wp:attachment":[{"href":"https:\/\/oesteingenieria.com\/es\/wp-json\/wp\/v2\/media?parent=1306"}],"curies":[{"name":"wp","href":"https:\/\/api.w.org\/{rel}","templated":true}]}}