{"id":121,"date":"2015-07-18T09:28:32","date_gmt":"2015-07-18T09:28:32","guid":{"rendered":"http:\/\/oesteingenieria.com\/?page_id=121"},"modified":"2021-06-24T08:30:42","modified_gmt":"2021-06-24T08:30:42","slug":"nuestros-servicios","status":"publish","type":"page","link":"https:\/\/oesteingenieria.com\/es\/nuestros-servicios\/","title":{"rendered":"Servicios"},"content":{"rendered":"<p>[vc_row parallax_style=\u00bbnone\u00bb parallax_scroll_effect=\u00bbfixed\u00bb css=\u00bb.vc_custom_1437736819449{background-color: #f8f8f8 !important;}\u00bb][vc_column]\t\t\t<div\n\t\t\t\tclass=\"darna-heading style1 margin-bottom-25\" >\n\t\t\t\t\t\t\t\t\t<h2>QU\u00c9 HACEMOS<\/h2>\n\t\t\t\t\t\t\t\t\t\t\t\t\t<p>PONEMOS LO MEJOR DE NOSOTROS<\/p>\n\t\t\t\t\t\t\t<\/div>\n\t\t\t\t\t\t<div data-plugin-options='{&quot;navigation&quot;:true,&quot;pagination&quot;:false,&quot;singleItem&quot;:false,&quot;stopOnHover&quot;:false,&quot;autoHeight&quot;:false,&quot;autoPlay&quot;:true,&quot;items&quot;:4,&quot;itemsDesktop&quot;:[4],&quot;itemsDesktopSmall&quot;:[4],&quot;itemsTablet&quot;:[2],&quot;itemsTabletSmall&quot;:[2],&quot;itemsMobile&quot;:[1],&quot;itemsScaleUp&quot;:false}'\n\t\t\t     class=\"darna-slider-container owl-carousel  \" >\n\t\t\t\t\t\t\t<div\n\t\t\t\tclass=\"darna-icon-box style2 \" >\n\t\t\t\t<a class=\"ibox-icon\" title=\"\"\n\t\t\t\t   target=\"_self\" href=\"#\">\n\t\t\t\t\t\t\t\t\t\t\t<i class=\"flaticon-control9\"><\/i>\n\t\t\t\t\t\t\t\t\t<\/a>\n\t\t\t\t\t\t\t\t\t<h3><a title=\"\" target=\"_self\"\n\t\t\t\t\t       href=\"#\">CONSULTOR\u00cdA<\/a><\/h3>\n\t\t\t\t\t\t\t\t\t<p>Realizamos todo tipo de consultor\u00eda de proyectos relacionados con obra civil, medio ambiente, energ\u00edas renovables, paisajismo, etc.<\/p>\n\t\t\t\t\t\t\t<\/div>\n\t\t\t\t\t\t<div\n\t\t\t\tclass=\"darna-icon-box style2 \" >\n\t\t\t\t<a class=\"ibox-icon\" title=\"\"\n\t\t\t\t   target=\"_self\" href=\"#\">\n\t\t\t\t\t\t\t\t\t\t\t<i class=\"flaticon-excavator\"><\/i>\n\t\t\t\t\t\t\t\t\t<\/a>\n\t\t\t\t\t\t\t\t\t<h3><a title=\"\" target=\"_self\"\n\t\t\t\t\t       href=\"#\">Obra Civil<\/a><\/h3>\n\t\t\t\t\t\t\t\t\t<p>Acometemos obras civiles de muy diversa \u00edndole.<\/p>\n\t\t\t\t\t\t\t<\/div>\n\t\t\t\t\t\t<div\n\t\t\t\tclass=\"darna-icon-box style2 \" >\n\t\t\t\t<a class=\"ibox-icon\" title=\"SACA DE CORCHO\"\n\t\t\t\t   target=\"_self\" href=\"https:\/\/oesteingenieria.com\/es\/saca-corcho\/\">\n\t\t\t\t\t\t\t\t\t\t\t<i class=\"flaticon-axe3\"><\/i>\n\t\t\t\t\t\t\t\t\t<\/a>\n\t\t\t\t\t\t\t\t\t<h3><a title=\"SACA DE CORCHO\" target=\"_self\"\n\t\t\t\t\t       href=\"https:\/\/oesteingenieria.com\/es\/saca-corcho\/\">Sacas de corcho<\/a><\/h3>\n\t\t\t\t\t\t\t\t\t<p>Realizamos sacas de corcho con \u00faltimas tecnolog\u00edas y profesionales muy experimentados<\/p>\n\t\t\t\t\t\t\t<\/div>\n\t\t\t\t\t\t<div\n\t\t\t\tclass=\"darna-icon-box style2 \" >\n\t\t\t\t<a class=\"ibox-icon\" title=\"\"\n\t\t\t\t   target=\"_self\" href=\"#\">\n\t\t\t\t\t\t\t\t\t\t\t<img src=\"https:\/\/oesteingenieria.com\/es\/wp-content\/uploads\/2020\/04\/solar-panel.png\"\/>\n\t\t\t\t\t\t\t\t\t<\/a>\n\t\t\t\t\t\t\t\t\t<h3><a title=\"\" target=\"_self\"\n\t\t\t\t\t       href=\"#\">Energ\u00eda Solar<\/a><\/h3>\n\t\t\t\t\t\t\t\t\t<p>Realizamos proyectos de dise\u00f1o, construcci\u00f3n y direcci\u00f3n de obras para plantas fotovoltaicas.<\/p>\n\t\t\t\t\t\t\t<\/div>\n\t\t\t\t\t\t<div\n\t\t\t\tclass=\"darna-icon-box style2 \" >\n\t\t\t\t<a class=\"ibox-icon\" title=\"\"\n\t\t\t\t   target=\"_self\" href=\"#\">\n\t\t\t\t\t\t\t\t\t\t\t<i class=\"flaticon-leaf32\"><\/i>\n\t\t\t\t\t\t\t\t\t<\/a>\n\t\t\t\t\t\t\t\t\t<h3><a title=\"\" target=\"_self\"\n\t\t\t\t\t       href=\"#\">Medio ambiente<\/a><\/h3>\n\t\t\t\t\t\t\t\t\t<p>Somos referente en obras de adecuaci\u00f3n para el medio ambiente.<\/p>\n\t\t\t\t\t\t\t<\/div>\n\t\t\t\t\t\t<\/div>\n\t\t\t[\/vc_column][\/vc_row][vc_row parallax=\u00bbcontent-moving\u00bb overlay_set=\u00bbshow_overlay_color\u00bb overlay_color=\u00bb#000000&#8243; overlay_opacity=\u00bb75&#8243; parallax_style=\u00bbvertical-parallax\u00bb parallax_scroll_effect=\u00bbfixed\u00bb css=\u00bb.vc_custom_1444121608521{background-image: url(http:\/\/oesteingenieria.com\/wp-content\/uploads\/2015\/07\/bg-process.jpg?id=267) !important;}\u00bb][vc_column][vc_row_inner layout=\u00bbboxed\u00bb parallax_style=\u00bbnone\u00bb parallax_scroll_effect=\u00bbfixed\u00bb el_class=\u00bbmargin-bottom-100 margin-top-100&#8243;][vc_column_inner el_class=\u00bbcol-md-3 col-sm-12 col-xs-12&#8243; width=\u00bb1\/4&#8243;]\t\t\t<div\n\t\t\t\tclass=\"darna-process style1  \" >\n\t\t\t\t\t\t\t\t\t\t\t\t\t<h3>01\t\t\t\t\t\t\t<i class=\"fa fa-long-arrow-right\"><\/i>\n\t\t\t\t\t\t\t\t\t\t\t<\/h3>\n\t\t\t\t\t\t\t\t\t\t\t\t\t<h2>\n\t\t\t\t\t\t<a target=\"_self\"\n\t\t\t\t\t\t   href=\"#\">AN\u00c1LISIS<\/a>\n\t\t\t\t\t<\/h2>\n\t\t\t\t\t\t\t\t\t<p>Estudiamos en profundidad sus necesidades para estar seguros de contemplar todos los escenarios posibles<\/p>\n\t\t\t\t\t\t\t<\/div>\n\t\t\t[\/vc_column_inner][vc_column_inner el_class=\u00bbcol-md-3 col-sm-12 col-xs-12&#8243; width=\u00bb1\/4&#8243;]\t\t\t<div\n\t\t\t\tclass=\"darna-process style1  \" >\n\t\t\t\t\t\t\t\t\t\t\t\t\t<h3>02\t\t\t\t\t\t\t<i class=\"fa fa-long-arrow-right\"><\/i>\n\t\t\t\t\t\t\t\t\t\t\t<\/h3>\n\t\t\t\t\t\t\t\t\t\t\t\t\t<h2>\n\t\t\t\t\t\t<a target=\"_self\"\n\t\t\t\t\t\t   href=\"#\">DISE\u00d1O<\/a>\n\t\t\t\t\t<\/h2>\n\t\t\t\t\t\t\t\t\t<p>Dise\u00f1amos la mejor soluci\u00f3n adaptada a sus requerimientos<\/p>\n\t\t\t\t\t\t\t<\/div>\n\t\t\t[\/vc_column_inner][vc_column_inner el_class=\u00bbcol-md-3 col-sm-12 col-xs-12&#8243; width=\u00bb1\/4&#8243;]\t\t\t<div\n\t\t\t\tclass=\"darna-process style1  \" >\n\t\t\t\t\t\t\t\t\t\t\t\t\t<h3>03\t\t\t\t\t\t\t<i class=\"fa fa-long-arrow-right\"><\/i>\n\t\t\t\t\t\t\t\t\t\t\t<\/h3>\n\t\t\t\t\t\t\t\t\t\t\t\t\t<h2>\n\t\t\t\t\t\t<a target=\"_self\"\n\t\t\t\t\t\t   href=\"#\">EJECUCI\u00d3N<\/a>\n\t\t\t\t\t<\/h2>\n\t\t\t\t\t\t\t\t\t<p>Realizamos la ejecuci\u00f3n de las obras, instalaciones y direcciones t\u00e9cnicas dentro de los plazos y cumpliendo los hitos marcados, contando para ello con el mejor personal t\u00e9cnico posible.<\/p>\n\t\t\t\t\t\t\t<\/div>\n\t\t\t[\/vc_column_inner][vc_column_inner el_class=\u00bbcol-md-3 col-sm-12 col-xs-12&#8243; width=\u00bb1\/4&#8243;]\t\t\t<div\n\t\t\t\tclass=\"darna-process style1  \" >\n\t\t\t\t\t\t\t\t\t\t\t\t\t<h3>04\t\t\t\t\t<\/h3>\n\t\t\t\t\t\t\t\t\t\t\t\t\t<h2>\n\t\t\t\t\t\t<a target=\"_self\"\n\t\t\t\t\t\t   href=\"#\">ENTREGA<\/a>\n\t\t\t\t\t<\/h2>\n\t\t\t\t\t\t\t\t\t<p>Nuestros proyectos se entregan con garant\u00edas. La satisfacci\u00f3n de nuestros clientes es una m\u00e1xima en Oeste Ingenier\u00eda<\/p>\n\t\t\t\t\t\t\t<\/div>\n\t\t\t[\/vc_column_inner][\/vc_row_inner][\/vc_column][\/vc_row][vc_row parallax_style=\u00bbnone\u00bb parallax_scroll_effect=\u00bbfixed\u00bb css=\u00bb.vc_custom_1438058497225{background-image: url(http:\/\/oesteingenieria.com\/wp-content\/uploads\/2015\/07\/bg.jpg?id=624) !important;background-position: 0 0 !important;background-repeat: repeat !important;}\u00bb][vc_column width=\u00bb1\/3&#8243;]\t\t\t<div class=\"darna-counter \">\n\t\t\t\t\t\t\t\t\t<span class=\"display-percentage\" style=\"color: \"\n\t\t\t\t\t\t  data-percentage=\"12\">12<\/span>\n\t\t\t\t\t\t\t\t\t\t\t<p class=\"counter-title\" style=\"color: \">PROYECTOS ENTREGADOS<\/p>\n\t\t\t\t\t\t\t\t<\/div>\n\t\t\t[\/vc_column][vc_column width=\u00bb1\/3&#8243;]\t\t\t<div class=\"darna-counter \">\n\t\t\t\t\t\t\t\t\t<span class=\"display-percentage\" style=\"color: \"\n\t\t\t\t\t\t  data-percentage=\"9\">9<\/span>\n\t\t\t\t\t\t\t\t\t\t\t<p class=\"counter-title\" style=\"color: \">TRABAJADORES<\/p>\n\t\t\t\t\t\t\t\t<\/div>\n\t\t\t[\/vc_column][vc_column width=\u00bb1\/3&#8243;]\t\t\t<div class=\"darna-counter \">\n\t\t\t\t\t\t\t\t\t<span class=\"display-percentage\" style=\"color: \"\n\t\t\t\t\t\t  data-percentage=\"24\">24<\/span>\n\t\t\t\t\t\t\t\t\t\t\t<p class=\"counter-title\" style=\"color: \">CLIENTES SATISFECHOS<\/p>\n\t\t\t\t\t\t\t\t<\/div>\n\t\t\t[\/vc_column][\/vc_row]<\/p>\n","protected":false},"excerpt":{"rendered":"<p>[vc_row parallax_style=\u00bbnone\u00bb parallax_scroll_effect=\u00bbfixed\u00bb css=\u00bb.vc_custom_1437736819449{background-color: #f8f8f8 !important;}\u00bb][vc_column][\/vc_column][\/vc_row][vc_row parallax=\u00bbcontent-moving\u00bb overlay_set=\u00bbshow_overlay_color\u00bb overlay_color=\u00bb#000000&#8243; overlay_opacity=\u00bb75&#8243; parallax_style=\u00bbvertical-parallax\u00bb parallax_scroll_effect=\u00bbfixed\u00bb css=\u00bb.vc_custom_1444121608521{background-image: url(http:\/\/oesteingenieria.com\/wp-content\/uploads\/2015\/07\/bg-process.jpg?id=267) !important;}\u00bb][vc_column][vc_row_inner layout=\u00bbboxed\u00bb parallax_style=\u00bbnone\u00bb parallax_scroll_effect=\u00bbfixed\u00bb el_class=\u00bbmargin-bottom-100 margin-top-100&#8243;][vc_column_inner el_class=\u00bbcol-md-3 col-sm-12 col-xs-12&#8243; width=\u00bb1\/4&#8243;][\/vc_column_inner][vc_column_inner el_class=\u00bbcol-md-3 col-sm-12 col-xs-12&#8243; width=\u00bb1\/4&#8243;][\/vc_column_inner][vc_column_inner el_class=\u00bbcol-md-3 col-sm-12 col-xs-12&#8243; width=\u00bb1\/4&#8243;][\/vc_column_inner][vc_column_inner el_class=\u00bbcol-md-3 col-sm-12 col-xs-12&#8243; width=\u00bb1\/4&#8243;][\/vc_column_inner][\/vc_row_inner][\/vc_column][\/vc_row][vc_row parallax_style=\u00bbnone\u00bb parallax_scroll_effect=\u00bbfixed\u00bb css=\u00bb.vc_custom_1438058497225{background-image: url(http:\/\/oesteingenieria.com\/wp-content\/uploads\/2015\/07\/bg.jpg?id=624) !important;background-position: 0 0 !important;background-repeat: repeat !important;}\u00bb][vc_column width=\u00bb1\/3&#8243;][\/vc_column][vc_column width=\u00bb1\/3&#8243;][\/vc_column][vc_column width=\u00bb1\/3&#8243;][\/vc_column][\/vc_row]<\/p>\n","protected":false},"author":1,"featured_media":0,"parent":0,"menu_order":0,"comment_status":"closed","ping_status":"closed","template":"","meta":[],"yoast_head":"<!-- This site is optimized with the Yoast SEO plugin v17.3 - https:\/\/yoast.com\/wordpress\/plugins\/seo\/ -->\n<title>Servicios - Oeste Ingenier\u00eda<\/title>\n<meta name=\"robots\" content=\"index, follow, max-snippet:-1, max-image-preview:large, max-video-preview:-1\" \/>\n<link rel=\"canonical\" href=\"https:\/\/oesteingenieria.com\/es\/nuestros-servicios\/\" \/>\n<meta property=\"og:locale\" content=\"es_ES\" \/>\n<meta property=\"og:type\" content=\"article\" \/>\n<meta property=\"og:title\" content=\"Servicios - Oeste Ingenier\u00eda\" \/>\n<meta property=\"og:description\" content=\"[vc_row parallax_style=\u00bbnone\u00bb parallax_scroll_effect=\u00bbfixed\u00bb css=\u00bb.vc_custom_1437736819449{background-color: #f8f8f8 !important;}\u00bb][vc_column][\/vc_column][\/vc_row][vc_row parallax=\u00bbcontent-moving\u00bb overlay_set=\u00bbshow_overlay_color\u00bb overlay_color=\u00bb#000000&#8243; overlay_opacity=\u00bb75&#8243; parallax_style=\u00bbvertical-parallax\u00bb parallax_scroll_effect=\u00bbfixed\u00bb css=\u00bb.vc_custom_1444121608521{background-image: url(http:\/\/oesteingenieria.com\/wp-content\/uploads\/2015\/07\/bg-process.jpg?id=267) !important;}\u00bb][vc_column][vc_row_inner layout=\u00bbboxed\u00bb parallax_style=\u00bbnone\u00bb parallax_scroll_effect=\u00bbfixed\u00bb el_class=\u00bbmargin-bottom-100 margin-top-100&#8243;][vc_column_inner el_class=\u00bbcol-md-3 col-sm-12 col-xs-12&#8243; width=\u00bb1\/4&#8243;][\/vc_column_inner][vc_column_inner el_class=\u00bbcol-md-3 col-sm-12 col-xs-12&#8243; width=\u00bb1\/4&#8243;][\/vc_column_inner][vc_column_inner el_class=\u00bbcol-md-3 col-sm-12 col-xs-12&#8243; width=\u00bb1\/4&#8243;][\/vc_column_inner][vc_column_inner el_class=\u00bbcol-md-3 col-sm-12 col-xs-12&#8243; width=\u00bb1\/4&#8243;][\/vc_column_inner][\/vc_row_inner][\/vc_column][\/vc_row][vc_row parallax_style=\u00bbnone\u00bb parallax_scroll_effect=\u00bbfixed\u00bb css=\u00bb.vc_custom_1438058497225{background-image: url(http:\/\/oesteingenieria.com\/wp-content\/uploads\/2015\/07\/bg.jpg?id=624) !important;background-position: 0 0 !important;background-repeat: repeat !important;}\u00bb][vc_column width=\u00bb1\/3&#8243;][\/vc_column][vc_column width=\u00bb1\/3&#8243;][\/vc_column][vc_column width=\u00bb1\/3&#8243;][\/vc_column][\/vc_row]\" \/>\n<meta property=\"og:url\" content=\"https:\/\/oesteingenieria.com\/es\/nuestros-servicios\/\" \/>\n<meta property=\"og:site_name\" content=\"Oeste Ingenier\u00eda\" \/>\n<meta property=\"article:modified_time\" content=\"2021-06-24T08:30:42+00:00\" \/>\n<meta name=\"twitter:card\" content=\"summary_large_image\" \/>\n<meta name=\"twitter:site\" content=\"@OesteIngenieria\" \/>\n<meta name=\"twitter:label1\" content=\"Tiempo de lectura\" \/>\n\t<meta name=\"twitter:data1\" content=\"2 minutos\" \/>\n<script type=\"application\/ld+json\" class=\"yoast-schema-graph\">{\"@context\":\"https:\/\/schema.org\",\"@graph\":[{\"@type\":\"Organization\",\"@id\":\"https:\/\/oesteingenieria.com\/es\/#organization\",\"name\":\"Oeste Ingenier\\u00eda\",\"url\":\"https:\/\/oesteingenieria.com\/es\/\",\"sameAs\":[\"https:\/\/twitter.com\/OesteIngenieria\"],\"logo\":{\"@type\":\"ImageObject\",\"@id\":\"https:\/\/oesteingenieria.com\/es\/#logo\",\"inLanguage\":\"es\",\"url\":\"https:\/\/oesteingenieria.com\/es\/wp-content\/uploads\/2020\/04\/logo_xhdpi.png\",\"contentUrl\":\"https:\/\/oesteingenieria.com\/es\/wp-content\/uploads\/2020\/04\/logo_xhdpi.png\",\"width\":520,\"height\":340,\"caption\":\"Oeste Ingenier\\u00eda\"},\"image\":{\"@id\":\"https:\/\/oesteingenieria.com\/es\/#logo\"}},{\"@type\":\"WebSite\",\"@id\":\"https:\/\/oesteingenieria.com\/es\/#website\",\"url\":\"https:\/\/oesteingenieria.com\/es\/\",\"name\":\"Oeste Ingenier\\u00eda - Proyectos forestales, rurales y medioambientales\",\"description\":\"Ingenier\\u00eda forestal, civil y medioambiental. Proyectos con energ\\u00eda.\",\"publisher\":{\"@id\":\"https:\/\/oesteingenieria.com\/es\/#organization\"},\"potentialAction\":[{\"@type\":\"SearchAction\",\"target\":{\"@type\":\"EntryPoint\",\"urlTemplate\":\"https:\/\/oesteingenieria.com\/es\/?s={search_term_string}\"},\"query-input\":\"required name=search_term_string\"}],\"inLanguage\":\"es\"},{\"@type\":\"WebPage\",\"@id\":\"https:\/\/oesteingenieria.com\/es\/nuestros-servicios\/#webpage\",\"url\":\"https:\/\/oesteingenieria.com\/es\/nuestros-servicios\/\",\"name\":\"Servicios - Oeste Ingenier\\u00eda\",\"isPartOf\":{\"@id\":\"https:\/\/oesteingenieria.com\/es\/#website\"},\"datePublished\":\"2015-07-18T09:28:32+00:00\",\"dateModified\":\"2021-06-24T08:30:42+00:00\",\"breadcrumb\":{\"@id\":\"https:\/\/oesteingenieria.com\/es\/nuestros-servicios\/#breadcrumb\"},\"inLanguage\":\"es\",\"potentialAction\":[{\"@type\":\"ReadAction\",\"target\":[\"https:\/\/oesteingenieria.com\/es\/nuestros-servicios\/\"]}]},{\"@type\":\"BreadcrumbList\",\"@id\":\"https:\/\/oesteingenieria.com\/es\/nuestros-servicios\/#breadcrumb\",\"itemListElement\":[{\"@type\":\"ListItem\",\"position\":1,\"name\":\"Servicios\"}]}]}<\/script>\n<!-- \/ Yoast SEO plugin. -->","yoast_head_json":{"title":"Servicios - Oeste Ingenier\u00eda","robots":{"index":"index","follow":"follow","max-snippet":"max-snippet:-1","max-image-preview":"max-image-preview:large","max-video-preview":"max-video-preview:-1"},"canonical":"https:\/\/oesteingenieria.com\/es\/nuestros-servicios\/","og_locale":"es_ES","og_type":"article","og_title":"Servicios - Oeste Ingenier\u00eda","og_description":"[vc_row parallax_style=\u00bbnone\u00bb parallax_scroll_effect=\u00bbfixed\u00bb css=\u00bb.vc_custom_1437736819449{background-color: #f8f8f8 !important;}\u00bb][vc_column][\/vc_column][\/vc_row][vc_row parallax=\u00bbcontent-moving\u00bb overlay_set=\u00bbshow_overlay_color\u00bb overlay_color=\u00bb#000000&#8243; overlay_opacity=\u00bb75&#8243; parallax_style=\u00bbvertical-parallax\u00bb parallax_scroll_effect=\u00bbfixed\u00bb css=\u00bb.vc_custom_1444121608521{background-image: url(http:\/\/oesteingenieria.com\/wp-content\/uploads\/2015\/07\/bg-process.jpg?id=267) !important;}\u00bb][vc_column][vc_row_inner layout=\u00bbboxed\u00bb parallax_style=\u00bbnone\u00bb parallax_scroll_effect=\u00bbfixed\u00bb el_class=\u00bbmargin-bottom-100 margin-top-100&#8243;][vc_column_inner el_class=\u00bbcol-md-3 col-sm-12 col-xs-12&#8243; width=\u00bb1\/4&#8243;][\/vc_column_inner][vc_column_inner el_class=\u00bbcol-md-3 col-sm-12 col-xs-12&#8243; width=\u00bb1\/4&#8243;][\/vc_column_inner][vc_column_inner el_class=\u00bbcol-md-3 col-sm-12 col-xs-12&#8243; width=\u00bb1\/4&#8243;][\/vc_column_inner][vc_column_inner el_class=\u00bbcol-md-3 col-sm-12 col-xs-12&#8243; width=\u00bb1\/4&#8243;][\/vc_column_inner][\/vc_row_inner][\/vc_column][\/vc_row][vc_row parallax_style=\u00bbnone\u00bb parallax_scroll_effect=\u00bbfixed\u00bb css=\u00bb.vc_custom_1438058497225{background-image: url(http:\/\/oesteingenieria.com\/wp-content\/uploads\/2015\/07\/bg.jpg?id=624) !important;background-position: 0 0 !important;background-repeat: repeat !important;}\u00bb][vc_column width=\u00bb1\/3&#8243;][\/vc_column][vc_column width=\u00bb1\/3&#8243;][\/vc_column][vc_column width=\u00bb1\/3&#8243;][\/vc_column][\/vc_row]","og_url":"https:\/\/oesteingenieria.com\/es\/nuestros-servicios\/","og_site_name":"Oeste Ingenier\u00eda","article_modified_time":"2021-06-24T08:30:42+00:00","twitter_card":"summary_large_image","twitter_site":"@OesteIngenieria","twitter_misc":{"Tiempo de lectura":"2 minutos"},"schema":{"@context":"https:\/\/schema.org","@graph":[{"@type":"Organization","@id":"https:\/\/oesteingenieria.com\/es\/#organization","name":"Oeste Ingenier\u00eda","url":"https:\/\/oesteingenieria.com\/es\/","sameAs":["https:\/\/twitter.com\/OesteIngenieria"],"logo":{"@type":"ImageObject","@id":"https:\/\/oesteingenieria.com\/es\/#logo","inLanguage":"es","url":"https:\/\/oesteingenieria.com\/es\/wp-content\/uploads\/2020\/04\/logo_xhdpi.png","contentUrl":"https:\/\/oesteingenieria.com\/es\/wp-content\/uploads\/2020\/04\/logo_xhdpi.png","width":520,"height":340,"caption":"Oeste Ingenier\u00eda"},"image":{"@id":"https:\/\/oesteingenieria.com\/es\/#logo"}},{"@type":"WebSite","@id":"https:\/\/oesteingenieria.com\/es\/#website","url":"https:\/\/oesteingenieria.com\/es\/","name":"Oeste Ingenier\u00eda - Proyectos forestales, rurales y medioambientales","description":"Ingenier\u00eda forestal, civil y medioambiental. Proyectos con energ\u00eda.","publisher":{"@id":"https:\/\/oesteingenieria.com\/es\/#organization"},"potentialAction":[{"@type":"SearchAction","target":{"@type":"EntryPoint","urlTemplate":"https:\/\/oesteingenieria.com\/es\/?s={search_term_string}"},"query-input":"required name=search_term_string"}],"inLanguage":"es"},{"@type":"WebPage","@id":"https:\/\/oesteingenieria.com\/es\/nuestros-servicios\/#webpage","url":"https:\/\/oesteingenieria.com\/es\/nuestros-servicios\/","name":"Servicios - Oeste Ingenier\u00eda","isPartOf":{"@id":"https:\/\/oesteingenieria.com\/es\/#website"},"datePublished":"2015-07-18T09:28:32+00:00","dateModified":"2021-06-24T08:30:42+00:00","breadcrumb":{"@id":"https:\/\/oesteingenieria.com\/es\/nuestros-servicios\/#breadcrumb"},"inLanguage":"es","potentialAction":[{"@type":"ReadAction","target":["https:\/\/oesteingenieria.com\/es\/nuestros-servicios\/"]}]},{"@type":"BreadcrumbList","@id":"https:\/\/oesteingenieria.com\/es\/nuestros-servicios\/#breadcrumb","itemListElement":[{"@type":"ListItem","position":1,"name":"Servicios"}]}]}},"_links":{"self":[{"href":"https:\/\/oesteingenieria.com\/es\/wp-json\/wp\/v2\/pages\/121"}],"collection":[{"href":"https:\/\/oesteingenieria.com\/es\/wp-json\/wp\/v2\/pages"}],"about":[{"href":"https:\/\/oesteingenieria.com\/es\/wp-json\/wp\/v2\/types\/page"}],"author":[{"embeddable":true,"href":"https:\/\/oesteingenieria.com\/es\/wp-json\/wp\/v2\/users\/1"}],"replies":[{"embeddable":true,"href":"https:\/\/oesteingenieria.com\/es\/wp-json\/wp\/v2\/comments?post=121"}],"version-history":[{"count":10,"href":"https:\/\/oesteingenieria.com\/es\/wp-json\/wp\/v2\/pages\/121\/revisions"}],"predecessor-version":[{"id":1279,"href":"https:\/\/oesteingenieria.com\/es\/wp-json\/wp\/v2\/pages\/121\/revisions\/1279"}],"wp:attachment":[{"href":"https:\/\/oesteingenieria.com\/es\/wp-json\/wp\/v2\/media?parent=121"}],"curies":[{"name":"wp","href":"https:\/\/api.w.org\/{rel}","templated":true}]}}