{"id":1180,"date":"2021-06-23T16:13:25","date_gmt":"2021-06-23T16:13:25","guid":{"rendered":"https:\/\/oesteingenieria.com\/pt\/?page_id=1180"},"modified":"2021-06-24T07:53:37","modified_gmt":"2021-06-24T07:53:37","slug":"saca-corcho","status":"publish","type":"page","link":"https:\/\/oesteingenieria.com\/es\/saca-corcho\/","title":{"rendered":"SACA DE CORCHO"},"content":{"rendered":"<p>[vc_row layout=\u00bbboxed\u00bb][vc_column][vc_row_inner][vc_column_inner]\t\t\t<div\n\t\t\t\tclass=\"darna-heading style1 \" >\n\t\t\t\t\t\t\t\t\t<h2>EXPERIENCIA<\/h2>\n\t\t\t\t\t\t\t\t\t\t\t<\/div>\n\t\t\t[vc_separator border_width=\u00bb2&#8243; css=\u00bb.vc_custom_1624465389756{margin-top: 10px !important;margin-bottom: 20px !important;}\u00bb][\/vc_column_inner][\/vc_row_inner][vc_column_text]<\/p>\n<section data-id=\"d1bb8fb\" data-element_type=\"section\">\n<div>\n<div data-id=\"3200899\" data-element_type=\"column\">\n<div>\n<div data-id=\"64c594e\" data-element_type=\"widget\" data-widget_type=\"heading.default\">\n<div>OESTE INGENIER\u00cdA saca muchos Quintales castellanos de corcho anualmente, casi todos en Portugal (Alentejo) y Extremadura. El personal y medios que usamos son propios y tenemos un gran compromiso con el cuidado y conservaci\u00f3n del monte en general y la dehesa.Por eso, con nuestras experimentadas cuadrillas de sacadores y empleando las \u00faltimas tecnolog\u00edas para el descorche, el control de la calidad y cantidad de corcho, podemos ofrecer el mejor servicio al propietario, de forma que al final de la campa\u00f1a se disponga de una buena cantidad de datos recogidos que le permitir\u00e1 la toma de decisiones futuras sobre su finca.<\/div>\n<\/div>\n<\/div>\n<\/div>\n<\/div>\n<\/section>\n<p>[\/vc_column_text][\/vc_column][\/vc_row][vc_row][vc_column][vc_column_text]<\/p>\n<p>[\/vc_column_text][\/vc_column][\/vc_row][vc_row layout=\u00bbboxed\u00bb parallax_style=\u00bbnone\u00bb parallax_scroll_effect=\u00bbfixed\u00bb el_class=\u00bbmargin-bottom-100&#8243;][vc_column width=\u00bb1\/3&#8243; el_class=\u00bbcol-md-4 col-sm-12 col-xs-12&#8243;][vc_empty_space]\t\t\t<div\n\t\t\t\tclass=\"darna-feature style1  \" >\n\t\t\t\t<div class=\"darna-feature-thumb\">\n\t\t\t\t\t\t\t\t\t\t\t<a data-rel=\"prettyPhoto[feature]\" href=\"https:\/\/oesteingenieria.com\/es\/wp-content\/uploads\/2021\/06\/oficio-oeste-370x280.jpg\">\n\t\t\t\t\t\t\t<img alt=\"PROFESIONALES\" src=\"https:\/\/oesteingenieria.com\/es\/wp-content\/uploads\/2021\/06\/oficio-oeste-370x280.jpg\">\n\t\t\t\t\t\t<\/a>\n\t\t\t\t\t\t\t\t\t<\/div>\n\t\t\t\t<div class=\"darna-feature-content\">\n\t\t\t\t\t<h4>\n\t\t\t\t\t\t\t\t\t\t\t\t\t<i class=\"fa fa-group\"><\/i>\n\t\t\t\t\t\t\t\t\t\t\t\t<a target=\"_self\"\n\t\t\t\t\t\t   href=\"#\">PROFESIONALES<\/a>\n\t\t\t\t\t<\/h4>\n\n\t\t\t\t\t<p>El oficio de sacador no es sencillo y la destreza necesaria solo se adquiere con a\u00f1os de experiencia. Contamos con cuadrillas propias con a\u00f1os a las espaldas en el monte.<\/p>\n\t\t\t\t\t\t\t\t\t<\/div>\n\t\t\t<\/div>\n\t\t\t[\/vc_column][vc_column width=\u00bb1\/3&#8243; el_class=\u00bbcol-md-4 col-sm-12 col-xs-12&#8243;][vc_empty_space]\t\t\t<div\n\t\t\t\tclass=\"darna-feature style1  \" >\n\t\t\t\t<div class=\"darna-feature-thumb\">\n\t\t\t\t\t\t\t\t\t\t\t<a data-rel=\"prettyPhoto[feature]\" href=\"https:\/\/oesteingenieria.com\/es\/wp-content\/uploads\/2021\/06\/maquinas-oeste-370x280.jpg\">\n\t\t\t\t\t\t\t<img alt=\"TECNOLOG\u00cdA\" src=\"https:\/\/oesteingenieria.com\/es\/wp-content\/uploads\/2021\/06\/maquinas-oeste-370x280.jpg\">\n\t\t\t\t\t\t<\/a>\n\t\t\t\t\t\t\t\t\t<\/div>\n\t\t\t\t<div class=\"darna-feature-content\">\n\t\t\t\t\t<h4>\n\t\t\t\t\t\t\t\t\t\t\t\t\t<i class=\"fa fa-cogs\"><\/i>\n\t\t\t\t\t\t\t\t\t\t\t\t<a target=\"_self\"\n\t\t\t\t\t\t   href=\"#\">TECNOLOG\u00cdA<\/a>\n\t\t\t\t\t<\/h4>\n\n\t\t\t\t\t<p>La selvicultura de precisi\u00f3n ha venido para quedarse. Conjugamos las \u00faltimas tecnolog\u00edas con las herramientas tradicionales para cuidar el \u00e1rbol y obtener el m\u00e1ximo rendimiento<\/p>\n\t\t\t\t\t\t\t\t\t<\/div>\n\t\t\t<\/div>\n\t\t\t[\/vc_column][vc_column width=\u00bb1\/3&#8243; el_class=\u00bbcol-md-4 col-sm-12 col-xs-12&#8243;][vc_empty_space]\t\t\t<div\n\t\t\t\tclass=\"darna-feature style1  \" >\n\t\t\t\t<div class=\"darna-feature-thumb\">\n\t\t\t\t\t\t\t\t\t\t\t<a data-rel=\"prettyPhoto[feature]\" href=\"https:\/\/oesteingenieria.com\/es\/wp-content\/uploads\/2021\/06\/tecnologia-oeste-370x280.jpg\">\n\t\t\t\t\t\t\t<img alt=\"MAQUINARIA\" src=\"https:\/\/oesteingenieria.com\/es\/wp-content\/uploads\/2021\/06\/tecnologia-oeste-370x280.jpg\">\n\t\t\t\t\t\t<\/a>\n\t\t\t\t\t\t\t\t\t<\/div>\n\t\t\t\t<div class=\"darna-feature-content\">\n\t\t\t\t\t<h4>\n\t\t\t\t\t\t\t\t\t\t\t\t\t<i class=\"fa fa-tachometer\"><\/i>\n\t\t\t\t\t\t\t\t\t\t\t\t<a target=\"_self\"\n\t\t\t\t\t\t   href=\"#\">MAQUINARIA<\/a>\n\t\t\t\t\t<\/h4>\n\n\t\t\t\t\t<p>Mucha de la maquinaria que utilizamos es propia, y esto aporta autonom\u00eda y disponibilidad. Si hay algo que no tenemos no hay duda de que lo conseguimos.<\/p>\n\t\t\t\t\t\t\t\t\t<\/div>\n\t\t\t<\/div>\n\t\t\t[\/vc_column][\/vc_row][vc_row layout=\u00bbboxed\u00bb parallax_style=\u00bbnone\u00bb parallax_scroll_effect=\u00bbfixed\u00bb el_class=\u00bbmargin-bottom-100&#8243; css=\u00bb.vc_custom_1624483857211{margin-top: 20px !important;}\u00bb][vc_column]\t\t\t<div\n\t\t\t\tclass=\"darna-heading style1 \" >\n\t\t\t\t\t\t\t\t\t<h2>ALGO DE LO QUE YA HEMOS HECHO:<\/h2>\n\t\t\t\t\t\t\t\t\t\t\t<\/div>\n\t\t\t[vc_separator border_width=\u00bb2&#8243; css=\u00bb.vc_custom_1624465389756{margin-top: 10px !important;margin-bottom: 20px !important;}\u00bb]<div class=\"portfolio     paging\" id=\"portfolio-69f3a30b2787e\">\n            <div  class=\"portfolio-wrapper darna-col-md-3 col-padding-10 grid \"   data-section-id=\"69f3a30b2787e\" id=\"portfolio-container-69f3a30b2787e\" data-columns=\"3\">\n                    <div class=\"portfolio-item Sacasdecorcho \">\n\n    <figure>\n    <img width=\"480\" height=\"480\" src=\"https:\/\/oesteingenieria.com\/es\/wp-content\/uploads\/2021\/06\/corcho-oeste-1-scaled-480x480.jpeg\" alt=\"Descorche con nuevas tecnolog\u00edas\"\/>\n    <figcaption class=\"\">\n        <div class=\"fig-title\">\n                            <a href=\"https:\/\/oesteingenieria.com\/es\/portfolio\/miami-house-2\/\"><div class=\"title secondary-font bold-color primary-color-hover\">Descorche con nuevas tecnolog\u00edas<\/div> <\/a>\n            \n            <span class=\"category menu-font bold-color\">Sacas de corcho<\/span>\n                            <a href=\"https:\/\/oesteingenieria.com\/es\/portfolio\/miami-house-2\/\" class=\"ico-view-detail\"><i class=\"fa fa-eye\"><\/i><\/a>\n                        <a class=\"ico-view-gallery prettyPhoto\" href=\"https:\/\/oesteingenieria.com\/es\/wp-content\/uploads\/2021\/06\/corcho-oeste-1-scaled.jpeg\" data-rel=\"prettyPhoto[pp_gal_1201]\"  title=\"Descorche con nuevas tecnolog\u00edas\">\n                <i class=\"fa fa-arrows-alt\"><\/i>\n            <\/a>\n        <\/div>\n    <\/figcaption>\n<\/figure>\n\n    <div style=\"display: none\">\n                        <div>\n                    <a href=\"https:\/\/oesteingenieria.com\/es\/wp-content\/uploads\/2021\/06\/corcho-oeste-4-scaled.jpeg\"  data-rel=\"prettyPhoto[pp_gal_1201]\" title=\"<a href='https:\/\/oesteingenieria.com\/es\/portfolio\/miami-house-2\/'>Descorche con nuevas tecnolog\u00edas<\/a>\"><\/a>\n                <\/div>\n                            <div>\n                    <a href=\"https:\/\/oesteingenieria.com\/es\/wp-content\/uploads\/2021\/06\/corcho-oeste-11-scaled.jpeg\"  data-rel=\"prettyPhoto[pp_gal_1201]\" title=\"<a href='https:\/\/oesteingenieria.com\/es\/portfolio\/miami-house-2\/'>Descorche con nuevas tecnolog\u00edas<\/a>\"><\/a>\n                <\/div>\n                            <div>\n                    <a href=\"https:\/\/oesteingenieria.com\/es\/wp-content\/uploads\/2021\/06\/corcho-oeste-1-scaled.jpeg\"  data-rel=\"prettyPhoto[pp_gal_1201]\" title=\"<a href='https:\/\/oesteingenieria.com\/es\/portfolio\/miami-house-2\/'>Descorche con nuevas tecnolog\u00edas<\/a>\"><\/a>\n                <\/div>\n                            <div>\n                    <a href=\"https:\/\/oesteingenieria.com\/es\/wp-content\/uploads\/2021\/06\/corcho-oeste-12.jpg\"  data-rel=\"prettyPhoto[pp_gal_1201]\" title=\"<a href='https:\/\/oesteingenieria.com\/es\/portfolio\/miami-house-2\/'>Descorche con nuevas tecnolog\u00edas<\/a>\"><\/a>\n                <\/div>\n                <\/div>\n\n<\/div>\n        \n    <\/div>\n        <div id=\"view_all_button_wrap_69f3a30b2787e\" class=\"container view-button-wrap\">\n            <\/div>\n        \n<\/div>\n\n<script type=\"text\/javascript\">\n    (function($) {\n        \"use strict\";\n        \n        $(document).ready(function(){\n            $('.portfolio-item > div.entry-thumbnail').hoverdir();\n            PortfolioAjaxAction.init('https:\/\/oesteingenieria.com\/es\/wp-admin\/admin-ajax.php');\n            var $container = $('div[data-section-id=\"69f3a30b2787e\"]');\n            $($container).bind('afterOwlInit', function(){\n                $('.owl-controls','.portfolio-wrapper').addClass('container');\n            });\n        })\n    })(jQuery);\n<\/script>\n\n\n[\/vc_column][\/vc_row]<\/p>\n","protected":false},"excerpt":{"rendered":"<p>[vc_row layout=\u00bbboxed\u00bb][vc_column][vc_row_inner][vc_column_inner][vc_separator border_width=\u00bb2&#8243; css=\u00bb.vc_custom_1624465389756{margin-top: 10px !important;margin-bottom: 20px !important;}\u00bb][\/vc_column_inner][\/vc_row_inner][vc_column_text] OESTE INGENIER\u00cdA saca muchos Quintales castellanos de corcho anualmente, casi todos en Portugal (Alentejo) y Extremadura. El personal y medios que usamos son propios y tenemos un gran compromiso con el cuidado y conservaci\u00f3n del monte en general y la dehesa.Por eso, con nuestras experimentadas cuadrillas de [&hellip;]<\/p>\n","protected":false},"author":1,"featured_media":0,"parent":0,"menu_order":0,"comment_status":"closed","ping_status":"closed","template":"","meta":[],"yoast_head":"<!-- This site is optimized with the Yoast SEO plugin v17.3 - https:\/\/yoast.com\/wordpress\/plugins\/seo\/ -->\n<title>SACA DE CORCHO - Oeste Ingenier\u00eda<\/title>\n<meta name=\"robots\" content=\"index, follow, max-snippet:-1, max-image-preview:large, max-video-preview:-1\" \/>\n<link rel=\"canonical\" href=\"https:\/\/oesteingenieria.com\/es\/saca-corcho\/\" \/>\n<meta property=\"og:locale\" content=\"es_ES\" \/>\n<meta property=\"og:type\" content=\"article\" \/>\n<meta property=\"og:title\" content=\"SACA DE CORCHO - Oeste Ingenier\u00eda\" \/>\n<meta property=\"og:description\" content=\"[vc_row layout=\u00bbboxed\u00bb][vc_column][vc_row_inner][vc_column_inner][vc_separator border_width=\u00bb2&#8243; css=\u00bb.vc_custom_1624465389756{margin-top: 10px !important;margin-bottom: 20px !important;}\u00bb][\/vc_column_inner][\/vc_row_inner][vc_column_text] OESTE INGENIER\u00cdA saca muchos Quintales castellanos de corcho anualmente, casi todos en Portugal (Alentejo) y Extremadura. El personal y medios que usamos son propios y tenemos un gran compromiso con el cuidado y conservaci\u00f3n del monte en general y la dehesa.Por eso, con nuestras experimentadas cuadrillas de [&hellip;]\" \/>\n<meta property=\"og:url\" content=\"https:\/\/oesteingenieria.com\/es\/saca-corcho\/\" \/>\n<meta property=\"og:site_name\" content=\"Oeste Ingenier\u00eda\" \/>\n<meta property=\"article:modified_time\" content=\"2021-06-24T07:53:37+00:00\" \/>\n<meta name=\"twitter:card\" content=\"summary_large_image\" \/>\n<meta name=\"twitter:site\" content=\"@OesteIngenieria\" \/>\n<meta name=\"twitter:label1\" content=\"Tiempo de lectura\" \/>\n\t<meta name=\"twitter:data1\" content=\"2 minutos\" \/>\n<script type=\"application\/ld+json\" class=\"yoast-schema-graph\">{\"@context\":\"https:\/\/schema.org\",\"@graph\":[{\"@type\":\"Organization\",\"@id\":\"https:\/\/oesteingenieria.com\/es\/#organization\",\"name\":\"Oeste Ingenier\\u00eda\",\"url\":\"https:\/\/oesteingenieria.com\/es\/\",\"sameAs\":[\"https:\/\/twitter.com\/OesteIngenieria\"],\"logo\":{\"@type\":\"ImageObject\",\"@id\":\"https:\/\/oesteingenieria.com\/es\/#logo\",\"inLanguage\":\"es\",\"url\":\"https:\/\/oesteingenieria.com\/es\/wp-content\/uploads\/2020\/04\/logo_xhdpi.png\",\"contentUrl\":\"https:\/\/oesteingenieria.com\/es\/wp-content\/uploads\/2020\/04\/logo_xhdpi.png\",\"width\":520,\"height\":340,\"caption\":\"Oeste Ingenier\\u00eda\"},\"image\":{\"@id\":\"https:\/\/oesteingenieria.com\/es\/#logo\"}},{\"@type\":\"WebSite\",\"@id\":\"https:\/\/oesteingenieria.com\/es\/#website\",\"url\":\"https:\/\/oesteingenieria.com\/es\/\",\"name\":\"Oeste Ingenier\\u00eda - Proyectos forestales, rurales y medioambientales\",\"description\":\"Ingenier\\u00eda forestal, civil y medioambiental. Proyectos con energ\\u00eda.\",\"publisher\":{\"@id\":\"https:\/\/oesteingenieria.com\/es\/#organization\"},\"potentialAction\":[{\"@type\":\"SearchAction\",\"target\":{\"@type\":\"EntryPoint\",\"urlTemplate\":\"https:\/\/oesteingenieria.com\/es\/?s={search_term_string}\"},\"query-input\":\"required name=search_term_string\"}],\"inLanguage\":\"es\"},{\"@type\":\"WebPage\",\"@id\":\"https:\/\/oesteingenieria.com\/es\/saca-corcho\/#webpage\",\"url\":\"https:\/\/oesteingenieria.com\/es\/saca-corcho\/\",\"name\":\"SACA DE CORCHO - Oeste Ingenier\\u00eda\",\"isPartOf\":{\"@id\":\"https:\/\/oesteingenieria.com\/es\/#website\"},\"datePublished\":\"2021-06-23T16:13:25+00:00\",\"dateModified\":\"2021-06-24T07:53:37+00:00\",\"breadcrumb\":{\"@id\":\"https:\/\/oesteingenieria.com\/es\/saca-corcho\/#breadcrumb\"},\"inLanguage\":\"es\",\"potentialAction\":[{\"@type\":\"ReadAction\",\"target\":[\"https:\/\/oesteingenieria.com\/es\/saca-corcho\/\"]}]},{\"@type\":\"BreadcrumbList\",\"@id\":\"https:\/\/oesteingenieria.com\/es\/saca-corcho\/#breadcrumb\",\"itemListElement\":[{\"@type\":\"ListItem\",\"position\":1,\"name\":\"SACA DE CORCHO\"}]}]}<\/script>\n<!-- \/ Yoast SEO plugin. -->","yoast_head_json":{"title":"SACA DE CORCHO - Oeste Ingenier\u00eda","robots":{"index":"index","follow":"follow","max-snippet":"max-snippet:-1","max-image-preview":"max-image-preview:large","max-video-preview":"max-video-preview:-1"},"canonical":"https:\/\/oesteingenieria.com\/es\/saca-corcho\/","og_locale":"es_ES","og_type":"article","og_title":"SACA DE CORCHO - Oeste Ingenier\u00eda","og_description":"[vc_row layout=\u00bbboxed\u00bb][vc_column][vc_row_inner][vc_column_inner][vc_separator border_width=\u00bb2&#8243; css=\u00bb.vc_custom_1624465389756{margin-top: 10px !important;margin-bottom: 20px !important;}\u00bb][\/vc_column_inner][\/vc_row_inner][vc_column_text] OESTE INGENIER\u00cdA saca muchos Quintales castellanos de corcho anualmente, casi todos en Portugal (Alentejo) y Extremadura. El personal y medios que usamos son propios y tenemos un gran compromiso con el cuidado y conservaci\u00f3n del monte en general y la dehesa.Por eso, con nuestras experimentadas cuadrillas de [&hellip;]","og_url":"https:\/\/oesteingenieria.com\/es\/saca-corcho\/","og_site_name":"Oeste Ingenier\u00eda","article_modified_time":"2021-06-24T07:53:37+00:00","twitter_card":"summary_large_image","twitter_site":"@OesteIngenieria","twitter_misc":{"Tiempo de lectura":"2 minutos"},"schema":{"@context":"https:\/\/schema.org","@graph":[{"@type":"Organization","@id":"https:\/\/oesteingenieria.com\/es\/#organization","name":"Oeste Ingenier\u00eda","url":"https:\/\/oesteingenieria.com\/es\/","sameAs":["https:\/\/twitter.com\/OesteIngenieria"],"logo":{"@type":"ImageObject","@id":"https:\/\/oesteingenieria.com\/es\/#logo","inLanguage":"es","url":"https:\/\/oesteingenieria.com\/es\/wp-content\/uploads\/2020\/04\/logo_xhdpi.png","contentUrl":"https:\/\/oesteingenieria.com\/es\/wp-content\/uploads\/2020\/04\/logo_xhdpi.png","width":520,"height":340,"caption":"Oeste Ingenier\u00eda"},"image":{"@id":"https:\/\/oesteingenieria.com\/es\/#logo"}},{"@type":"WebSite","@id":"https:\/\/oesteingenieria.com\/es\/#website","url":"https:\/\/oesteingenieria.com\/es\/","name":"Oeste Ingenier\u00eda - Proyectos forestales, rurales y medioambientales","description":"Ingenier\u00eda forestal, civil y medioambiental. Proyectos con energ\u00eda.","publisher":{"@id":"https:\/\/oesteingenieria.com\/es\/#organization"},"potentialAction":[{"@type":"SearchAction","target":{"@type":"EntryPoint","urlTemplate":"https:\/\/oesteingenieria.com\/es\/?s={search_term_string}"},"query-input":"required name=search_term_string"}],"inLanguage":"es"},{"@type":"WebPage","@id":"https:\/\/oesteingenieria.com\/es\/saca-corcho\/#webpage","url":"https:\/\/oesteingenieria.com\/es\/saca-corcho\/","name":"SACA DE CORCHO - Oeste Ingenier\u00eda","isPartOf":{"@id":"https:\/\/oesteingenieria.com\/es\/#website"},"datePublished":"2021-06-23T16:13:25+00:00","dateModified":"2021-06-24T07:53:37+00:00","breadcrumb":{"@id":"https:\/\/oesteingenieria.com\/es\/saca-corcho\/#breadcrumb"},"inLanguage":"es","potentialAction":[{"@type":"ReadAction","target":["https:\/\/oesteingenieria.com\/es\/saca-corcho\/"]}]},{"@type":"BreadcrumbList","@id":"https:\/\/oesteingenieria.com\/es\/saca-corcho\/#breadcrumb","itemListElement":[{"@type":"ListItem","position":1,"name":"SACA DE CORCHO"}]}]}},"_links":{"self":[{"href":"https:\/\/oesteingenieria.com\/es\/wp-json\/wp\/v2\/pages\/1180"}],"collection":[{"href":"https:\/\/oesteingenieria.com\/es\/wp-json\/wp\/v2\/pages"}],"about":[{"href":"https:\/\/oesteingenieria.com\/es\/wp-json\/wp\/v2\/types\/page"}],"author":[{"embeddable":true,"href":"https:\/\/oesteingenieria.com\/es\/wp-json\/wp\/v2\/users\/1"}],"replies":[{"embeddable":true,"href":"https:\/\/oesteingenieria.com\/es\/wp-json\/wp\/v2\/comments?post=1180"}],"version-history":[{"count":9,"href":"https:\/\/oesteingenieria.com\/es\/wp-json\/wp\/v2\/pages\/1180\/revisions"}],"predecessor-version":[{"id":1277,"href":"https:\/\/oesteingenieria.com\/es\/wp-json\/wp\/v2\/pages\/1180\/revisions\/1277"}],"wp:attachment":[{"href":"https:\/\/oesteingenieria.com\/es\/wp-json\/wp\/v2\/media?parent=1180"}],"curies":[{"name":"wp","href":"https:\/\/api.w.org\/{rel}","templated":true}]}}