{"id":117,"date":"2015-07-18T09:24:53","date_gmt":"2015-07-18T09:24:53","guid":{"rendered":"http:\/\/oesteingenieria.com\/?page_id=117"},"modified":"2026-02-23T10:24:54","modified_gmt":"2026-02-23T10:24:54","slug":"contacto","status":"publish","type":"page","link":"https:\/\/oesteingenieria.com\/es\/contacto\/","title":{"rendered":"Contacto"},"content":{"rendered":"<p>[vc_row layout=\u00bbboxed\u00bb parallax_style=\u00bbnone\u00bb parallax_scroll_effect=\u00bbfixed\u00bb el_class=\u00bbmargin-bottom-90&#8243;][vc_column width=\u00bb1\/3&#8243; el_class=\u00bbcol-md-4 col-sm-12&#8243;]\t\t\t<div\n\t\t\t\tclass=\"darna-icon-box style4 \" >\n\t\t\t\t<a class=\"ibox-icon\" title=\"\"\n\t\t\t\t   target=\"_self\" href=\"#\">\n\t\t\t\t\t\t\t\t\t\t\t<i class=\"fa fa-road\"><\/i>\n\t\t\t\t\t\t\t\t\t<\/a>\n\t\t\t\t\t\t\t\t\t<h3><a title=\"\" target=\"_self\"\n\t\t\t\t\t       href=\"#\">Direcci\u00f3n<\/a><\/h3>\n\t\t\t\t\t\t\t\t\t<p>Pol\u00edgono Coladas El Encinar, Parcela 9 Pol\u00edgono 4, 10550, Aliseda (C\u00e1ceres)<\/p>\n\t\t\t\t\t\t\t<\/div>\n\t\t\t[\/vc_column][vc_column width=\u00bb1\/3&#8243; el_class=\u00bbcol-md-4 col-sm-12&#8243;]\t\t\t<div\n\t\t\t\tclass=\"darna-icon-box style4 \" >\n\t\t\t\t<a class=\"ibox-icon\" title=\"\"\n\t\t\t\t   target=\"_self\" href=\"#\">\n\t\t\t\t\t\t\t\t\t\t\t<i class=\"fa fa-phone\"><\/i>\n\t\t\t\t\t\t\t\t\t<\/a>\n\t\t\t\t\t\t\t\t\t<h3><a title=\"\" target=\"_self\"\n\t\t\t\t\t       href=\"#\">Tel\u00e9fono<\/a><\/h3>\n\t\t\t\t\t\t\t\t\t<p>927 21 27 58<\/p>\n\t\t\t\t\t\t\t<\/div>\n\t\t\t[\/vc_column][vc_column width=\u00bb1\/3&#8243; el_class=\u00bbcol-md-4 col-sm-12&#8243;]\t\t\t<div\n\t\t\t\tclass=\"darna-icon-box style4 \" >\n\t\t\t\t<a class=\"ibox-icon\" title=\"\"\n\t\t\t\t   target=\"_self\" href=\"#\">\n\t\t\t\t\t\t\t\t\t\t\t<i class=\"fa fa-envelope\"><\/i>\n\t\t\t\t\t\t\t\t\t<\/a>\n\t\t\t\t\t\t\t\t\t<h3><a title=\"\" target=\"_self\"\n\t\t\t\t\t       href=\"#\">Correo electr\u00f3nico<\/a><\/h3>\n\t\t\t\t\t\t\t\t\t<p>info@oesteingenieria.com<\/p>\n\t\t\t\t\t\t\t<\/div>\n\t\t\t[\/vc_column][\/vc_row][vc_row parallax_style=\u00bbnone\u00bb parallax_scroll_effect=\u00bbfixed\u00bb el_class=\u00bbmargin-bottom-100&#8243;][vc_column][vc_gmaps link=\u00bb#E-8_JTNDaWZyYW1lJTIwc3JjJTNEJTIyaHR0cHMlM0ElMkYlMkZ3d3cuZ29vZ2xlLmNvbSUyRm1hcHMlMkZlbWJlZCUzRnBiJTNEJTIxMW0xOCUyMTFtMTIlMjExbTMlMjExZDMwMjUuNTc4NjExMjQ3NTM4JTIxMmQtNi42ODc3NjIyMjQxMDM3ODYlMjEzZDM5LjQyOTYyOTE3MTYxNTE0JTIxMm0zJTIxMWYwJTIxMmYwJTIxM2YwJTIxM20yJTIxMWkxMDI0JTIxMmk3NjglMjE0ZjEzLjElMjEzbTMlMjExbTIlMjExczB4ZDE2NmI2ZDRkNTI1NjY5JTI1M0EweGFlOWM0OTEzMTExN2Y2MzYlMjEyc09lc3RlJTI1MjBJTkdFTklFUklBJTIxNWUxJTIxM20yJTIxMXNlcyUyMTJzZXMlMjE0djE3NzE4NDIxODMwNTUlMjE1bTIlMjExc2VzJTIxMnNlcyUyMiUyMHdpZHRoJTNEJTIyNjAwJTIyJTIwaGVpZ2h0JTNEJTIyNDUwJTIyJTIwc3R5bGUlM0QlMjJib3JkZXIlM0EwJTNCJTIyJTIwYWxsb3dmdWxsc2NyZWVuJTNEJTIyJTIyJTIwbG9hZGluZyUzRCUyMmxhenklMjIlMjByZWZlcnJlcnBvbGljeSUzRCUyMm5vLXJlZmVycmVyLXdoZW4tZG93bmdyYWRlJTIyJTNFJTNDJTJGaWZyYW1lJTNF\u00bb size=\u00bb540&#8243;][\/vc_column][\/vc_row][vc_row layout=\u00bbboxed\u00bb parallax_style=\u00bbnone\u00bb parallax_scroll_effect=\u00bbfixed\u00bb el_class=\u00bbmargin-bottom-100&#8243;][vc_column]\t\t\t<div\n\t\t\t\tclass=\"darna-heading style1 margin-bottom-40\" >\n\t\t\t\t\t\t\t\t\t<h2>M\u00e1ndanos un mensaje<\/h2>\n\t\t\t\t\t\t\t\t\t\t\t\t\t<p>nos pondremos en contacto contigo a la mayor brevedad<\/p>\n\t\t\t\t\t\t\t<\/div>\n\t\t\t[vc_row_inner parallax_style=\u00bbnone\u00bb video_link=\u00bb\u00bb parallax_scroll_effect=\u00bbfixed\u00bb][vc_column_inner el_class=\u00bbcol-md-8 col-md-push-2&#8243;]<div role=\"form\" class=\"wpcf7\" id=\"wpcf7-f6-o1\" lang=\"es-ES\" dir=\"ltr\">\n<div class=\"screen-reader-response\"><p role=\"status\" aria-live=\"polite\" aria-atomic=\"true\"><\/p> <ul><\/ul><\/div>\n<form action=\"\/es\/wp-json\/wp\/v2\/pages\/117#wpcf7-f6-o1\" method=\"post\" class=\"wpcf7-form init\" novalidate=\"novalidate\" data-status=\"init\">\n<div style=\"display: none;\">\n<input type=\"hidden\" name=\"_wpcf7\" value=\"6\" \/>\n<input type=\"hidden\" name=\"_wpcf7_version\" value=\"5.4.2\" \/>\n<input type=\"hidden\" name=\"_wpcf7_locale\" value=\"es_ES\" \/>\n<input type=\"hidden\" name=\"_wpcf7_unit_tag\" value=\"wpcf7-f6-o1\" \/>\n<input type=\"hidden\" name=\"_wpcf7_container_post\" value=\"0\" \/>\n<input type=\"hidden\" name=\"_wpcf7_posted_data_hash\" value=\"\" \/>\n<input type=\"hidden\" name=\"_wpcf7_recaptcha_response\" value=\"\" \/>\n<\/div>\n<p><label> Tu nombre (obligatorio)<br \/>\n    <span class=\"wpcf7-form-control-wrap your-name\"><input type=\"text\" name=\"your-name\" value=\"\" size=\"40\" class=\"wpcf7-form-control wpcf7-text wpcf7-validates-as-required\" aria-required=\"true\" aria-invalid=\"false\" \/><\/span> <\/label><\/p>\n<p><label> Tu correo electr\u00f3nico (obligatorio)<br \/>\n    <span class=\"wpcf7-form-control-wrap your-email\"><input type=\"email\" name=\"your-email\" value=\"\" size=\"40\" class=\"wpcf7-form-control wpcf7-text wpcf7-email wpcf7-validates-as-required wpcf7-validates-as-email\" aria-required=\"true\" aria-invalid=\"false\" \/><\/span> <\/label><\/p>\n<p><label> Asunto<br \/>\n    <span class=\"wpcf7-form-control-wrap your-subject\"><input type=\"text\" name=\"your-subject\" value=\"\" size=\"40\" class=\"wpcf7-form-control wpcf7-text\" aria-invalid=\"false\" \/><\/span> <\/label><\/p>\n<p><label> Tu mensaje<br \/>\n    <span class=\"wpcf7-form-control-wrap your-message\"><textarea name=\"your-message\" cols=\"40\" rows=\"10\" class=\"wpcf7-form-control wpcf7-textarea\" aria-invalid=\"false\"><\/textarea><\/span> <\/label><\/p>\n<p>[anr_nocaptcha g-recaptcha-response]<\/p>\n<p><input type=\"submit\" value=\"Enviar\" class=\"wpcf7-form-control wpcf7-submit\" \/><\/p>\n<p style=\"display: none !important;\"><label>&#916;<textarea name=\"_wpcf7_ak_hp_textarea\" cols=\"45\" rows=\"8\" maxlength=\"100\"><\/textarea><\/label><input type=\"hidden\" id=\"ak_js_1\" name=\"_wpcf7_ak_js\" value=\"24\"\/><script>document.getElementById( \"ak_js_1\" ).setAttribute( \"value\", ( new Date() ).getTime() );<\/script><\/p><input type='hidden' class='wpcf7-pum' value='{\"closepopup\":false,\"closedelay\":0,\"openpopup\":false,\"openpopup_id\":0}' \/><div class=\"wpcf7-response-output\" aria-hidden=\"true\"><\/div><\/form><\/div>[\/vc_column_inner][\/vc_row_inner][\/vc_column][\/vc_row]<\/p>\n","protected":false},"excerpt":{"rendered":"<p>[vc_row layout=\u00bbboxed\u00bb parallax_style=\u00bbnone\u00bb parallax_scroll_effect=\u00bbfixed\u00bb el_class=\u00bbmargin-bottom-90&#8243;][vc_column width=\u00bb1\/3&#8243; el_class=\u00bbcol-md-4 col-sm-12&#8243;][\/vc_column][vc_column width=\u00bb1\/3&#8243; el_class=\u00bbcol-md-4 col-sm-12&#8243;][\/vc_column][vc_column width=\u00bb1\/3&#8243; el_class=\u00bbcol-md-4 col-sm-12&#8243;][\/vc_column][\/vc_row][vc_row parallax_style=\u00bbnone\u00bb parallax_scroll_effect=\u00bbfixed\u00bb el_class=\u00bbmargin-bottom-100&#8243;][vc_column][vc_gmaps link=\u00bb#E-8_JTNDaWZyYW1lJTIwc3JjJTNEJTIyaHR0cHMlM0ElMkYlMkZ3d3cuZ29vZ2xlLmNvbSUyRm1hcHMlMkZlbWJlZCUzRnBiJTNEJTIxMW0xOCUyMTFtMTIlMjExbTMlMjExZDMwMjUuNTc4NjExMjQ3NTM4JTIxMmQtNi42ODc3NjIyMjQxMDM3ODYlMjEzZDM5LjQyOTYyOTE3MTYxNTE0JTIxMm0zJTIxMWYwJTIxMmYwJTIxM2YwJTIxM20yJTIxMWkxMDI0JTIxMmk3NjglMjE0ZjEzLjElMjEzbTMlMjExbTIlMjExczB4ZDE2NmI2ZDRkNTI1NjY5JTI1M0EweGFlOWM0OTEzMTExN2Y2MzYlMjEyc09lc3RlJTI1MjBJTkdFTklFUklBJTIxNWUxJTIxM20yJTIxMXNlcyUyMTJzZXMlMjE0djE3NzE4NDIxODMwNTUlMjE1bTIlMjExc2VzJTIxMnNlcyUyMiUyMHdpZHRoJTNEJTIyNjAwJTIyJTIwaGVpZ2h0JTNEJTIyNDUwJTIyJTIwc3R5bGUlM0QlMjJib3JkZXIlM0EwJTNCJTIyJTIwYWxsb3dmdWxsc2NyZWVuJTNEJTIyJTIyJTIwbG9hZGluZyUzRCUyMmxhenklMjIlMjByZWZlcnJlcnBvbGljeSUzRCUyMm5vLXJlZmVycmVyLXdoZW4tZG93bmdyYWRlJTIyJTNFJTNDJTJGaWZyYW1lJTNF\u00bb size=\u00bb540&#8243;][\/vc_column][\/vc_row][vc_row layout=\u00bbboxed\u00bb parallax_style=\u00bbnone\u00bb parallax_scroll_effect=\u00bbfixed\u00bb el_class=\u00bbmargin-bottom-100&#8243;][vc_column][vc_row_inner parallax_style=\u00bbnone\u00bb video_link=\u00bb\u00bb parallax_scroll_effect=\u00bbfixed\u00bb][vc_column_inner el_class=\u00bbcol-md-8 col-md-push-2&#8243;][\/vc_column_inner][\/vc_row_inner][\/vc_column][\/vc_row]<\/p>\n","protected":false},"author":1,"featured_media":0,"parent":0,"menu_order":0,"comment_status":"closed","ping_status":"closed","template":"","meta":[],"yoast_head":"<!-- This site is optimized with the Yoast SEO plugin v17.3 - https:\/\/yoast.com\/wordpress\/plugins\/seo\/ -->\n<title>Contacto - Oeste Ingenier\u00eda<\/title>\n<meta name=\"robots\" content=\"index, follow, max-snippet:-1, max-image-preview:large, max-video-preview:-1\" \/>\n<link rel=\"canonical\" href=\"https:\/\/oesteingenieria.com\/es\/contacto\/\" \/>\n<meta property=\"og:locale\" content=\"es_ES\" \/>\n<meta property=\"og:type\" content=\"article\" \/>\n<meta property=\"og:title\" content=\"Contacto - Oeste Ingenier\u00eda\" \/>\n<meta property=\"og:description\" content=\"[vc_row layout=\u00bbboxed\u00bb parallax_style=\u00bbnone\u00bb parallax_scroll_effect=\u00bbfixed\u00bb el_class=\u00bbmargin-bottom-90&#8243;][vc_column width=\u00bb1\/3&#8243; el_class=\u00bbcol-md-4 col-sm-12&#8243;][\/vc_column][vc_column width=\u00bb1\/3&#8243; el_class=\u00bbcol-md-4 col-sm-12&#8243;][\/vc_column][vc_column width=\u00bb1\/3&#8243; el_class=\u00bbcol-md-4 col-sm-12&#8243;][\/vc_column][\/vc_row][vc_row parallax_style=\u00bbnone\u00bb parallax_scroll_effect=\u00bbfixed\u00bb el_class=\u00bbmargin-bottom-100&#8243;][vc_column][vc_gmaps link=\u00bb#E-8_JTNDaWZyYW1lJTIwc3JjJTNEJTIyaHR0cHMlM0ElMkYlMkZ3d3cuZ29vZ2xlLmNvbSUyRm1hcHMlMkZlbWJlZCUzRnBiJTNEJTIxMW0xOCUyMTFtMTIlMjExbTMlMjExZDMwMjUuNTc4NjExMjQ3NTM4JTIxMmQtNi42ODc3NjIyMjQxMDM3ODYlMjEzZDM5LjQyOTYyOTE3MTYxNTE0JTIxMm0zJTIxMWYwJTIxMmYwJTIxM2YwJTIxM20yJTIxMWkxMDI0JTIxMmk3NjglMjE0ZjEzLjElMjEzbTMlMjExbTIlMjExczB4ZDE2NmI2ZDRkNTI1NjY5JTI1M0EweGFlOWM0OTEzMTExN2Y2MzYlMjEyc09lc3RlJTI1MjBJTkdFTklFUklBJTIxNWUxJTIxM20yJTIxMXNlcyUyMTJzZXMlMjE0djE3NzE4NDIxODMwNTUlMjE1bTIlMjExc2VzJTIxMnNlcyUyMiUyMHdpZHRoJTNEJTIyNjAwJTIyJTIwaGVpZ2h0JTNEJTIyNDUwJTIyJTIwc3R5bGUlM0QlMjJib3JkZXIlM0EwJTNCJTIyJTIwYWxsb3dmdWxsc2NyZWVuJTNEJTIyJTIyJTIwbG9hZGluZyUzRCUyMmxhenklMjIlMjByZWZlcnJlcnBvbGljeSUzRCUyMm5vLXJlZmVycmVyLXdoZW4tZG93bmdyYWRlJTIyJTNFJTNDJTJGaWZyYW1lJTNF\u00bb size=\u00bb540&#8243;][\/vc_column][\/vc_row][vc_row layout=\u00bbboxed\u00bb parallax_style=\u00bbnone\u00bb parallax_scroll_effect=\u00bbfixed\u00bb el_class=\u00bbmargin-bottom-100&#8243;][vc_column][vc_row_inner parallax_style=\u00bbnone\u00bb video_link=\u00bb\u00bb parallax_scroll_effect=\u00bbfixed\u00bb][vc_column_inner el_class=\u00bbcol-md-8 col-md-push-2&#8243;][\/vc_column_inner][\/vc_row_inner][\/vc_column][\/vc_row]\" \/>\n<meta property=\"og:url\" content=\"https:\/\/oesteingenieria.com\/es\/contacto\/\" \/>\n<meta property=\"og:site_name\" content=\"Oeste Ingenier\u00eda\" \/>\n<meta property=\"article:modified_time\" content=\"2026-02-23T10:24:54+00:00\" \/>\n<meta name=\"twitter:card\" content=\"summary_large_image\" \/>\n<meta name=\"twitter:site\" content=\"@OesteIngenieria\" \/>\n<meta name=\"twitter:label1\" content=\"Tiempo de lectura\" \/>\n\t<meta name=\"twitter:data1\" content=\"1 minuto\" \/>\n<script type=\"application\/ld+json\" class=\"yoast-schema-graph\">{\"@context\":\"https:\/\/schema.org\",\"@graph\":[{\"@type\":\"Organization\",\"@id\":\"https:\/\/oesteingenieria.com\/es\/#organization\",\"name\":\"Oeste Ingenier\\u00eda\",\"url\":\"https:\/\/oesteingenieria.com\/es\/\",\"sameAs\":[\"https:\/\/twitter.com\/OesteIngenieria\"],\"logo\":{\"@type\":\"ImageObject\",\"@id\":\"https:\/\/oesteingenieria.com\/es\/#logo\",\"inLanguage\":\"es\",\"url\":\"https:\/\/oesteingenieria.com\/es\/wp-content\/uploads\/2020\/04\/logo_xhdpi.png\",\"contentUrl\":\"https:\/\/oesteingenieria.com\/es\/wp-content\/uploads\/2020\/04\/logo_xhdpi.png\",\"width\":520,\"height\":340,\"caption\":\"Oeste Ingenier\\u00eda\"},\"image\":{\"@id\":\"https:\/\/oesteingenieria.com\/es\/#logo\"}},{\"@type\":\"WebSite\",\"@id\":\"https:\/\/oesteingenieria.com\/es\/#website\",\"url\":\"https:\/\/oesteingenieria.com\/es\/\",\"name\":\"Oeste Ingenier\\u00eda - Proyectos forestales, rurales y medioambientales\",\"description\":\"Ingenier\\u00eda forestal, civil y medioambiental. Proyectos con energ\\u00eda.\",\"publisher\":{\"@id\":\"https:\/\/oesteingenieria.com\/es\/#organization\"},\"potentialAction\":[{\"@type\":\"SearchAction\",\"target\":{\"@type\":\"EntryPoint\",\"urlTemplate\":\"https:\/\/oesteingenieria.com\/es\/?s={search_term_string}\"},\"query-input\":\"required name=search_term_string\"}],\"inLanguage\":\"es\"},{\"@type\":\"WebPage\",\"@id\":\"https:\/\/oesteingenieria.com\/es\/contacto\/#webpage\",\"url\":\"https:\/\/oesteingenieria.com\/es\/contacto\/\",\"name\":\"Contacto - Oeste Ingenier\\u00eda\",\"isPartOf\":{\"@id\":\"https:\/\/oesteingenieria.com\/es\/#website\"},\"datePublished\":\"2015-07-18T09:24:53+00:00\",\"dateModified\":\"2026-02-23T10:24:54+00:00\",\"breadcrumb\":{\"@id\":\"https:\/\/oesteingenieria.com\/es\/contacto\/#breadcrumb\"},\"inLanguage\":\"es\",\"potentialAction\":[{\"@type\":\"ReadAction\",\"target\":[\"https:\/\/oesteingenieria.com\/es\/contacto\/\"]}]},{\"@type\":\"BreadcrumbList\",\"@id\":\"https:\/\/oesteingenieria.com\/es\/contacto\/#breadcrumb\",\"itemListElement\":[{\"@type\":\"ListItem\",\"position\":1,\"name\":\"Contacto\"}]}]}<\/script>\n<!-- \/ Yoast SEO plugin. -->","yoast_head_json":{"title":"Contacto - Oeste Ingenier\u00eda","robots":{"index":"index","follow":"follow","max-snippet":"max-snippet:-1","max-image-preview":"max-image-preview:large","max-video-preview":"max-video-preview:-1"},"canonical":"https:\/\/oesteingenieria.com\/es\/contacto\/","og_locale":"es_ES","og_type":"article","og_title":"Contacto - Oeste Ingenier\u00eda","og_description":"[vc_row layout=\u00bbboxed\u00bb parallax_style=\u00bbnone\u00bb parallax_scroll_effect=\u00bbfixed\u00bb el_class=\u00bbmargin-bottom-90&#8243;][vc_column width=\u00bb1\/3&#8243; el_class=\u00bbcol-md-4 col-sm-12&#8243;][\/vc_column][vc_column width=\u00bb1\/3&#8243; el_class=\u00bbcol-md-4 col-sm-12&#8243;][\/vc_column][vc_column width=\u00bb1\/3&#8243; el_class=\u00bbcol-md-4 col-sm-12&#8243;][\/vc_column][\/vc_row][vc_row parallax_style=\u00bbnone\u00bb parallax_scroll_effect=\u00bbfixed\u00bb el_class=\u00bbmargin-bottom-100&#8243;][vc_column][vc_gmaps link=\u00bb#E-8_JTNDaWZyYW1lJTIwc3JjJTNEJTIyaHR0cHMlM0ElMkYlMkZ3d3cuZ29vZ2xlLmNvbSUyRm1hcHMlMkZlbWJlZCUzRnBiJTNEJTIxMW0xOCUyMTFtMTIlMjExbTMlMjExZDMwMjUuNTc4NjExMjQ3NTM4JTIxMmQtNi42ODc3NjIyMjQxMDM3ODYlMjEzZDM5LjQyOTYyOTE3MTYxNTE0JTIxMm0zJTIxMWYwJTIxMmYwJTIxM2YwJTIxM20yJTIxMWkxMDI0JTIxMmk3NjglMjE0ZjEzLjElMjEzbTMlMjExbTIlMjExczB4ZDE2NmI2ZDRkNTI1NjY5JTI1M0EweGFlOWM0OTEzMTExN2Y2MzYlMjEyc09lc3RlJTI1MjBJTkdFTklFUklBJTIxNWUxJTIxM20yJTIxMXNlcyUyMTJzZXMlMjE0djE3NzE4NDIxODMwNTUlMjE1bTIlMjExc2VzJTIxMnNlcyUyMiUyMHdpZHRoJTNEJTIyNjAwJTIyJTIwaGVpZ2h0JTNEJTIyNDUwJTIyJTIwc3R5bGUlM0QlMjJib3JkZXIlM0EwJTNCJTIyJTIwYWxsb3dmdWxsc2NyZWVuJTNEJTIyJTIyJTIwbG9hZGluZyUzRCUyMmxhenklMjIlMjByZWZlcnJlcnBvbGljeSUzRCUyMm5vLXJlZmVycmVyLXdoZW4tZG93bmdyYWRlJTIyJTNFJTNDJTJGaWZyYW1lJTNF\u00bb size=\u00bb540&#8243;][\/vc_column][\/vc_row][vc_row layout=\u00bbboxed\u00bb parallax_style=\u00bbnone\u00bb parallax_scroll_effect=\u00bbfixed\u00bb el_class=\u00bbmargin-bottom-100&#8243;][vc_column][vc_row_inner parallax_style=\u00bbnone\u00bb video_link=\u00bb\u00bb parallax_scroll_effect=\u00bbfixed\u00bb][vc_column_inner el_class=\u00bbcol-md-8 col-md-push-2&#8243;][\/vc_column_inner][\/vc_row_inner][\/vc_column][\/vc_row]","og_url":"https:\/\/oesteingenieria.com\/es\/contacto\/","og_site_name":"Oeste Ingenier\u00eda","article_modified_time":"2026-02-23T10:24:54+00:00","twitter_card":"summary_large_image","twitter_site":"@OesteIngenieria","twitter_misc":{"Tiempo de lectura":"1 minuto"},"schema":{"@context":"https:\/\/schema.org","@graph":[{"@type":"Organization","@id":"https:\/\/oesteingenieria.com\/es\/#organization","name":"Oeste Ingenier\u00eda","url":"https:\/\/oesteingenieria.com\/es\/","sameAs":["https:\/\/twitter.com\/OesteIngenieria"],"logo":{"@type":"ImageObject","@id":"https:\/\/oesteingenieria.com\/es\/#logo","inLanguage":"es","url":"https:\/\/oesteingenieria.com\/es\/wp-content\/uploads\/2020\/04\/logo_xhdpi.png","contentUrl":"https:\/\/oesteingenieria.com\/es\/wp-content\/uploads\/2020\/04\/logo_xhdpi.png","width":520,"height":340,"caption":"Oeste Ingenier\u00eda"},"image":{"@id":"https:\/\/oesteingenieria.com\/es\/#logo"}},{"@type":"WebSite","@id":"https:\/\/oesteingenieria.com\/es\/#website","url":"https:\/\/oesteingenieria.com\/es\/","name":"Oeste Ingenier\u00eda - Proyectos forestales, rurales y medioambientales","description":"Ingenier\u00eda forestal, civil y medioambiental. Proyectos con energ\u00eda.","publisher":{"@id":"https:\/\/oesteingenieria.com\/es\/#organization"},"potentialAction":[{"@type":"SearchAction","target":{"@type":"EntryPoint","urlTemplate":"https:\/\/oesteingenieria.com\/es\/?s={search_term_string}"},"query-input":"required name=search_term_string"}],"inLanguage":"es"},{"@type":"WebPage","@id":"https:\/\/oesteingenieria.com\/es\/contacto\/#webpage","url":"https:\/\/oesteingenieria.com\/es\/contacto\/","name":"Contacto - Oeste Ingenier\u00eda","isPartOf":{"@id":"https:\/\/oesteingenieria.com\/es\/#website"},"datePublished":"2015-07-18T09:24:53+00:00","dateModified":"2026-02-23T10:24:54+00:00","breadcrumb":{"@id":"https:\/\/oesteingenieria.com\/es\/contacto\/#breadcrumb"},"inLanguage":"es","potentialAction":[{"@type":"ReadAction","target":["https:\/\/oesteingenieria.com\/es\/contacto\/"]}]},{"@type":"BreadcrumbList","@id":"https:\/\/oesteingenieria.com\/es\/contacto\/#breadcrumb","itemListElement":[{"@type":"ListItem","position":1,"name":"Contacto"}]}]}},"_links":{"self":[{"href":"https:\/\/oesteingenieria.com\/es\/wp-json\/wp\/v2\/pages\/117"}],"collection":[{"href":"https:\/\/oesteingenieria.com\/es\/wp-json\/wp\/v2\/pages"}],"about":[{"href":"https:\/\/oesteingenieria.com\/es\/wp-json\/wp\/v2\/types\/page"}],"author":[{"embeddable":true,"href":"https:\/\/oesteingenieria.com\/es\/wp-json\/wp\/v2\/users\/1"}],"replies":[{"embeddable":true,"href":"https:\/\/oesteingenieria.com\/es\/wp-json\/wp\/v2\/comments?post=117"}],"version-history":[{"count":7,"href":"https:\/\/oesteingenieria.com\/es\/wp-json\/wp\/v2\/pages\/117\/revisions"}],"predecessor-version":[{"id":1356,"href":"https:\/\/oesteingenieria.com\/es\/wp-json\/wp\/v2\/pages\/117\/revisions\/1356"}],"wp:attachment":[{"href":"https:\/\/oesteingenieria.com\/es\/wp-json\/wp\/v2\/media?parent=117"}],"curies":[{"name":"wp","href":"https:\/\/api.w.org\/{rel}","templated":true}]}}