{"id":115,"date":"2015-07-18T09:24:26","date_gmt":"2015-07-18T09:24:26","guid":{"rendered":"http:\/\/oesteingenieria.com\/?page_id=115"},"modified":"2020-07-02T08:36:44","modified_gmt":"2020-07-02T08:36:44","slug":"about-us","status":"publish","type":"page","link":"https:\/\/oesteingenieria.com\/es\/about-us\/","title":{"rendered":"La empresa"},"content":{"rendered":"<p>[vc_row layout=\u00bbboxed\u00bb parallax_style=\u00bbnone\u00bb parallax_scroll_effect=\u00bbfixed\u00bb el_class=\u00bbmargin-bottom-100&#8243;][vc_column width=\u00bb1\/2&#8243; el_class=\u00bbcol-md-6 col-sm-12&#8243;][vc_row_inner parallax_style=\u00bbnone\u00bb parallax_scroll_effect=\u00bbfixed\u00bb el_class=\u00bbdarna-single-image-style\u00bb][vc_column_inner width=\u00bb1\/2&#8243;][vc_single_image image=\u00bb974&#8243; img_size=\u00bbfull\u00bb alignment=\u00bbcenter\u00bb el_class=\u00bbdarna-single-image-style xs-margin-bottom-15&#8243;][\/vc_column_inner][vc_column_inner width=\u00bb1\/2&#8243;][vc_single_image image=\u00bb976&#8243; img_size=\u00bbfull\u00bb alignment=\u00bbcenter\u00bb css=\u00bb.vc_custom_1587322016858{margin-bottom: 18px !important;}\u00bb el_class=\u00bbdarna-single-image-style\u00bb][vc_single_image image=\u00bb147&#8243; img_size=\u00bbfull\u00bb alignment=\u00bbcenter\u00bb el_class=\u00bbdarna-single-image-style xs-margin-bottom-15&#8243;][\/vc_column_inner][\/vc_row_inner][\/vc_column][vc_column width=\u00bb1\/2&#8243; el_class=\u00bbcol-md-6 col-sm-12&#8243;]\t\t\t<div\n\t\t\t\tclass=\"darna-icon-box style3 \" >\n\t\t\t\t<a class=\"ibox-icon\" title=\"\"\n\t\t\t\t   target=\"_self\" href=\"#\">\n\t\t\t\t\t\t\t\t\t\t\t<i class=\"flaticon-toolbox3\"><\/i>\n\t\t\t\t\t\t\t\t\t<\/a>\n\t\t\t\t\t\t\t\t\t<h3><a title=\"\" target=\"_self\"\n\t\t\t\t\t       href=\"#\">Oeste Ingenier\u00eda<\/a><\/h3>\n\t\t\t\t\t\t\t\t\t<p>Somos una empresa extreme\u00f1a afincada en C\u00e1ceres, desde donde damos un servicio global a todo el territorio.<br \/>\nRealizamos una gran variedad de servicios colocando a la ingenier\u00eda al servicio del medio ambiente y las energ\u00edas renovables.<br \/>\nAcometemos todo tipo de proyectos relacionados con:<\/p>\n\t\t\t\t\t\t\t<\/div>\n\t\t\t[vc_row_inner parallax_style=\u00bbnone\u00bb parallax_scroll_effect=\u00bbfixed\u00bb el_class=\u00bbdarna-list-style\u00bb css=\u00bb.vc_custom_1437814928621{margin-top: 9px !important;margin-bottom: 38px !important;}\u00bb][vc_column_inner width=\u00bb1\/2&#8243;][vc_column_text]<\/p>\n<ul>\n<li>Consultor\u00eda e Ingenier\u00eda para obra civil<\/li>\n<li>Consultor\u00eda del medio ambiente<\/li>\n<li>Huella de Carbono<\/li>\n<\/ul>\n<p>[\/vc_column_text][\/vc_column_inner][vc_column_inner width=\u00bb1\/2&#8243;][vc_column_text]<\/p>\n<ul>\n<li>Energ\u00edas renovables<\/li>\n<li>Tecnolog\u00edas de la informaci\u00f3n y comunicaci\u00f3n.<\/li>\n<li>Paisajismo y Muros verdes.<\/li>\n<\/ul>\n<p>[\/vc_column_text][\/vc_column_inner][\/vc_row_inner][\/vc_column][\/vc_row][vc_row parallax_style=\u00bbnone\u00bb parallax_scroll_effect=\u00bbfixed\u00bb css=\u00bb.vc_custom_1593679002314{margin-bottom: 60px !important;background-image: url(http:\/\/oesteingenieria.com\/wp-content\/uploads\/2020\/04\/testimonios.jpg?id=1034) !important;background-position: center !important;background-repeat: no-repeat !important;background-size: cover !important;}\u00bb][vc_column][vc_row_inner layout=\u00bbboxed\u00bb parallax_style=\u00bbnone\u00bb parallax_scroll_effect=\u00bbfixed\u00bb][vc_column_inner el_class=\u00bbcol-md-3 col-sm-6 col-xs-12&#8243; width=\u00bb1\/3&#8243;]\t\t\t<div class=\"darna-counter \">\n\t\t\t\t\t\t\t\t\t<span class=\"display-percentage\" style=\"color: \"\n\t\t\t\t\t\t  data-percentage=\"56\">56<\/span>\n\t\t\t\t\t\t\t\t\t\t\t<p class=\"counter-title\" style=\"color: \">PROYECTOS COMPLETADOS<\/p>\n\t\t\t\t\t\t\t\t<\/div>\n\t\t\t[\/vc_column_inner][vc_column_inner width=\u00bb1\/3&#8243;]\t\t\t<div class=\"darna-counter \">\n\t\t\t\t\t\t\t\t\t<span class=\"display-percentage\" style=\"color: \"\n\t\t\t\t\t\t  data-percentage=\"26\">26<\/span>\n\t\t\t\t\t\t\t\t\t\t\t<p class=\"counter-title\" style=\"color: \">TRABAJADORES CONTRATADOS<\/p>\n\t\t\t\t\t\t\t\t<\/div>\n\t\t\t[\/vc_column_inner][vc_column_inner width=\u00bb1\/3&#8243;]\t\t\t<div class=\"darna-counter \">\n\t\t\t\t\t\t\t\t\t<span class=\"display-percentage\" style=\"color: \"\n\t\t\t\t\t\t  data-percentage=\"58\">58<\/span>\n\t\t\t\t\t\t\t\t\t\t\t<p class=\"counter-title\" style=\"color: \">CLIENTES CONTENTOS<\/p>\n\t\t\t\t\t\t\t\t<\/div>\n\t\t\t[\/vc_column_inner][\/vc_row_inner][\/vc_column][\/vc_row][vc_row layout=\u00bbboxed\u00bb parallax_style=\u00bbnone\u00bb parallax_scroll_effect=\u00bbfixed\u00bb el_class=\u00bbmargin-bottom-100&#8243;][vc_column]\t\t\t<div\n\t\t\t\tclass=\"darna-heading style1 margin-bottom-40\" >\n\t\t\t\t\t\t\t\t\t<h2>NUESTRO EQUIPO<\/h2>\n\t\t\t\t\t\t\t\t\t\t\t\t\t<p>FORMADO POR PROFESIONALES ALTAMENTE CUALIFICADOS<\/p>\n\t\t\t\t\t\t\t<\/div>\n\t\t\t\t\t\t\t<div\n\t\t\t\t\tclass=\"darna-ourteam style1 \" >\n\t\t\t\t\t\t\t\t\t\t\t<div class=\"darna-ourteam-slider\">\n\t\t\t\t\t\t\t<div\n\t\t\t\t\t\t\t\tdata-plugin-options='{\"items\" : 4,\"pagination\":false,\"navigation\":true, \"autoPlay\": true }'\n\t\t\t\t\t\t\t\tclass=\"owl-carousel\">\n\t\t\t\t\t\t\t\t\t\t\t\t\t\t\t\t\t<div class=\"ourteam-item\">\n\t\t\t\t\t\t\t\t\t\t<div class=\"ourteam-avatar\">\n\t\t\t\t\t\t\t\t\t\t\t<img src=\"https:\/\/oesteingenieria.com\/es\/wp-content\/uploads\/2015\/07\/admin_oficina-270x266.jpg\"\n\t\t\t\t\t\t\t\t\t\t\t\t alt=\"OFICINA T\u00c9CNICA\"\/>\n\t\t\t\t\t\t\t\t\t\t\t<ul class=\"ourteam-social\">\n\t\t\t\t\t\t\t\t\t\t\t\t\t\t\t\t\t\t\t\t\t\t\t<\/ul>\n\t\t\t\t\t\t\t\t\t\t<\/div>\n\t\t\t\t\t\t\t\t\t\t<div class=\"ourteam-info\">\n\t\t\t\t\t\t\t\t\t\t\t\t\t\t\t\t\t\t\t\t\t\t\t<p>OFICINA T\u00c9CNICA<\/p>\n\t\t\t\t\t\t\t\t\t\t\t\t\t\t\t\t\t\t\t\t\t\t<span>Nuestro personal de oficina gestiona la documentaci\u00f3n y coordina todos los trabajos para que ajusten como un reloj<\/span>\n\t\t\t\t\t\t\t\t\t\t<\/div>\n\t\t\t\t\t\t\t\t\t<\/div>\n\t\t\t\t\t\t\t\t\t\t\t\t\t\t\t\t\t<div class=\"ourteam-item\">\n\t\t\t\t\t\t\t\t\t\t<div class=\"ourteam-avatar\">\n\t\t\t\t\t\t\t\t\t\t\t<img src=\"https:\/\/oesteingenieria.com\/es\/wp-content\/uploads\/2015\/07\/ourteam-2-270x266.jpg\"\n\t\t\t\t\t\t\t\t\t\t\t\t alt=\"OPERADORES\"\/>\n\t\t\t\t\t\t\t\t\t\t\t<ul class=\"ourteam-social\">\n\t\t\t\t\t\t\t\t\t\t\t\t\t\t\t\t\t\t\t\t\t\t\t<\/ul>\n\t\t\t\t\t\t\t\t\t\t<\/div>\n\t\t\t\t\t\t\t\t\t\t<div class=\"ourteam-info\">\n\t\t\t\t\t\t\t\t\t\t\t\t\t\t\t\t\t\t\t\t\t\t\t<p>OPERADORES<\/p>\n\t\t\t\t\t\t\t\t\t\t\t\t\t\t\t\t\t\t\t\t\t\t<span>Nuestros trabajadores de campo cuentan con la gran cualificaci\u00f3n y experiencia<\/span>\n\t\t\t\t\t\t\t\t\t\t<\/div>\n\t\t\t\t\t\t\t\t\t<\/div>\n\t\t\t\t\t\t\t\t\t\t\t\t\t\t\t\t\t<div class=\"ourteam-item\">\n\t\t\t\t\t\t\t\t\t\t<div class=\"ourteam-avatar\">\n\t\t\t\t\t\t\t\t\t\t\t<img src=\"https:\/\/oesteingenieria.com\/es\/wp-content\/uploads\/2015\/07\/ing_forestal-270x266.jpg\"\n\t\t\t\t\t\t\t\t\t\t\t\t alt=\"DIRECTORES DE OBRA\"\/>\n\t\t\t\t\t\t\t\t\t\t\t<ul class=\"ourteam-social\">\n\t\t\t\t\t\t\t\t\t\t\t\t\t\t\t\t\t\t\t\t\t\t\t<\/ul>\n\t\t\t\t\t\t\t\t\t\t<\/div>\n\t\t\t\t\t\t\t\t\t\t<div class=\"ourteam-info\">\n\t\t\t\t\t\t\t\t\t\t\t\t\t\t\t\t\t\t\t\t\t\t\t<p>DIRECTORES DE OBRA<\/p>\n\t\t\t\t\t\t\t\t\t\t\t\t\t\t\t\t\t\t\t\t\t\t<span>Contamos con la mejor direcci\u00f3n para nuestras obras<\/span>\n\t\t\t\t\t\t\t\t\t\t<\/div>\n\t\t\t\t\t\t\t\t\t<\/div>\n\t\t\t\t\t\t\t\t\t\t\t\t\t\t\t\t\t<div class=\"ourteam-item\">\n\t\t\t\t\t\t\t\t\t\t<div class=\"ourteam-avatar\">\n\t\t\t\t\t\t\t\t\t\t\t<img src=\"https:\/\/oesteingenieria.com\/es\/wp-content\/uploads\/2015\/07\/ing_industrial-270x266.jpg\"\n\t\t\t\t\t\t\t\t\t\t\t\t alt=\"INGENIER\u00cdA INDUSTRIAL\"\/>\n\t\t\t\t\t\t\t\t\t\t\t<ul class=\"ourteam-social\">\n\t\t\t\t\t\t\t\t\t\t\t\t\t\t\t\t\t\t\t\t\t\t\t<\/ul>\n\t\t\t\t\t\t\t\t\t\t<\/div>\n\t\t\t\t\t\t\t\t\t\t<div class=\"ourteam-info\">\n\t\t\t\t\t\t\t\t\t\t\t\t\t\t\t\t\t\t\t\t\t\t\t<p>INGENIER\u00cdA INDUSTRIAL<\/p>\n\t\t\t\t\t\t\t\t\t\t\t\t\t\t\t\t\t\t\t\t\t\t<span>Realizan estudios y dise\u00f1os con los m\u00e1s altos niveles de calidad<\/span>\n\t\t\t\t\t\t\t\t\t\t<\/div>\n\t\t\t\t\t\t\t\t\t<\/div>\n\t\t\t\t\t\t\t\t\t\t\t\t\t\t\t<\/div>\n\t\t\t\t\t\t<\/div>\n\t\t\t\t\t\t\t\t\t<\/div>\n\t\t\t[\/vc_column][\/vc_row]<\/p>\n","protected":false},"excerpt":{"rendered":"<p>[vc_row layout=\u00bbboxed\u00bb parallax_style=\u00bbnone\u00bb parallax_scroll_effect=\u00bbfixed\u00bb el_class=\u00bbmargin-bottom-100&#8243;][vc_column width=\u00bb1\/2&#8243; el_class=\u00bbcol-md-6 col-sm-12&#8243;][vc_row_inner parallax_style=\u00bbnone\u00bb parallax_scroll_effect=\u00bbfixed\u00bb el_class=\u00bbdarna-single-image-style\u00bb][vc_column_inner width=\u00bb1\/2&#8243;][vc_single_image image=\u00bb974&#8243; img_size=\u00bbfull\u00bb alignment=\u00bbcenter\u00bb el_class=\u00bbdarna-single-image-style xs-margin-bottom-15&#8243;][\/vc_column_inner][vc_column_inner width=\u00bb1\/2&#8243;][vc_single_image image=\u00bb976&#8243; img_size=\u00bbfull\u00bb alignment=\u00bbcenter\u00bb css=\u00bb.vc_custom_1587322016858{margin-bottom: 18px !important;}\u00bb el_class=\u00bbdarna-single-image-style\u00bb][vc_single_image image=\u00bb147&#8243; img_size=\u00bbfull\u00bb alignment=\u00bbcenter\u00bb el_class=\u00bbdarna-single-image-style xs-margin-bottom-15&#8243;][\/vc_column_inner][\/vc_row_inner][\/vc_column][vc_column width=\u00bb1\/2&#8243; el_class=\u00bbcol-md-6 col-sm-12&#8243;][vc_row_inner parallax_style=\u00bbnone\u00bb parallax_scroll_effect=\u00bbfixed\u00bb el_class=\u00bbdarna-list-style\u00bb css=\u00bb.vc_custom_1437814928621{margin-top: 9px !important;margin-bottom: 38px !important;}\u00bb][vc_column_inner width=\u00bb1\/2&#8243;][vc_column_text] Consultor\u00eda e Ingenier\u00eda para obra civil Consultor\u00eda del medio ambiente Huella de Carbono [&hellip;]<\/p>\n","protected":false},"author":1,"featured_media":0,"parent":0,"menu_order":0,"comment_status":"closed","ping_status":"closed","template":"","meta":[],"yoast_head":"<!-- This site is optimized with the Yoast SEO plugin v17.3 - https:\/\/yoast.com\/wordpress\/plugins\/seo\/ -->\n<title>La empresa - Oeste Ingenier\u00eda<\/title>\n<meta name=\"robots\" content=\"index, follow, max-snippet:-1, max-image-preview:large, max-video-preview:-1\" \/>\n<link rel=\"canonical\" href=\"https:\/\/oesteingenieria.com\/es\/about-us\/\" \/>\n<meta property=\"og:locale\" content=\"es_ES\" \/>\n<meta property=\"og:type\" content=\"article\" \/>\n<meta property=\"og:title\" content=\"La empresa - Oeste Ingenier\u00eda\" \/>\n<meta property=\"og:description\" content=\"[vc_row layout=\u00bbboxed\u00bb parallax_style=\u00bbnone\u00bb parallax_scroll_effect=\u00bbfixed\u00bb el_class=\u00bbmargin-bottom-100&#8243;][vc_column width=\u00bb1\/2&#8243; el_class=\u00bbcol-md-6 col-sm-12&#8243;][vc_row_inner parallax_style=\u00bbnone\u00bb parallax_scroll_effect=\u00bbfixed\u00bb el_class=\u00bbdarna-single-image-style\u00bb][vc_column_inner width=\u00bb1\/2&#8243;][vc_single_image image=\u00bb974&#8243; img_size=\u00bbfull\u00bb alignment=\u00bbcenter\u00bb el_class=\u00bbdarna-single-image-style xs-margin-bottom-15&#8243;][\/vc_column_inner][vc_column_inner width=\u00bb1\/2&#8243;][vc_single_image image=\u00bb976&#8243; img_size=\u00bbfull\u00bb alignment=\u00bbcenter\u00bb css=\u00bb.vc_custom_1587322016858{margin-bottom: 18px !important;}\u00bb el_class=\u00bbdarna-single-image-style\u00bb][vc_single_image image=\u00bb147&#8243; img_size=\u00bbfull\u00bb alignment=\u00bbcenter\u00bb el_class=\u00bbdarna-single-image-style xs-margin-bottom-15&#8243;][\/vc_column_inner][\/vc_row_inner][\/vc_column][vc_column width=\u00bb1\/2&#8243; el_class=\u00bbcol-md-6 col-sm-12&#8243;][vc_row_inner parallax_style=\u00bbnone\u00bb parallax_scroll_effect=\u00bbfixed\u00bb el_class=\u00bbdarna-list-style\u00bb css=\u00bb.vc_custom_1437814928621{margin-top: 9px !important;margin-bottom: 38px !important;}\u00bb][vc_column_inner width=\u00bb1\/2&#8243;][vc_column_text] Consultor\u00eda e Ingenier\u00eda para obra civil Consultor\u00eda del medio ambiente Huella de Carbono [&hellip;]\" \/>\n<meta property=\"og:url\" content=\"https:\/\/oesteingenieria.com\/es\/about-us\/\" \/>\n<meta property=\"og:site_name\" content=\"Oeste Ingenier\u00eda\" \/>\n<meta property=\"article:modified_time\" content=\"2020-07-02T08:36:44+00:00\" \/>\n<meta name=\"twitter:card\" content=\"summary_large_image\" \/>\n<meta name=\"twitter:site\" content=\"@OesteIngenieria\" \/>\n<meta name=\"twitter:label1\" content=\"Tiempo de lectura\" \/>\n\t<meta name=\"twitter:data1\" content=\"2 minutos\" \/>\n<script type=\"application\/ld+json\" class=\"yoast-schema-graph\">{\"@context\":\"https:\/\/schema.org\",\"@graph\":[{\"@type\":\"Organization\",\"@id\":\"https:\/\/oesteingenieria.com\/es\/#organization\",\"name\":\"Oeste Ingenier\\u00eda\",\"url\":\"https:\/\/oesteingenieria.com\/es\/\",\"sameAs\":[\"https:\/\/twitter.com\/OesteIngenieria\"],\"logo\":{\"@type\":\"ImageObject\",\"@id\":\"https:\/\/oesteingenieria.com\/es\/#logo\",\"inLanguage\":\"es\",\"url\":\"https:\/\/oesteingenieria.com\/es\/wp-content\/uploads\/2020\/04\/logo_xhdpi.png\",\"contentUrl\":\"https:\/\/oesteingenieria.com\/es\/wp-content\/uploads\/2020\/04\/logo_xhdpi.png\",\"width\":520,\"height\":340,\"caption\":\"Oeste Ingenier\\u00eda\"},\"image\":{\"@id\":\"https:\/\/oesteingenieria.com\/es\/#logo\"}},{\"@type\":\"WebSite\",\"@id\":\"https:\/\/oesteingenieria.com\/es\/#website\",\"url\":\"https:\/\/oesteingenieria.com\/es\/\",\"name\":\"Oeste Ingenier\\u00eda - Proyectos forestales, rurales y medioambientales\",\"description\":\"Ingenier\\u00eda forestal, civil y medioambiental. Proyectos con energ\\u00eda.\",\"publisher\":{\"@id\":\"https:\/\/oesteingenieria.com\/es\/#organization\"},\"potentialAction\":[{\"@type\":\"SearchAction\",\"target\":{\"@type\":\"EntryPoint\",\"urlTemplate\":\"https:\/\/oesteingenieria.com\/es\/?s={search_term_string}\"},\"query-input\":\"required name=search_term_string\"}],\"inLanguage\":\"es\"},{\"@type\":\"WebPage\",\"@id\":\"https:\/\/oesteingenieria.com\/es\/about-us\/#webpage\",\"url\":\"https:\/\/oesteingenieria.com\/es\/about-us\/\",\"name\":\"La empresa - Oeste Ingenier\\u00eda\",\"isPartOf\":{\"@id\":\"https:\/\/oesteingenieria.com\/es\/#website\"},\"datePublished\":\"2015-07-18T09:24:26+00:00\",\"dateModified\":\"2020-07-02T08:36:44+00:00\",\"breadcrumb\":{\"@id\":\"https:\/\/oesteingenieria.com\/es\/about-us\/#breadcrumb\"},\"inLanguage\":\"es\",\"potentialAction\":[{\"@type\":\"ReadAction\",\"target\":[\"https:\/\/oesteingenieria.com\/es\/about-us\/\"]}]},{\"@type\":\"BreadcrumbList\",\"@id\":\"https:\/\/oesteingenieria.com\/es\/about-us\/#breadcrumb\",\"itemListElement\":[{\"@type\":\"ListItem\",\"position\":1,\"name\":\"La empresa\"}]}]}<\/script>\n<!-- \/ Yoast SEO plugin. -->","yoast_head_json":{"title":"La empresa - Oeste Ingenier\u00eda","robots":{"index":"index","follow":"follow","max-snippet":"max-snippet:-1","max-image-preview":"max-image-preview:large","max-video-preview":"max-video-preview:-1"},"canonical":"https:\/\/oesteingenieria.com\/es\/about-us\/","og_locale":"es_ES","og_type":"article","og_title":"La empresa - Oeste Ingenier\u00eda","og_description":"[vc_row layout=\u00bbboxed\u00bb parallax_style=\u00bbnone\u00bb parallax_scroll_effect=\u00bbfixed\u00bb el_class=\u00bbmargin-bottom-100&#8243;][vc_column width=\u00bb1\/2&#8243; el_class=\u00bbcol-md-6 col-sm-12&#8243;][vc_row_inner parallax_style=\u00bbnone\u00bb parallax_scroll_effect=\u00bbfixed\u00bb el_class=\u00bbdarna-single-image-style\u00bb][vc_column_inner width=\u00bb1\/2&#8243;][vc_single_image image=\u00bb974&#8243; img_size=\u00bbfull\u00bb alignment=\u00bbcenter\u00bb el_class=\u00bbdarna-single-image-style xs-margin-bottom-15&#8243;][\/vc_column_inner][vc_column_inner width=\u00bb1\/2&#8243;][vc_single_image image=\u00bb976&#8243; img_size=\u00bbfull\u00bb alignment=\u00bbcenter\u00bb css=\u00bb.vc_custom_1587322016858{margin-bottom: 18px !important;}\u00bb el_class=\u00bbdarna-single-image-style\u00bb][vc_single_image image=\u00bb147&#8243; img_size=\u00bbfull\u00bb alignment=\u00bbcenter\u00bb el_class=\u00bbdarna-single-image-style xs-margin-bottom-15&#8243;][\/vc_column_inner][\/vc_row_inner][\/vc_column][vc_column width=\u00bb1\/2&#8243; el_class=\u00bbcol-md-6 col-sm-12&#8243;][vc_row_inner parallax_style=\u00bbnone\u00bb parallax_scroll_effect=\u00bbfixed\u00bb el_class=\u00bbdarna-list-style\u00bb css=\u00bb.vc_custom_1437814928621{margin-top: 9px !important;margin-bottom: 38px !important;}\u00bb][vc_column_inner width=\u00bb1\/2&#8243;][vc_column_text] Consultor\u00eda e Ingenier\u00eda para obra civil Consultor\u00eda del medio ambiente Huella de Carbono [&hellip;]","og_url":"https:\/\/oesteingenieria.com\/es\/about-us\/","og_site_name":"Oeste Ingenier\u00eda","article_modified_time":"2020-07-02T08:36:44+00:00","twitter_card":"summary_large_image","twitter_site":"@OesteIngenieria","twitter_misc":{"Tiempo de lectura":"2 minutos"},"schema":{"@context":"https:\/\/schema.org","@graph":[{"@type":"Organization","@id":"https:\/\/oesteingenieria.com\/es\/#organization","name":"Oeste Ingenier\u00eda","url":"https:\/\/oesteingenieria.com\/es\/","sameAs":["https:\/\/twitter.com\/OesteIngenieria"],"logo":{"@type":"ImageObject","@id":"https:\/\/oesteingenieria.com\/es\/#logo","inLanguage":"es","url":"https:\/\/oesteingenieria.com\/es\/wp-content\/uploads\/2020\/04\/logo_xhdpi.png","contentUrl":"https:\/\/oesteingenieria.com\/es\/wp-content\/uploads\/2020\/04\/logo_xhdpi.png","width":520,"height":340,"caption":"Oeste Ingenier\u00eda"},"image":{"@id":"https:\/\/oesteingenieria.com\/es\/#logo"}},{"@type":"WebSite","@id":"https:\/\/oesteingenieria.com\/es\/#website","url":"https:\/\/oesteingenieria.com\/es\/","name":"Oeste Ingenier\u00eda - Proyectos forestales, rurales y medioambientales","description":"Ingenier\u00eda forestal, civil y medioambiental. Proyectos con energ\u00eda.","publisher":{"@id":"https:\/\/oesteingenieria.com\/es\/#organization"},"potentialAction":[{"@type":"SearchAction","target":{"@type":"EntryPoint","urlTemplate":"https:\/\/oesteingenieria.com\/es\/?s={search_term_string}"},"query-input":"required name=search_term_string"}],"inLanguage":"es"},{"@type":"WebPage","@id":"https:\/\/oesteingenieria.com\/es\/about-us\/#webpage","url":"https:\/\/oesteingenieria.com\/es\/about-us\/","name":"La empresa - Oeste Ingenier\u00eda","isPartOf":{"@id":"https:\/\/oesteingenieria.com\/es\/#website"},"datePublished":"2015-07-18T09:24:26+00:00","dateModified":"2020-07-02T08:36:44+00:00","breadcrumb":{"@id":"https:\/\/oesteingenieria.com\/es\/about-us\/#breadcrumb"},"inLanguage":"es","potentialAction":[{"@type":"ReadAction","target":["https:\/\/oesteingenieria.com\/es\/about-us\/"]}]},{"@type":"BreadcrumbList","@id":"https:\/\/oesteingenieria.com\/es\/about-us\/#breadcrumb","itemListElement":[{"@type":"ListItem","position":1,"name":"La empresa"}]}]}},"_links":{"self":[{"href":"https:\/\/oesteingenieria.com\/es\/wp-json\/wp\/v2\/pages\/115"}],"collection":[{"href":"https:\/\/oesteingenieria.com\/es\/wp-json\/wp\/v2\/pages"}],"about":[{"href":"https:\/\/oesteingenieria.com\/es\/wp-json\/wp\/v2\/types\/page"}],"author":[{"embeddable":true,"href":"https:\/\/oesteingenieria.com\/es\/wp-json\/wp\/v2\/users\/1"}],"replies":[{"embeddable":true,"href":"https:\/\/oesteingenieria.com\/es\/wp-json\/wp\/v2\/comments?post=115"}],"version-history":[{"count":17,"href":"https:\/\/oesteingenieria.com\/es\/wp-json\/wp\/v2\/pages\/115\/revisions"}],"predecessor-version":[{"id":1062,"href":"https:\/\/oesteingenieria.com\/es\/wp-json\/wp\/v2\/pages\/115\/revisions\/1062"}],"wp:attachment":[{"href":"https:\/\/oesteingenieria.com\/es\/wp-json\/wp\/v2\/media?parent=115"}],"curies":[{"name":"wp","href":"https:\/\/api.w.org\/{rel}","templated":true}]}}